{"id":21842,"date":"2021-10-09T05:14:14","date_gmt":"2021-10-08T22:14:14","guid":{"rendered":"https:\/\/mouldking.store\/shop\/moc-48229-separatist-sheathipede-class-type-b-shuttle-star-wars-by-starwarsfan66-moc-factory\/"},"modified":"2025-12-25T09:23:50","modified_gmt":"2025-12-25T02:23:50","slug":"moc-48229-separatist-sheathipede-class-type-b-shuttle-star-wars-by-starwarsfan66-moc-factory","status":"publish","type":"product","link":"https:\/\/mouldking.store\/fr\/shop\/moc-48229-separatist-sheathipede-class-type-b-shuttle-star-wars-by-starwarsfan66-moc-factory\/","title":{"rendered":"MOC-48229 Navette S\u00e9paratiste Sheathipede de Type B Star Wars par starwarsfan66 MOC FACTORY"},"content":{"rendered":"<p style=\"text-align: left\">MOC-48229 Navette s\u00e9paratiste Sheathipede de type B Star Wars par starwarsfan66 MOC FACTORY est un ensemble de la collection Star Wars, con\u00e7u par starwarsfan66. Ce MOC 48229 est livr\u00e9 avec des instructions PDF faciles \u00e0 construire et \u00e0 trouver les pi\u00e8ces manquantes. L&#039;ensemble contient 2673 pi\u00e8ces, sorties pour la premi\u00e8re fois en 2020.<\/p>\n<figure id=\"attachment_198934\" aria-describedby=\"caption-attachment-198934\" style=\"width: 800px\" class=\"wp-caption aligncenter\"><a href=\"https:\/\/pay.lpwstore.com\/wp-content\/uploads\/2020\/12\/MOC-48229-Separatist-Sheathipede-class-Type-B-Shuttle-Star-Wars-by-starwarsfan66-MOC-FACTORY.jpg\" target=\"_blank\" rel=\"noopener\"><img fetchpriority=\"high\" decoding=\"async\" class=\"wp-image-198934 size-full\" title=\"MOC-48229 Navette S\u00e9paratiste Sheathipede de Type B Star Wars par starwarsfan66 MOC FACTORY\" src=\"https:\/\/pay.lpwstore.com\/wp-content\/uploads\/2020\/12\/MOC-48229-Separatist-Sheathipede-class-Type-B-Shuttle-Star-Wars-by-starwarsfan66-MOC-FACTORY.jpg\" alt=\"MOC-48229 Separatist Sheathipede-class Type B Shuttle Star Wars by starwarsfan66 MOC FACTORY\" width=\"800\" height=\"800\" \/><\/a><figcaption id=\"caption-attachment-198934\" class=\"wp-caption-text\">MOC-48229 Navette S\u00e9paratiste Sheathipede de Type B Star Wars par starwarsfan66 MOC FACTORY<\/figcaption><\/figure>\n<p><img decoding=\"async\" class=\"alignnone size-full wp-image-198935 aligncenter\" src=\"https:\/\/pay.lpwstore.com\/wp-content\/uploads\/2020\/12\/MOC-48229-Separatist-Sheathipede-class-Type-B-Shuttle-Star-Wars-by-starwarsfan66-MOC-FACTORY-2.jpg\" alt=\"-\" width=\"800\" height=\"800\" title=\"-\"> <img decoding=\"async\" class=\"alignnone size-full wp-image-198936 aligncenter\" src=\"https:\/\/pay.lpwstore.com\/wp-content\/uploads\/2020\/12\/MOC-48229-Separatist-Sheathipede-class-Type-B-Shuttle-Star-Wars-by-starwarsfan66-MOC-FACTORY-3.jpg\" alt=\"-\" width=\"800\" height=\"800\" title=\"-\"> <img loading=\"lazy\" decoding=\"async\" class=\"alignnone size-full wp-image-198937 aligncenter\" src=\"https:\/\/pay.lpwstore.com\/wp-content\/uploads\/2020\/12\/MOC-48229-Separatist-Sheathipede-class-Type-B-Shuttle-Star-Wars-by-starwarsfan66-MOC-FACTORY-4.jpg\" alt=\"-\" width=\"800\" height=\"800\" title=\"-\"> <img loading=\"lazy\" decoding=\"async\" class=\"alignnone size-full wp-image-198938 aligncenter\" src=\"https:\/\/pay.lpwstore.com\/wp-content\/uploads\/2020\/12\/MOC-48229-Separatist-Sheathipede-class-Type-B-Shuttle-Star-Wars-by-starwarsfan66-MOC-FACTORY-5.jpg\" alt=\"-\" width=\"800\" height=\"800\" title=\"-\"> <img loading=\"lazy\" decoding=\"async\" class=\"alignnone size-full wp-image-198939 aligncenter\" src=\"https:\/\/pay.lpwstore.com\/wp-content\/uploads\/2020\/12\/MOC-48229-Separatist-Sheathipede-class-Type-B-Shuttle-Star-Wars-by-starwarsfan66-MOC-FACTORY-6.jpg\" alt=\"-\" width=\"800\" height=\"800\" title=\"-\"><\/p>","protected":false},"excerpt":{"rendered":"<ul>\n<li>Inclure <strong>2673+<\/strong> pi\u00e8ces<\/li>\n<li>Instruction PDF en ligne<\/li>\n<li>Bloc ABS de haute qualit\u00e9<\/li>\n<\/ul>","protected":false},"author":3,"featured_media":21836,"comment_status":"open","ping_status":"closed","template":"","meta":{"_acf_changed":false},"product_cat":[415],"product_tag":[],"class_list":["product","first","instock","shipping-taxable","purchasable","product-type-simple"],"acf":[],"_links":{"self":[{"href":"https:\/\/mouldking.store\/fr\/wp-json\/wp\/v2\/product\/21842","targetHints":{"allow":["GET"]}}],"collection":[{"href":"https:\/\/mouldking.store\/fr\/wp-json\/wp\/v2\/product"}],"about":[{"href":"https:\/\/mouldking.store\/fr\/wp-json\/wp\/v2\/types\/product"}],"author":[{"embeddable":true,"href":"https:\/\/mouldking.store\/fr\/wp-json\/wp\/v2\/users\/3"}],"replies":[{"embeddable":true,"href":"https:\/\/mouldking.store\/fr\/wp-json\/wp\/v2\/comments?post=21842"}],"wp:featuredmedia":[{"embeddable":true,"href":"https:\/\/mouldking.store\/fr\/wp-json\/wp\/v2\/media\/21836"}],"wp:attachment":[{"href":"https:\/\/mouldking.store\/fr\/wp-json\/wp\/v2\/media?parent=21842"}],"wp:term":[{"taxonomy":"product_cat","embeddable":true,"href":"https:\/\/mouldking.store\/fr\/wp-json\/wp\/v2\/product_cat?post=21842"},{"taxonomy":"product_tag","embeddable":true,"href":"https:\/\/mouldking.store\/fr\/wp-json\/wp\/v2\/product_tag?post=21842"}],"curies":[{"name":"wp","href":"https:\/\/api.w.org\/{rel}","templated":true}]}}