{"id":21858,"date":"2021-10-09T05:14:18","date_gmt":"2021-10-08T22:14:18","guid":{"rendered":"https:\/\/mouldking.store\/shop\/moc-49317-statue-of-liberty-base-add-on-modular-building-by-adambetts-moc-factory\/"},"modified":"2025-12-25T09:23:50","modified_gmt":"2025-12-25T02:23:50","slug":"moc-49317-statue-of-liberty-base-add-on-modular-building-by-adambetts-moc-factory","status":"publish","type":"product","link":"https:\/\/mouldking.store\/fr\/shop\/moc-49317-statue-of-liberty-base-add-on-modular-building-by-adambetts-moc-factory\/","title":{"rendered":"MOC-49317 Statue de la Libert\u00e9 - B\u00e2timent modulaire compl\u00e9mentaire de base par adambetts MOC FACTORY"},"content":{"rendered":"<p style=\"text-align: left\">MOC-49317 Statue of Liberty &#8211; Base Add-on Modular Building by adambetts MOC FACTORY is a set in Modular Building collection, designed by adambetts. This MOC 49317 comes with PDF instruction which is easy to build and find the missing pieces. The set contains 2677 pieces, first released in 2020.<\/p>\n<figure id=\"attachment_198980\" aria-describedby=\"caption-attachment-198980\" style=\"width: 800px\" class=\"wp-caption aligncenter\"><a href=\"https:\/\/pay.lpwstore.com\/wp-content\/uploads\/2020\/12\/MOC-49317-Statue-of-Liberty-Base-Add-on-Modular-Building-by-adambetts-MOC-FACTORY.jpg\" target=\"_blank\" rel=\"noopener\"><img fetchpriority=\"high\" decoding=\"async\" class=\"wp-image-198980 size-full\" title=\"MOC-49317 Statue of Liberty - Base Add-on Modular Building by adambetts MOC FACTORY\" src=\"https:\/\/pay.lpwstore.com\/wp-content\/uploads\/2020\/12\/MOC-49317-Statue-of-Liberty-Base-Add-on-Modular-Building-by-adambetts-MOC-FACTORY.jpg\" alt=\"MOC-49317 Statue of Liberty - Base Add-on Modular Building by adambetts MOC FACTORY\" width=\"800\" height=\"800\" \/><\/a><figcaption id=\"caption-attachment-198980\" class=\"wp-caption-text\">MOC-49317 Statue de la Libert\u00e9 - B\u00e2timent modulaire compl\u00e9mentaire de base par adambetts MOC FACTORY<\/figcaption><\/figure>\n<p><img decoding=\"async\" class=\"alignnone size-full wp-image-198981 aligncenter\" src=\"https:\/\/pay.lpwstore.com\/wp-content\/uploads\/2020\/12\/MOC-49317-Statue-of-Liberty-Base-Add-on-Modular-Building-by-adambetts-MOC-FACTORY-2.jpg\" alt=\"-\" width=\"800\" height=\"800\" title=\"-\"> <img decoding=\"async\" class=\"alignnone size-full wp-image-198982 aligncenter\" src=\"https:\/\/pay.lpwstore.com\/wp-content\/uploads\/2020\/12\/MOC-49317-Statue-of-Liberty-Base-Add-on-Modular-Building-by-adambetts-MOC-FACTORY-3.jpg\" alt=\"-\" width=\"800\" height=\"800\" title=\"-\"> <img loading=\"lazy\" decoding=\"async\" class=\"alignnone size-full wp-image-198983 aligncenter\" src=\"https:\/\/pay.lpwstore.com\/wp-content\/uploads\/2020\/12\/MOC-49317-Statue-of-Liberty-Base-Add-on-Modular-Building-by-adambetts-MOC-FACTORY-4.jpg\" alt=\"-\" width=\"800\" height=\"800\" title=\"-\"> <img loading=\"lazy\" decoding=\"async\" class=\"alignnone size-full wp-image-198984 aligncenter\" src=\"https:\/\/pay.lpwstore.com\/wp-content\/uploads\/2020\/12\/MOC-49317-Statue-of-Liberty-Base-Add-on-Modular-Building-by-adambetts-MOC-FACTORY-5.jpg\" alt=\"-\" width=\"800\" height=\"800\" title=\"-\"><\/p>","protected":false},"excerpt":{"rendered":"<ul>\n<li>include <strong>2677+<\/strong> pi\u00e8ces<\/li>\n<li>Instruction PDF en ligne<\/li>\n<li>Bloc ABS de haute qualit\u00e9<\/li>\n<\/ul>","protected":false},"featured_media":21853,"comment_status":"open","ping_status":"closed","template":"","meta":{"_acf_changed":false},"product_cat":[390],"product_tag":[],"class_list":["product","first","instock","shipping-taxable","purchasable","product-type-simple"],"acf":[],"_links":{"self":[{"href":"https:\/\/mouldking.store\/fr\/wp-json\/wp\/v2\/product\/21858","targetHints":{"allow":["GET"]}}],"collection":[{"href":"https:\/\/mouldking.store\/fr\/wp-json\/wp\/v2\/product"}],"about":[{"href":"https:\/\/mouldking.store\/fr\/wp-json\/wp\/v2\/types\/product"}],"replies":[{"embeddable":true,"href":"https:\/\/mouldking.store\/fr\/wp-json\/wp\/v2\/comments?post=21858"}],"wp:featuredmedia":[{"embeddable":true,"href":"https:\/\/mouldking.store\/fr\/wp-json\/wp\/v2\/media\/21853"}],"wp:attachment":[{"href":"https:\/\/mouldking.store\/fr\/wp-json\/wp\/v2\/media?parent=21858"}],"wp:term":[{"taxonomy":"product_cat","embeddable":true,"href":"https:\/\/mouldking.store\/fr\/wp-json\/wp\/v2\/product_cat?post=21858"},{"taxonomy":"product_tag","embeddable":true,"href":"https:\/\/mouldking.store\/fr\/wp-json\/wp\/v2\/product_tag?post=21858"}],"curies":[{"name":"wp","href":"https:\/\/api.w.org\/{rel}","templated":true}]}}