{"id":21879,"date":"2021-10-09T05:14:28","date_gmt":"2021-10-08T22:14:28","guid":{"rendered":"https:\/\/mouldking.store\/shop\/moc-52064-anakins-the-twilight-the-clone-wars-star-wars-by-bruxxy-moc-factory\/"},"modified":"2025-12-25T09:23:46","modified_gmt":"2025-12-25T02:23:46","slug":"moc-52064-anakins-the-twilight-the-clone-wars-star-wars-by-bruxxy-moc-factory","status":"publish","type":"product","link":"https:\/\/mouldking.store\/fr\/shop\/moc-52064-anakins-the-twilight-the-clone-wars-star-wars-by-bruxxy-moc-factory\/","title":{"rendered":"MOC-52064 Anakin&#039;s the Twilight - the Clone Wars Star Wars par Bruxxy MOC FACTORY"},"content":{"rendered":"<p style=\"text-align: left\">MOC-52064 Anakin&#039;s the Twilight - the Clone Wars Star Wars par Bruxxy MOC FACTORY est un ensemble de la collection Space, con\u00e7u par Bruxxy. Ce MOC 52064 est livr\u00e9 avec des instructions PDF faciles \u00e0 construire et \u00e0 trouver les pi\u00e8ces manquantes. L&#039;ensemble contient 1418 pi\u00e8ces, sorties pour la premi\u00e8re fois en 2020.<\/p>\n<figure id=\"attachment_199070\" aria-describedby=\"caption-attachment-199070\" style=\"width: 800px\" class=\"wp-caption aligncenter\"><a href=\"https:\/\/pay.lpwstore.com\/wp-content\/uploads\/2020\/12\/MOC-52064-Anakins-the-Twilight-the-Clone-Wars-Star-Wars-by-Bruxxy-MOC-FACTORY-2.jpg\" target=\"_blank\" rel=\"noopener\"><img fetchpriority=\"high\" decoding=\"async\" class=\"wp-image-199070 size-full\" title=\"MOC-52064 Anakin&#039;s the Twilight - the Clone Wars Star Wars par Bruxxy MOC FACTORY\" src=\"https:\/\/pay.lpwstore.com\/wp-content\/uploads\/2020\/12\/MOC-52064-Anakins-the-Twilight-the-Clone-Wars-Star-Wars-by-Bruxxy-MOC-FACTORY-2.jpg\" alt=\"MOC-52064  Anakin's the Twilight - the Clone Wars Star Wars by Bruxxy MOC FACTORY\" width=\"800\" height=\"800\" \/><\/a><figcaption id=\"caption-attachment-199070\" class=\"wp-caption-text\">MOC-52064 Anakin&#039;s the Twilight - the Clone Wars Star Wars par Bruxxy MOC FACTORY<\/figcaption><\/figure>\n<p><img decoding=\"async\" class=\"alignnone size-full wp-image-199069 aligncenter\" src=\"https:\/\/pay.lpwstore.com\/wp-content\/uploads\/2020\/12\/MOC-52064-Anakins-the-Twilight-the-Clone-Wars-Star-Wars-by-Bruxxy-MOC-FACTORY.jpg\" alt=\"-\" width=\"800\" height=\"800\" title=\"-\"><\/p>","protected":false},"excerpt":{"rendered":"<ul>\n<li>Inclure <strong>1418+<\/strong> pi\u00e8ces<\/li>\n<li>Instruction PDF en ligne<\/li>\n<li>Bloc ABS de haute qualit\u00e9<\/li>\n<\/ul>","protected":false},"featured_media":21877,"comment_status":"open","ping_status":"closed","template":"","meta":{"_acf_changed":false},"product_cat":[415],"product_tag":[],"class_list":["product","first","instock","shipping-taxable","purchasable","product-type-simple"],"acf":[],"_links":{"self":[{"href":"https:\/\/mouldking.store\/fr\/wp-json\/wp\/v2\/product\/21879","targetHints":{"allow":["GET"]}}],"collection":[{"href":"https:\/\/mouldking.store\/fr\/wp-json\/wp\/v2\/product"}],"about":[{"href":"https:\/\/mouldking.store\/fr\/wp-json\/wp\/v2\/types\/product"}],"replies":[{"embeddable":true,"href":"https:\/\/mouldking.store\/fr\/wp-json\/wp\/v2\/comments?post=21879"}],"wp:featuredmedia":[{"embeddable":true,"href":"https:\/\/mouldking.store\/fr\/wp-json\/wp\/v2\/media\/21877"}],"wp:attachment":[{"href":"https:\/\/mouldking.store\/fr\/wp-json\/wp\/v2\/media?parent=21879"}],"wp:term":[{"taxonomy":"product_cat","embeddable":true,"href":"https:\/\/mouldking.store\/fr\/wp-json\/wp\/v2\/product_cat?post=21879"},{"taxonomy":"product_tag","embeddable":true,"href":"https:\/\/mouldking.store\/fr\/wp-json\/wp\/v2\/product_tag?post=21879"}],"curies":[{"name":"wp","href":"https:\/\/api.w.org\/{rel}","templated":true}]}}