{"id":21897,"date":"2021-10-09T05:14:33","date_gmt":"2021-10-08T22:14:33","guid":{"rendered":"https:\/\/mouldking.store\/shop\/moc-14601-constrictor-ii-playable-interdictor-cruiser-star-wars-by-raskolnikov-moc-factory\/"},"modified":"2025-12-25T09:23:45","modified_gmt":"2025-12-25T02:23:45","slug":"moc-14601-constrictor-ii-playable-interdictor-cruiser-star-wars-by-raskolnikov-moc-factory","status":"publish","type":"product","link":"https:\/\/mouldking.store\/fr\/shop\/moc-14601-constrictor-ii-playable-interdictor-cruiser-star-wars-by-raskolnikov-moc-factory\/","title":{"rendered":"MOC-14601 Constrictor II \u2013 Interdictor Cruiser Star Wars jouable par raskolnikov MOC FACTORY"},"content":{"rendered":"<p style=\"text-align: left\">MOC-14601 Constrictor II \u2013 Interdictor Cruiser jouable Star Wars par raskolnikov MOC FACTORY est un ensemble de la collection Star Wars, con\u00e7u par raskolnikov. Ce MOC 14601 est livr\u00e9 avec des instructions PDF faciles \u00e0 construire et \u00e0 trouver les pi\u00e8ces manquantes. L&#039;ensemble contient 4450 pi\u00e8ces, premi\u00e8re sortie en 2022.<\/p>\n<p><img fetchpriority=\"high\" decoding=\"async\" class=\"alignnone size-full wp-image-29019\" src=\"https:\/\/mocfactory.com\/wp-content\/uploads\/2020\/12\/MOC-14601-Constrictor-II-Playable-Interdictor-Cruiser-Star-Wars-by-raskolnikov-MOC-FACTORY.jpg\" alt=\"-\" width=\"800\" height=\"800\" title=\"-\"> <img decoding=\"async\" class=\"alignnone size-full wp-image-29018\" src=\"https:\/\/mocfactory.com\/wp-content\/uploads\/2020\/12\/MOC-14601-Constrictor-II-Playable-Interdictor-Cruiser-Star-Wars-by-raskolnikov-MOC-FACTORY-2.jpg\" alt=\"-\" width=\"800\" height=\"800\" title=\"-\"> <img decoding=\"async\" class=\"alignnone size-full wp-image-29017\" src=\"https:\/\/mocfactory.com\/wp-content\/uploads\/2020\/12\/MOC-14601-Constrictor-II-Playable-Interdictor-Cruiser-Star-Wars-by-raskolnikov-MOC-FACTORY-3.jpg\" alt=\"-\" width=\"800\" height=\"800\" title=\"-\"> <img loading=\"lazy\" decoding=\"async\" class=\"alignnone size-full wp-image-29016\" src=\"https:\/\/mocfactory.com\/wp-content\/uploads\/2020\/12\/MOC-14601-Constrictor-II-Playable-Interdictor-Cruiser-Star-Wars-by-raskolnikov-MOC-FACTORY-4.jpg\" alt=\"-\" width=\"800\" height=\"800\" title=\"-\"> <img loading=\"lazy\" decoding=\"async\" class=\"alignnone size-full wp-image-29015\" src=\"https:\/\/mocfactory.com\/wp-content\/uploads\/2020\/12\/MOC-14601-Constrictor-II-Playable-Interdictor-Cruiser-Star-Wars-by-raskolnikov-MOC-FACTORY-5.jpg\" alt=\"-\" width=\"800\" height=\"800\" title=\"-\"><\/p>\n<p>&nbsp;<\/p>\n<p>&nbsp;<\/p>","protected":false},"excerpt":{"rendered":"<ul>\n<li>Inclure <strong>4450+<\/strong> pi\u00e8ces<\/li>\n<li>Instruction PDF en ligne<\/li>\n<li>Bloc ABS de haute qualit\u00e9<\/li>\n<li>Temps d&#039;arrangement\u00a0: 4 \u00e0 8\u00a0semaines<\/li>\n<\/ul>","protected":false},"featured_media":21892,"comment_status":"open","ping_status":"closed","template":"","meta":{"_acf_changed":false},"product_cat":[415],"product_tag":[9251,9248,9252,9253,5541,9250,9249,430,461,9247,9254,9246,436],"class_list":["product","first","instock","shipping-taxable","purchasable","product-type-simple"],"acf":[],"_links":{"self":[{"href":"https:\/\/mouldking.store\/fr\/wp-json\/wp\/v2\/product\/21897","targetHints":{"allow":["GET"]}}],"collection":[{"href":"https:\/\/mouldking.store\/fr\/wp-json\/wp\/v2\/product"}],"about":[{"href":"https:\/\/mouldking.store\/fr\/wp-json\/wp\/v2\/types\/product"}],"replies":[{"embeddable":true,"href":"https:\/\/mouldking.store\/fr\/wp-json\/wp\/v2\/comments?post=21897"}],"wp:featuredmedia":[{"embeddable":true,"href":"https:\/\/mouldking.store\/fr\/wp-json\/wp\/v2\/media\/21892"}],"wp:attachment":[{"href":"https:\/\/mouldking.store\/fr\/wp-json\/wp\/v2\/media?parent=21897"}],"wp:term":[{"taxonomy":"product_cat","embeddable":true,"href":"https:\/\/mouldking.store\/fr\/wp-json\/wp\/v2\/product_cat?post=21897"},{"taxonomy":"product_tag","embeddable":true,"href":"https:\/\/mouldking.store\/fr\/wp-json\/wp\/v2\/product_tag?post=21897"}],"curies":[{"name":"wp","href":"https:\/\/api.w.org\/{rel}","templated":true}]}}