{"id":21933,"date":"2021-10-09T05:14:45","date_gmt":"2021-10-09T05:14:45","guid":{"rendered":"https:\/\/mouldking.store\/shop\/moc-34554-mgm-grand-hotel-for-modular-city-las-vegas-modular-building-by-gabizon-moc-factory\/"},"modified":"2025-12-25T09:23:44","modified_gmt":"2025-12-25T02:23:44","slug":"moc-34554-mgm-grand-hotel-for-modular-city-las-vegas-modular-building-by-gabizon-moc-factory","status":"publish","type":"product","link":"https:\/\/mouldking.store\/fr\/shop\/moc-34554-mgm-grand-hotel-for-modular-city-las-vegas-modular-building-by-gabizon-moc-factory\/","title":{"rendered":"MOC-34554 MGM Grand Hotel for Modular City Las Vegas Modular Building par gabizon MOC FACTORY"},"content":{"rendered":"<p>MOC-34554 MGM Grand Hotel for Modular City Las Vegas Modular Building par gabizon MOC FACTORY est un ensemble de la collection Modular Building, con\u00e7u par gabizon. Ce MOC 34554 est livr\u00e9 avec des instructions PDF faciles \u00e0 construire et \u00e0 trouver les pi\u00e8ces manquantes. L&#039;ensemble contient 413 pi\u00e8ces, sorties pour la premi\u00e8re fois en 2020.<\/p>\n<figure id=\"attachment_199213\" aria-describedby=\"caption-attachment-199213\" style=\"width: 800px\" class=\"wp-caption aligncenter\"><a href=\"https:\/\/pay.lpwstore.com\/wp-content\/uploads\/2020\/12\/MOC-34554-MGM-Grand-Hotel-for-Modular-City-Las-Vegas-Modular-Building-by-gabizon-MOC-FACTORY.jpg\" target=\"_blank\" rel=\"noopener\"><img fetchpriority=\"high\" decoding=\"async\" class=\"wp-image-199213 size-full\" title=\"MOC-34554 MGM Grand Hotel for Modular City Las Vegas Modular Building par gabizon MOC FACTORY\" src=\"https:\/\/pay.lpwstore.com\/wp-content\/uploads\/2020\/12\/MOC-34554-MGM-Grand-Hotel-for-Modular-City-Las-Vegas-Modular-Building-by-gabizon-MOC-FACTORY.jpg\" alt=\"MOC-34554 MGM Grand Hotel for Modular City Las Vegas Modular Building by gabizon MOC FACTORY\" width=\"800\" height=\"800\" \/><\/a><figcaption id=\"caption-attachment-199213\" class=\"wp-caption-text\">MOC-34554 MGM Grand Hotel for Modular City Las Vegas Modular Building par gabizon MOC FACTORY<\/figcaption><\/figure>","protected":false},"excerpt":{"rendered":"<ul>\n<li>Inclure <strong>413+<\/strong> pi\u00e8ces<\/li>\n<li>Instruction PDF en ligne<\/li>\n<li>Bloc ABS de haute qualit\u00e9<\/li>\n<\/ul>","protected":false},"featured_media":21932,"comment_status":"open","ping_status":"closed","template":"","meta":{"_acf_changed":false},"product_cat":[390],"product_tag":[],"class_list":["product","first","instock","shipping-taxable","purchasable","product-type-simple"],"acf":[],"_links":{"self":[{"href":"https:\/\/mouldking.store\/fr\/wp-json\/wp\/v2\/product\/21933","targetHints":{"allow":["GET"]}}],"collection":[{"href":"https:\/\/mouldking.store\/fr\/wp-json\/wp\/v2\/product"}],"about":[{"href":"https:\/\/mouldking.store\/fr\/wp-json\/wp\/v2\/types\/product"}],"replies":[{"embeddable":true,"href":"https:\/\/mouldking.store\/fr\/wp-json\/wp\/v2\/comments?post=21933"}],"wp:featuredmedia":[{"embeddable":true,"href":"https:\/\/mouldking.store\/fr\/wp-json\/wp\/v2\/media\/21932"}],"wp:attachment":[{"href":"https:\/\/mouldking.store\/fr\/wp-json\/wp\/v2\/media?parent=21933"}],"wp:term":[{"taxonomy":"product_cat","embeddable":true,"href":"https:\/\/mouldking.store\/fr\/wp-json\/wp\/v2\/product_cat?post=21933"},{"taxonomy":"product_tag","embeddable":true,"href":"https:\/\/mouldking.store\/fr\/wp-json\/wp\/v2\/product_tag?post=21933"}],"curies":[{"name":"wp","href":"https:\/\/api.w.org\/{rel}","templated":true}]}}