{"id":21948,"date":"2021-10-09T05:14:49","date_gmt":"2021-10-09T05:14:49","guid":{"rendered":"https:\/\/mouldking.store\/shop\/moc-31738-solar-farm-for-a-modular-city-creator-by-gabizon-moc-factory\/"},"modified":"2025-12-25T09:23:44","modified_gmt":"2025-12-25T02:23:44","slug":"moc-31738-solar-farm-for-a-modular-city-creator-by-gabizon-moc-factory","status":"publish","type":"product","link":"https:\/\/mouldking.store\/fr\/shop\/moc-31738-solar-farm-for-a-modular-city-creator-by-gabizon-moc-factory\/","title":{"rendered":"MOC-31738 Ferme solaire pour un cr\u00e9ateur de ville modulaire par gabizon MOC FACTORY"},"content":{"rendered":"<p>MOC-31738 Ferme solaire pour une ville modulaire Creator par gabizon MOC FACTORY est un ensemble de la collection Creator, con\u00e7u par gabizon. Ce MOC 31738 est livr\u00e9 avec des instructions PDF faciles \u00e0 construire et \u00e0 trouver les pi\u00e8ces manquantes. L&#039;ensemble contient 311 pi\u00e8ces, sorties pour la premi\u00e8re fois en 2020.<\/p>\n<figure id=\"attachment_199282\" aria-describedby=\"caption-attachment-199282\" style=\"width: 800px\" class=\"wp-caption aligncenter\"><a href=\"https:\/\/pay.lpwstore.com\/wp-content\/uploads\/2020\/12\/MOC-31738-Solar-farm-for-a-Modular-City-Creator-by-gabizon-MOC-FACTORY.jpg\" target=\"_blank\" rel=\"noopener\"><img fetchpriority=\"high\" decoding=\"async\" class=\"wp-image-199282 size-full\" title=\"MOC-31738 Ferme solaire pour un cr\u00e9ateur de ville modulaire par gabizon MOC FACTORY\" src=\"https:\/\/pay.lpwstore.com\/wp-content\/uploads\/2020\/12\/MOC-31738-Solar-farm-for-a-Modular-City-Creator-by-gabizon-MOC-FACTORY.jpg\" alt=\"MOC-31738 Solar farm for a Modular City Creator by gabizon MOC FACTORY\" width=\"800\" height=\"800\" \/><\/a><figcaption id=\"caption-attachment-199282\" class=\"wp-caption-text\">MOC-31738 Ferme solaire pour un cr\u00e9ateur de ville modulaire par gabizon MOC FACTORY<\/figcaption><\/figure>","protected":false},"excerpt":{"rendered":"<ul>\n<li>Inclure <strong>311+<\/strong> pi\u00e8ces<\/li>\n<li>Instruction PDF en ligne<\/li>\n<li>Bloc ABS de haute qualit\u00e9<\/li>\n<\/ul>","protected":false},"featured_media":21947,"comment_status":"open","ping_status":"closed","template":"","meta":{"_acf_changed":false},"product_cat":[371],"product_tag":[],"class_list":["product","first","instock","shipping-taxable","purchasable","product-type-simple"],"acf":[],"_links":{"self":[{"href":"https:\/\/mouldking.store\/fr\/wp-json\/wp\/v2\/product\/21948","targetHints":{"allow":["GET"]}}],"collection":[{"href":"https:\/\/mouldking.store\/fr\/wp-json\/wp\/v2\/product"}],"about":[{"href":"https:\/\/mouldking.store\/fr\/wp-json\/wp\/v2\/types\/product"}],"replies":[{"embeddable":true,"href":"https:\/\/mouldking.store\/fr\/wp-json\/wp\/v2\/comments?post=21948"}],"wp:featuredmedia":[{"embeddable":true,"href":"https:\/\/mouldking.store\/fr\/wp-json\/wp\/v2\/media\/21947"}],"wp:attachment":[{"href":"https:\/\/mouldking.store\/fr\/wp-json\/wp\/v2\/media?parent=21948"}],"wp:term":[{"taxonomy":"product_cat","embeddable":true,"href":"https:\/\/mouldking.store\/fr\/wp-json\/wp\/v2\/product_cat?post=21948"},{"taxonomy":"product_tag","embeddable":true,"href":"https:\/\/mouldking.store\/fr\/wp-json\/wp\/v2\/product_tag?post=21948"}],"curies":[{"name":"wp","href":"https:\/\/api.w.org\/{rel}","templated":true}]}}