{"id":21956,"date":"2021-10-09T05:14:51","date_gmt":"2021-10-09T05:14:51","guid":{"rendered":"https:\/\/mouldking.store\/shop\/moc-32629-desert-house-4-for-a-modular-desert-village-creator-by-gabizon-moc-factory\/"},"modified":"2025-12-25T09:23:43","modified_gmt":"2025-12-25T02:23:43","slug":"moc-32629-desert-house-4-for-a-modular-desert-village-creator-by-gabizon-moc-factory","status":"publish","type":"product","link":"https:\/\/mouldking.store\/fr\/shop\/moc-32629-desert-house-4-for-a-modular-desert-village-creator-by-gabizon-moc-factory\/","title":{"rendered":"MOC-32629 Desert House #4 pour un village modulaire du d\u00e9sert Cr\u00e9ateur par gabizon MOC FACTORY"},"content":{"rendered":"<p>MOC-32629 Desert House #4 pour un village modulaire du d\u00e9sert Creator par gabizon MOC FACTORY est un ensemble de la collection Creator, con\u00e7u par gabizon. Ce MOC 32629 est livr\u00e9 avec des instructions PDF faciles \u00e0 construire et \u00e0 trouver les pi\u00e8ces manquantes. L&#039;ensemble contient 261 pi\u00e8ces, sorties pour la premi\u00e8re fois en 2020.<\/p>\n<figure id=\"attachment_199335\" aria-describedby=\"caption-attachment-199335\" style=\"width: 800px\" class=\"wp-caption aligncenter\"><a href=\"https:\/\/pay.lpwstore.com\/wp-content\/uploads\/2020\/12\/MOC-32629-Desert-House-4-for-a-Modular-Desert-village-Creator-by-gabizon-MOC-FACTORY.jpg\" target=\"_blank\" rel=\"noopener\"><img fetchpriority=\"high\" decoding=\"async\" class=\"wp-image-199335 size-full\" title=\"MOC-32629 Desert House #4 pour un village modulaire du d\u00e9sert Cr\u00e9ateur par gabizon MOC FACTORY\" src=\"https:\/\/pay.lpwstore.com\/wp-content\/uploads\/2020\/12\/MOC-32629-Desert-House-4-for-a-Modular-Desert-village-Creator-by-gabizon-MOC-FACTORY.jpg\" alt=\"MOC-32629 Desert House #4 for a Modular Desert village Creator by gabizon MOC FACTORY\" width=\"800\" height=\"800\" \/><\/a><figcaption id=\"caption-attachment-199335\" class=\"wp-caption-text\">MOC-32629 Desert House #4 pour un village modulaire du d\u00e9sert Cr\u00e9ateur par gabizon MOC FACTORY<\/figcaption><\/figure>","protected":false},"excerpt":{"rendered":"<ul>\n<li>Inclure\u00a0<strong>261+<\/strong>\u00a0pi\u00e8ces<\/li>\n<li>Instruction PDF en ligne<\/li>\n<li>Bloc ABS de haute qualit\u00e9<\/li>\n<\/ul>","protected":false},"featured_media":21955,"comment_status":"open","ping_status":"closed","template":"","meta":{"_acf_changed":false},"product_cat":[371],"product_tag":[],"class_list":["product","first","instock","shipping-taxable","purchasable","product-type-simple"],"acf":[],"_links":{"self":[{"href":"https:\/\/mouldking.store\/fr\/wp-json\/wp\/v2\/product\/21956","targetHints":{"allow":["GET"]}}],"collection":[{"href":"https:\/\/mouldking.store\/fr\/wp-json\/wp\/v2\/product"}],"about":[{"href":"https:\/\/mouldking.store\/fr\/wp-json\/wp\/v2\/types\/product"}],"replies":[{"embeddable":true,"href":"https:\/\/mouldking.store\/fr\/wp-json\/wp\/v2\/comments?post=21956"}],"wp:featuredmedia":[{"embeddable":true,"href":"https:\/\/mouldking.store\/fr\/wp-json\/wp\/v2\/media\/21955"}],"wp:attachment":[{"href":"https:\/\/mouldking.store\/fr\/wp-json\/wp\/v2\/media?parent=21956"}],"wp:term":[{"taxonomy":"product_cat","embeddable":true,"href":"https:\/\/mouldking.store\/fr\/wp-json\/wp\/v2\/product_cat?post=21956"},{"taxonomy":"product_tag","embeddable":true,"href":"https:\/\/mouldking.store\/fr\/wp-json\/wp\/v2\/product_tag?post=21956"}],"curies":[{"name":"wp","href":"https:\/\/api.w.org\/{rel}","templated":true}]}}