{"id":21987,"date":"2021-10-09T05:15:52","date_gmt":"2021-10-08T22:15:52","guid":{"rendered":"https:\/\/mouldking.store\/shop\/moc-33566-mandalorian-razor-crest-updated-version-star-wars-by-ycbricks-moc-factory\/"},"modified":"2025-12-25T09:23:42","modified_gmt":"2025-12-25T02:23:42","slug":"moc-33566-mandalorian-razor-crest-updated-version-star-wars-by-ycbricks-moc-factory","status":"publish","type":"product","link":"https:\/\/mouldking.store\/fr\/shop\/moc-33566-mandalorian-razor-crest-updated-version-star-wars-by-ycbricks-moc-factory\/","title":{"rendered":"MOC-33566 Mandalorian Razor Crest - Version mise \u00e0 jour Star Wars par YCBricks MOC FACTORY"},"content":{"rendered":"<p style=\"text-align: center\">MOC-33566 Mandalorian Razor Crest - Version mise \u00e0 jour Star Wars par YCBricks MOC FACTORY est un ensemble de la collection Star Wars, con\u00e7u par YCBricks. Ce MOC 33566 est livr\u00e9 avec des instructions PDF faciles \u00e0 construire et \u00e0 trouver les pi\u00e8ces manquantes. L&#039;ensemble contient 1383 pi\u00e8ces, sorties pour la premi\u00e8re fois en 2020.<\/p>\n<figure id=\"attachment_199444\" aria-describedby=\"caption-attachment-199444\" style=\"width: 800px\" class=\"wp-caption aligncenter\"><a href=\"https:\/\/pay.lpwstore.com\/wp-content\/uploads\/2020\/12\/MOC-33566-Mandalorian-Razor-Crest-Updated-Version-Star-Wars-by-YCBricks-MOC-FACTORY.jpg\" target=\"_blank\" rel=\"noopener\"><img fetchpriority=\"high\" decoding=\"async\" class=\"wp-image-199444 size-full\" title=\"MOC-33566 Mandalorian Razor Crest - Version mise \u00e0 jour Star Wars par YCBricks MOC FACTORY\" src=\"https:\/\/pay.lpwstore.com\/wp-content\/uploads\/2020\/12\/MOC-33566-Mandalorian-Razor-Crest-Updated-Version-Star-Wars-by-YCBricks-MOC-FACTORY.jpg\" alt=\"MOC-33566 Mandalorian Razor Crest - Updated Version Star Wars by YCBricks MOC FACTORY\" width=\"800\" height=\"800\" \/><\/a><figcaption id=\"caption-attachment-199444\" class=\"wp-caption-text\">MOC-33566 Mandalorian Razor Crest - Version mise \u00e0 jour Star Wars par YCBricks MOC FACTORY<\/figcaption><\/figure>\n<p><img decoding=\"async\" class=\"alignnone size-full wp-image-199445 aligncenter\" src=\"https:\/\/pay.lpwstore.com\/wp-content\/uploads\/2020\/12\/MOC-33566-Mandalorian-Razor-Crest-Updated-Version-Star-Wars-by-YCBricks-MOC-FACTORY-2.jpg\" alt=\"-\" width=\"800\" height=\"800\" title=\"-\"> <img decoding=\"async\" class=\"alignnone size-full wp-image-199446 aligncenter\" src=\"https:\/\/pay.lpwstore.com\/wp-content\/uploads\/2020\/12\/MOC-33566-Mandalorian-Razor-Crest-Updated-Version-Star-Wars-by-YCBricks-MOC-FACTORY-3.jpg\" alt=\"-\" width=\"800\" height=\"800\" title=\"-\"> <img loading=\"lazy\" decoding=\"async\" class=\"alignnone size-full wp-image-199447 aligncenter\" src=\"https:\/\/pay.lpwstore.com\/wp-content\/uploads\/2020\/12\/MOC-33566-Mandalorian-Razor-Crest-Updated-Version-Star-Wars-by-YCBricks-MOC-FACTORY-4.jpg\" alt=\"-\" width=\"800\" height=\"800\" title=\"-\"> <img loading=\"lazy\" decoding=\"async\" class=\"alignnone size-full wp-image-199448 aligncenter\" src=\"https:\/\/pay.lpwstore.com\/wp-content\/uploads\/2020\/12\/MOC-33566-Mandalorian-Razor-Crest-Updated-Version-Star-Wars-by-YCBricks-MOC-FACTORY-5.jpg\" alt=\"-\" width=\"800\" height=\"800\" title=\"-\"> <img loading=\"lazy\" decoding=\"async\" class=\"alignnone size-full wp-image-199449 aligncenter\" src=\"https:\/\/pay.lpwstore.com\/wp-content\/uploads\/2020\/12\/MOC-33566-Mandalorian-Razor-Crest-Updated-Version-Star-Wars-by-YCBricks-MOC-FACTORY-6.jpg\" alt=\"-\" width=\"800\" height=\"800\" title=\"-\"><\/p>","protected":false},"excerpt":{"rendered":"<ul>\n<li>Inclure <strong>1383+<\/strong> pi\u00e8ces<\/li>\n<li>Instruction PDF en ligne<\/li>\n<li>Bloc ABS de haute qualit\u00e9<\/li>\n<\/ul>","protected":false},"featured_media":21981,"comment_status":"open","ping_status":"closed","template":"","meta":{"_acf_changed":false},"product_cat":[415],"product_tag":[],"class_list":["product","first","instock","shipping-taxable","purchasable","product-type-simple"],"acf":[],"_links":{"self":[{"href":"https:\/\/mouldking.store\/fr\/wp-json\/wp\/v2\/product\/21987","targetHints":{"allow":["GET"]}}],"collection":[{"href":"https:\/\/mouldking.store\/fr\/wp-json\/wp\/v2\/product"}],"about":[{"href":"https:\/\/mouldking.store\/fr\/wp-json\/wp\/v2\/types\/product"}],"replies":[{"embeddable":true,"href":"https:\/\/mouldking.store\/fr\/wp-json\/wp\/v2\/comments?post=21987"}],"wp:featuredmedia":[{"embeddable":true,"href":"https:\/\/mouldking.store\/fr\/wp-json\/wp\/v2\/media\/21981"}],"wp:attachment":[{"href":"https:\/\/mouldking.store\/fr\/wp-json\/wp\/v2\/media?parent=21987"}],"wp:term":[{"taxonomy":"product_cat","embeddable":true,"href":"https:\/\/mouldking.store\/fr\/wp-json\/wp\/v2\/product_cat?post=21987"},{"taxonomy":"product_tag","embeddable":true,"href":"https:\/\/mouldking.store\/fr\/wp-json\/wp\/v2\/product_tag?post=21987"}],"curies":[{"name":"wp","href":"https:\/\/api.w.org\/{rel}","templated":true}]}}