{"id":22003,"date":"2021-10-09T05:16:07","date_gmt":"2021-10-08T22:16:07","guid":{"rendered":"https:\/\/mouldking.store\/shop\/moc-51144-hammerhead-corvette-ucs-star-wars-by-dmarkng-moc-factory\/"},"modified":"2025-12-25T09:23:42","modified_gmt":"2025-12-25T02:23:42","slug":"moc-51144-hammerhead-corvette-ucs-star-wars-by-dmarkng-moc-factory","status":"publish","type":"product","link":"https:\/\/mouldking.store\/fr\/shop\/moc-51144-hammerhead-corvette-ucs-star-wars-by-dmarkng-moc-factory\/","title":{"rendered":"MOC-51144 HammerHead Corvette UCS Star Wars par dmarkng MOC FACTORY"},"content":{"rendered":"<p style=\"text-align: left\">Le MOC-51144 HammerHead Corvette UCS Star Wars par dmarkng MOC FACTORY est un ensemble de la collection Star Wars, con\u00e7u par dmarkng. Ce MOC 51144 est accompagn\u00e9 d&#039;une notice PDF facile \u00e0 assembler et \u00e0 retrouver les pi\u00e8ces manquantes. Ce set contient 3607 pi\u00e8ces, sorti en 2020.<\/p>\n<figure id=\"attachment_199468\" aria-describedby=\"caption-attachment-199468\" style=\"width: 800px\" class=\"wp-caption alignnone\"><a href=\"https:\/\/pay.lpwstore.com\/wp-content\/uploads\/2020\/12\/MOC-51144-HammerHead-Corvette-UCS-Star-Wars-by-dmarkng-MOC-FACTORY.jpg\" target=\"_blank\" rel=\"noopener\"><img fetchpriority=\"high\" decoding=\"async\" class=\"wp-image-199468 size-full\" title=\"MOC-51144 HammerHead Corvette UCS Star Wars par dmarkng MOC FACTORY\" src=\"https:\/\/pay.lpwstore.com\/wp-content\/uploads\/2020\/12\/MOC-51144-HammerHead-Corvette-UCS-Star-Wars-by-dmarkng-MOC-FACTORY.jpg\" alt=\"MOC-51144 HammerHead Corvette UCS Star Wars by dmarkng MOC FACTORY\" width=\"800\" height=\"800\" \/><\/a><figcaption id=\"caption-attachment-199468\" class=\"wp-caption-text\">MOC-51144 HammerHead Corvette UCS Star Wars par dmarkng MOC FACTORY<\/figcaption><\/figure>\n<p style=\"text-align: center\"><img decoding=\"async\" class=\"alignnone size-full wp-image-199469\" src=\"https:\/\/pay.lpwstore.com\/wp-content\/uploads\/2020\/12\/MOC-51144-HammerHead-Corvette-UCS-Star-Wars-by-dmarkng-MOC-FACTORY-2.jpg\" alt=\"-\" width=\"800\" height=\"800\" title=\"-\"><\/p>\n<p style=\"text-align: center\">","protected":false},"excerpt":{"rendered":"<ul>\n<li>Inclure <strong>3607+<\/strong> pi\u00e8ces<\/li>\n<li>Instruction PDF en ligne<\/li>\n<li>Bloc ABS de haute qualit\u00e9<\/li>\n<\/ul>","protected":false},"featured_media":22001,"comment_status":"open","ping_status":"closed","template":"","meta":{"_acf_changed":false},"product_cat":[415],"product_tag":[],"class_list":["product","first","instock","shipping-taxable","purchasable","product-type-simple"],"acf":[],"_links":{"self":[{"href":"https:\/\/mouldking.store\/fr\/wp-json\/wp\/v2\/product\/22003","targetHints":{"allow":["GET"]}}],"collection":[{"href":"https:\/\/mouldking.store\/fr\/wp-json\/wp\/v2\/product"}],"about":[{"href":"https:\/\/mouldking.store\/fr\/wp-json\/wp\/v2\/types\/product"}],"replies":[{"embeddable":true,"href":"https:\/\/mouldking.store\/fr\/wp-json\/wp\/v2\/comments?post=22003"}],"wp:featuredmedia":[{"embeddable":true,"href":"https:\/\/mouldking.store\/fr\/wp-json\/wp\/v2\/media\/22001"}],"wp:attachment":[{"href":"https:\/\/mouldking.store\/fr\/wp-json\/wp\/v2\/media?parent=22003"}],"wp:term":[{"taxonomy":"product_cat","embeddable":true,"href":"https:\/\/mouldking.store\/fr\/wp-json\/wp\/v2\/product_cat?post=22003"},{"taxonomy":"product_tag","embeddable":true,"href":"https:\/\/mouldking.store\/fr\/wp-json\/wp\/v2\/product_tag?post=22003"}],"curies":[{"name":"wp","href":"https:\/\/api.w.org\/{rel}","templated":true}]}}