{"id":22139,"date":"2021-10-09T05:20:40","date_gmt":"2021-10-08T22:20:40","guid":{"rendered":"https:\/\/mouldking.store\/shop\/moc-43639-modular-haunted-high-school-modular-building-by-underthebricks-moc-factory\/"},"modified":"2025-12-25T09:23:38","modified_gmt":"2025-12-25T02:23:38","slug":"moc-43639-modular-haunted-high-school-modular-building-by-underthebricks-moc-factory","status":"publish","type":"product","link":"https:\/\/mouldking.store\/fr\/shop\/moc-43639-modular-haunted-high-school-modular-building-by-underthebricks-moc-factory\/","title":{"rendered":"MOC-43639 B\u00e2timent modulaire modulaire pour lyc\u00e9e hant\u00e9 par underthebricks MOC FACTORY"},"content":{"rendered":"<p>MOC-43639 Modular Haunted High School Modular Building by underthebricks MOC FACTORY is a set in Modular Building collection, designed by underthebricks. This MOC 43639 comes with PDF instruction which is easy to build and find the missing pieces. The set contains 1494 pieces, first released in 2020.<\/p>\n<figure id=\"attachment_199837\" aria-describedby=\"caption-attachment-199837\" style=\"width: 800px\" class=\"wp-caption aligncenter\"><a href=\"https:\/\/pay.lpwstore.com\/wp-content\/uploads\/2020\/12\/MOC-43639-Modular-Haunted-High-School-Modular-Building-by-underthebricks-MOC-FACTORY.jpg\" target=\"_blank\" rel=\"noopener\"><img fetchpriority=\"high\" decoding=\"async\" class=\"wp-image-199837 size-full\" title=\"MOC-43639 B\u00e2timent modulaire modulaire pour lyc\u00e9e hant\u00e9 par underthebricks MOC FACTORY\" src=\"https:\/\/pay.lpwstore.com\/wp-content\/uploads\/2020\/12\/MOC-43639-Modular-Haunted-High-School-Modular-Building-by-underthebricks-MOC-FACTORY.jpg\" alt=\"MOC-43639 Modular Haunted High School Modular Building by underthebricks MOC FACTORY\" width=\"800\" height=\"800\" \/><\/a><figcaption id=\"caption-attachment-199837\" class=\"wp-caption-text\">MOC-43639 B\u00e2timent modulaire modulaire pour lyc\u00e9e hant\u00e9 par underthebricks MOC FACTORY<\/figcaption><\/figure>","protected":false},"excerpt":{"rendered":"<ul>\n<li>Inclure\u00a0<strong>1494+<\/strong>\u00a0pi\u00e8ces<\/li>\n<li>Instruction PDF en ligne<\/li>\n<li>Bloc ABS de haute qualit\u00e9<\/li>\n<\/ul>","protected":false},"featured_media":22138,"comment_status":"open","ping_status":"closed","template":"","meta":{"_acf_changed":false},"product_cat":[390],"product_tag":[],"class_list":["product","first","instock","shipping-taxable","purchasable","product-type-simple"],"acf":[],"_links":{"self":[{"href":"https:\/\/mouldking.store\/fr\/wp-json\/wp\/v2\/product\/22139","targetHints":{"allow":["GET"]}}],"collection":[{"href":"https:\/\/mouldking.store\/fr\/wp-json\/wp\/v2\/product"}],"about":[{"href":"https:\/\/mouldking.store\/fr\/wp-json\/wp\/v2\/types\/product"}],"replies":[{"embeddable":true,"href":"https:\/\/mouldking.store\/fr\/wp-json\/wp\/v2\/comments?post=22139"}],"wp:featuredmedia":[{"embeddable":true,"href":"https:\/\/mouldking.store\/fr\/wp-json\/wp\/v2\/media\/22138"}],"wp:attachment":[{"href":"https:\/\/mouldking.store\/fr\/wp-json\/wp\/v2\/media?parent=22139"}],"wp:term":[{"taxonomy":"product_cat","embeddable":true,"href":"https:\/\/mouldking.store\/fr\/wp-json\/wp\/v2\/product_cat?post=22139"},{"taxonomy":"product_tag","embeddable":true,"href":"https:\/\/mouldking.store\/fr\/wp-json\/wp\/v2\/product_tag?post=22139"}],"curies":[{"name":"wp","href":"https:\/\/api.w.org\/{rel}","templated":true}]}}