{"id":22199,"date":"2021-10-10T04:33:10","date_gmt":"2021-10-09T21:33:10","guid":{"rendered":"https:\/\/mouldking.store\/shop\/moc-56563-winter-wonderland-winter-village-architecture-creator-by-momatteo79-moc-factory\/"},"modified":"2025-12-25T09:23:37","modified_gmt":"2025-12-25T02:23:37","slug":"moc-56563-winter-wonderland-winter-village-architecture-creator-by-momatteo79-moc-factory","status":"publish","type":"product","link":"https:\/\/mouldking.store\/fr\/shop\/moc-56563-winter-wonderland-winter-village-architecture-creator-by-momatteo79-moc-factory\/","title":{"rendered":"MOC-56563 Winter Wonderland - Cr\u00e9ateur d&#039;architecture de village d&#039;hiver par MOMAtteo79 MOC FACTORY"},"content":{"rendered":"<p style=\"text-align: left\">MOC-56563 Winter Wonderland - Cr\u00e9ateur d&#039;architecture de village d&#039;hiver par MOMAtteo79 MOC FACTORY est un ensemble de la collection Creator, con\u00e7u par MOMAtteo79. Ce MOC 56563 est livr\u00e9 avec des instructions PDF faciles \u00e0 construire et \u00e0 trouver les pi\u00e8ces manquantes. L&#039;ensemble contient 1533 pi\u00e8ces, sorties pour la premi\u00e8re fois en 2020.<\/p>\n<figure id=\"attachment_199928\" aria-describedby=\"caption-attachment-199928\" style=\"width: 800px\" class=\"wp-caption aligncenter\"><a href=\"https:\/\/pay.lpwstore.com\/wp-content\/uploads\/2020\/12\/MOC-56563-Winter-Wonderland-Winter-Village-Architecture-Creator-by-MOMAtteo79-MOC-FACTORY.jpg\" target=\"_blank\" rel=\"noopener\"><img fetchpriority=\"high\" decoding=\"async\" class=\"wp-image-199928 size-full\" title=\"MOC-56563 Winter Wonderland - Cr\u00e9ateur d&#039;architecture de village d&#039;hiver par MOMAtteo79 MOC FACTORY\" src=\"https:\/\/pay.lpwstore.com\/wp-content\/uploads\/2020\/12\/MOC-56563-Winter-Wonderland-Winter-Village-Architecture-Creator-by-MOMAtteo79-MOC-FACTORY.jpg\" alt=\"MOC-56563 Winter Wonderland - Winter Village Architecture Creator by MOMAtteo79 MOC FACTORY\" width=\"800\" height=\"800\" \/><\/a><figcaption id=\"caption-attachment-199928\" class=\"wp-caption-text\">MOC-56563 Winter Wonderland - Cr\u00e9ateur d&#039;architecture de village d&#039;hiver par MOMAtteo79 MOC FACTORY<\/figcaption><\/figure>\n<p><img decoding=\"async\" class=\"alignnone size-full wp-image-199929 aligncenter\" src=\"https:\/\/pay.lpwstore.com\/wp-content\/uploads\/2020\/12\/MOC-56563-Winter-Wonderland-Winter-Village-Architecture-Creator-by-MOMAtteo79-MOC-FACTORY-2.jpg\" alt=\"-\" width=\"800\" height=\"800\" title=\"-\"> <img decoding=\"async\" class=\"alignnone size-full wp-image-199930 aligncenter\" src=\"https:\/\/pay.lpwstore.com\/wp-content\/uploads\/2020\/12\/MOC-56563-Winter-Wonderland-Winter-Village-Architecture-Creator-by-MOMAtteo79-MOC-FACTORY-3.jpg\" alt=\"-\" width=\"800\" height=\"800\" title=\"-\"> <img loading=\"lazy\" decoding=\"async\" class=\"alignnone size-full wp-image-199931 aligncenter\" src=\"https:\/\/pay.lpwstore.com\/wp-content\/uploads\/2020\/12\/MOC-56563-Winter-Wonderland-Winter-Village-Architecture-Creator-by-MOMAtteo79-MOC-FACTORY-4.jpg\" alt=\"-\" width=\"800\" height=\"800\" title=\"-\"> <img loading=\"lazy\" decoding=\"async\" class=\"alignnone size-full wp-image-199932 aligncenter\" src=\"https:\/\/pay.lpwstore.com\/wp-content\/uploads\/2020\/12\/MOC-56563-Winter-Wonderland-Winter-Village-Architecture-Creator-by-MOMAtteo79-MOC-FACTORY-5.jpg\" alt=\"-\" width=\"800\" height=\"800\" title=\"-\"> <img loading=\"lazy\" decoding=\"async\" class=\"alignnone size-full wp-image-199933 aligncenter\" src=\"https:\/\/pay.lpwstore.com\/wp-content\/uploads\/2020\/12\/MOC-56563-Winter-Wonderland-Winter-Village-Architecture-Creator-by-MOMAtteo79-MOC-FACTORY-6.jpg\" alt=\"-\" width=\"800\" height=\"800\" title=\"-\"> <img loading=\"lazy\" decoding=\"async\" class=\"alignnone size-full wp-image-199934 aligncenter\" src=\"https:\/\/pay.lpwstore.com\/wp-content\/uploads\/2020\/12\/MOC-56563-Winter-Wonderland-Winter-Village-Architecture-Creator-by-MOMAtteo79-MOC-FACTORY-7.jpg\" alt=\"-\" width=\"800\" height=\"800\" title=\"-\"><\/p>","protected":false},"excerpt":{"rendered":"<ul>\n<li>Inclure\u00a0<strong>1533+<\/strong>\u00a0pi\u00e8ces<\/li>\n<li>Instruction PDF en ligne<\/li>\n<li>Bloc ABS de haute qualit\u00e9<\/li>\n<\/ul>","protected":false},"featured_media":22192,"comment_status":"open","ping_status":"closed","template":"","meta":{"_acf_changed":false},"product_cat":[371],"product_tag":[],"class_list":["product","first","instock","shipping-taxable","purchasable","product-type-simple"],"acf":[],"_links":{"self":[{"href":"https:\/\/mouldking.store\/fr\/wp-json\/wp\/v2\/product\/22199","targetHints":{"allow":["GET"]}}],"collection":[{"href":"https:\/\/mouldking.store\/fr\/wp-json\/wp\/v2\/product"}],"about":[{"href":"https:\/\/mouldking.store\/fr\/wp-json\/wp\/v2\/types\/product"}],"replies":[{"embeddable":true,"href":"https:\/\/mouldking.store\/fr\/wp-json\/wp\/v2\/comments?post=22199"}],"wp:featuredmedia":[{"embeddable":true,"href":"https:\/\/mouldking.store\/fr\/wp-json\/wp\/v2\/media\/22192"}],"wp:attachment":[{"href":"https:\/\/mouldking.store\/fr\/wp-json\/wp\/v2\/media?parent=22199"}],"wp:term":[{"taxonomy":"product_cat","embeddable":true,"href":"https:\/\/mouldking.store\/fr\/wp-json\/wp\/v2\/product_cat?post=22199"},{"taxonomy":"product_tag","embeddable":true,"href":"https:\/\/mouldking.store\/fr\/wp-json\/wp\/v2\/product_tag?post=22199"}],"curies":[{"name":"wp","href":"https:\/\/api.w.org\/{rel}","templated":true}]}}