{"id":22240,"date":"2021-10-10T04:33:59","date_gmt":"2021-10-09T21:33:59","guid":{"rendered":"https:\/\/mouldking.store\/shop\/moc-36344-zelda-moc-the-master-sword-dark-link-sword-creator-by-skywardbrick-moc-factory\/"},"modified":"2025-12-25T09:21:29","modified_gmt":"2025-12-25T02:21:29","slug":"moc-36344-zelda-moc-the-master-sword-dark-link-sword-creator-by-skywardbrick-moc-factory","status":"publish","type":"product","link":"https:\/\/mouldking.store\/fr\/shop\/moc-36344-zelda-moc-the-master-sword-dark-link-sword-creator-by-skywardbrick-moc-factory\/","title":{"rendered":"MOC-36344 Zelda MOC : The Master Sword &amp; Dark Link Sword Creator par SkywardBrick MOC FACTORY"},"content":{"rendered":"<p style=\"text-align: left\">MOC-36344 Zelda MOC : The Master Sword &amp; Dark Link Sword Creator par SkywardBrick MOC FACTORY est un ensemble de la collection Creator, con\u00e7u par SkywardBrick. Ce MOC 36344 est livr\u00e9 avec des instructions PDF faciles \u00e0 construire et \u00e0 trouver les pi\u00e8ces manquantes. L&#039;ensemble contient 383 pi\u00e8ces, sorties pour la premi\u00e8re fois en 2020.<\/p>\n<figure id=\"attachment_200052\" aria-describedby=\"caption-attachment-200052\" style=\"width: 800px\" class=\"wp-caption aligncenter\"><a href=\"https:\/\/pay.lpwstore.com\/wp-content\/uploads\/2020\/12\/MOC-36344-Zelda-MOC-The-Master-Sword-Dark-Link-Sword-Creator-by-SkywardBrick-MOC-FACTORY.jpg\" target=\"_blank\" rel=\"noopener\"><img fetchpriority=\"high\" decoding=\"async\" class=\"wp-image-200052 size-full\" title=\"MOC-36344 Zelda MOC : The Master Sword &amp; Dark Link Sword Creator par SkywardBrick MOC FACTORY\" src=\"https:\/\/pay.lpwstore.com\/wp-content\/uploads\/2020\/12\/MOC-36344-Zelda-MOC-The-Master-Sword-Dark-Link-Sword-Creator-by-SkywardBrick-MOC-FACTORY.jpg\" alt=\"MOC-36344 Zelda MOC: The Master Sword &amp; Dark Link Sword Creator by SkywardBrick MOC FACTORY\" width=\"800\" height=\"800\" \/><\/a><figcaption id=\"caption-attachment-200052\" class=\"wp-caption-text\">MOC-36344 Zelda MOC : The Master Sword &amp; Dark Link Sword Creator par SkywardBrick MOC FACTORY<\/figcaption><\/figure>\n<p><img decoding=\"async\" class=\"alignnone size-full wp-image-200053 aligncenter\" src=\"https:\/\/pay.lpwstore.com\/wp-content\/uploads\/2020\/12\/MOC-36344-Zelda-MOC-The-Master-Sword-Dark-Link-Sword-Creator-by-SkywardBrick-MOC-FACTORY-2.jpg\" alt=\"-\" width=\"800\" height=\"800\" title=\"-\"> <img decoding=\"async\" class=\"alignnone size-full wp-image-200054 aligncenter\" src=\"https:\/\/pay.lpwstore.com\/wp-content\/uploads\/2020\/12\/MOC-36344-Zelda-MOC-The-Master-Sword-Dark-Link-Sword-Creator-by-SkywardBrick-MOC-FACTORY-3.jpg\" alt=\"-\" width=\"800\" height=\"800\" title=\"-\"> <img loading=\"lazy\" decoding=\"async\" class=\"alignnone size-full wp-image-200055 aligncenter\" src=\"https:\/\/pay.lpwstore.com\/wp-content\/uploads\/2020\/12\/MOC-36344-Zelda-MOC-The-Master-Sword-Dark-Link-Sword-Creator-by-SkywardBrick-MOC-FACTORY-4.jpg\" alt=\"-\" width=\"800\" height=\"800\" title=\"-\"><\/p>","protected":false},"excerpt":{"rendered":"<ul>\n<li>Inclure\u00a0<strong>383+<\/strong>\u00a0pi\u00e8ces<\/li>\n<li>Instruction PDF en ligne<\/li>\n<li>Bloc ABS de haute qualit\u00e9<\/li>\n<\/ul>","protected":false},"author":83,"featured_media":22236,"comment_status":"open","ping_status":"closed","template":"","meta":{"_acf_changed":false},"product_cat":[371],"product_tag":[],"class_list":["product","first","instock","shipping-taxable","purchasable","product-type-simple"],"acf":[],"_links":{"self":[{"href":"https:\/\/mouldking.store\/fr\/wp-json\/wp\/v2\/product\/22240","targetHints":{"allow":["GET"]}}],"collection":[{"href":"https:\/\/mouldking.store\/fr\/wp-json\/wp\/v2\/product"}],"about":[{"href":"https:\/\/mouldking.store\/fr\/wp-json\/wp\/v2\/types\/product"}],"author":[{"embeddable":true,"href":"https:\/\/mouldking.store\/fr\/wp-json\/wp\/v2\/users\/83"}],"replies":[{"embeddable":true,"href":"https:\/\/mouldking.store\/fr\/wp-json\/wp\/v2\/comments?post=22240"}],"wp:featuredmedia":[{"embeddable":true,"href":"https:\/\/mouldking.store\/fr\/wp-json\/wp\/v2\/media\/22236"}],"wp:attachment":[{"href":"https:\/\/mouldking.store\/fr\/wp-json\/wp\/v2\/media?parent=22240"}],"wp:term":[{"taxonomy":"product_cat","embeddable":true,"href":"https:\/\/mouldking.store\/fr\/wp-json\/wp\/v2\/product_cat?post=22240"},{"taxonomy":"product_tag","embeddable":true,"href":"https:\/\/mouldking.store\/fr\/wp-json\/wp\/v2\/product_tag?post=22240"}],"curies":[{"name":"wp","href":"https:\/\/api.w.org\/{rel}","templated":true}]}}