{"id":22269,"date":"2021-10-10T04:34:22","date_gmt":"2021-10-09T21:34:22","guid":{"rendered":"https:\/\/mouldking.store\/shop\/moc-53134-art-institute-lion-creator-by-bric-ole-moc-factory\/"},"modified":"2025-12-25T09:21:28","modified_gmt":"2025-12-25T02:21:28","slug":"moc-53134-art-institute-lion-creator-by-bric-ole-moc-factory","status":"publish","type":"product","link":"https:\/\/mouldking.store\/fr\/shop\/moc-53134-art-institute-lion-creator-by-bric-ole-moc-factory\/","title":{"rendered":"MOC-53134 Art Institute Lion Creator par bric.ole MOC FACTORY"},"content":{"rendered":"<p style=\"text-align: left\">MOC-53134 Art Institute Lion Creator par bric.ole MOC FACTORY est un ensemble de la collection Creator, con\u00e7u par bric.ole. Ce MOC 53134 est livr\u00e9 avec des instructions PDF faciles \u00e0 construire et \u00e0 trouver les pi\u00e8ces manquantes. L&#039;ensemble contient 466 pi\u00e8ces, sorties pour la premi\u00e8re fois en 2020.<\/p>\n<p><a href=\"https:\/\/pay.lpwstore.com\/wp-content\/uploads\/2020\/12\/MOC-53134-Art-Institute-Lion-Creator-by-bric.ole-MOC-FACTORY.jpg\" target=\"_blank\" rel=\"noopener\"><img fetchpriority=\"high\" decoding=\"async\" class=\"aligncenter wp-image-200187 size-full\" title=\"MOC-53134 Art Institute Lion Creator par bric.ole MOC FACTORY\" src=\"https:\/\/pay.lpwstore.com\/wp-content\/uploads\/2020\/12\/MOC-53134-Art-Institute-Lion-Creator-by-bric.ole-MOC-FACTORY.jpg\" alt=\"MOC-53134 Art Institute Lion Creator by bric.ole MOC FACTORY\" width=\"800\" height=\"800\" \/><\/a> <img decoding=\"async\" class=\"alignnone size-full wp-image-200188 aligncenter\" src=\"https:\/\/pay.lpwstore.com\/wp-content\/uploads\/2020\/12\/MOC-53134-Art-Institute-Lion-Creator-by-bric-2.jpg\" alt=\"-\" width=\"800\" height=\"800\" title=\"-\"> <img decoding=\"async\" class=\"alignnone size-full wp-image-200189 aligncenter\" src=\"https:\/\/pay.lpwstore.com\/wp-content\/uploads\/2020\/12\/MOC-53134-Art-Institute-Lion-Creator-by-bric-3.jpg\" alt=\"-\" width=\"800\" height=\"800\" title=\"-\"> <img loading=\"lazy\" decoding=\"async\" class=\"alignnone size-full wp-image-200190 aligncenter\" src=\"https:\/\/pay.lpwstore.com\/wp-content\/uploads\/2020\/12\/MOC-53134-Art-Institute-Lion-Creator-by-bric-4.jpg\" alt=\"-\" width=\"800\" height=\"800\" title=\"-\"> <img loading=\"lazy\" decoding=\"async\" class=\"alignnone size-full wp-image-200191 aligncenter\" src=\"https:\/\/pay.lpwstore.com\/wp-content\/uploads\/2020\/12\/MOC-53134-Art-Institute-Lion-Creator-by-bric-5.jpg\" alt=\"-\" width=\"800\" height=\"800\" title=\"-\"><\/p>","protected":false},"excerpt":{"rendered":"<ul>\n<li>Inclure\u00a0<strong>466+<\/strong>\u00a0pi\u00e8ces<\/li>\n<li>Instruction PDF en ligne<\/li>\n<li>Bloc ABS de haute qualit\u00e9<\/li>\n<\/ul>","protected":false},"featured_media":22264,"comment_status":"open","ping_status":"closed","template":"","meta":{"_acf_changed":false},"product_cat":[371],"product_tag":[],"class_list":["product","first","instock","shipping-taxable","purchasable","product-type-simple"],"acf":[],"_links":{"self":[{"href":"https:\/\/mouldking.store\/fr\/wp-json\/wp\/v2\/product\/22269","targetHints":{"allow":["GET"]}}],"collection":[{"href":"https:\/\/mouldking.store\/fr\/wp-json\/wp\/v2\/product"}],"about":[{"href":"https:\/\/mouldking.store\/fr\/wp-json\/wp\/v2\/types\/product"}],"replies":[{"embeddable":true,"href":"https:\/\/mouldking.store\/fr\/wp-json\/wp\/v2\/comments?post=22269"}],"wp:featuredmedia":[{"embeddable":true,"href":"https:\/\/mouldking.store\/fr\/wp-json\/wp\/v2\/media\/22264"}],"wp:attachment":[{"href":"https:\/\/mouldking.store\/fr\/wp-json\/wp\/v2\/media?parent=22269"}],"wp:term":[{"taxonomy":"product_cat","embeddable":true,"href":"https:\/\/mouldking.store\/fr\/wp-json\/wp\/v2\/product_cat?post=22269"},{"taxonomy":"product_tag","embeddable":true,"href":"https:\/\/mouldking.store\/fr\/wp-json\/wp\/v2\/product_tag?post=22269"}],"curies":[{"name":"wp","href":"https:\/\/api.w.org\/{rel}","templated":true}]}}