{"id":22364,"date":"2021-10-10T04:35:59","date_gmt":"2021-10-09T21:35:59","guid":{"rendered":"https:\/\/mouldking.store\/shop\/moc-48067-razor-crest-attack-micro-the-mandalorian-star-wars-by-6211-moc-factory\/"},"modified":"2025-12-25T09:21:24","modified_gmt":"2025-12-25T02:21:24","slug":"moc-48067-razor-crest-attack-micro-the-mandalorian-star-wars-by-6211-moc-factory","status":"publish","type":"product","link":"https:\/\/mouldking.store\/fr\/shop\/moc-48067-razor-crest-attack-micro-the-mandalorian-star-wars-by-6211-moc-factory\/","title":{"rendered":"MOC-48067 Razor Crest Attack Micro \u2013 The Mandalorian Star Wars par 6211 MOC FACTORY"},"content":{"rendered":"<p style=\"text-align: left\">MOC-48067 Razor Crest Attack Micro - The Mandalorian Star Wars par 6211 MOC FACTORY est un ensemble de la collection Star Wars, con\u00e7u par 6211. Ce MOC 48067 est livr\u00e9 avec des instructions PDF faciles \u00e0 construire et \u00e0 trouver les pi\u00e8ces manquantes. L&#039;ensemble contient 395 pi\u00e8ces, sorties pour la premi\u00e8re fois en 2020.<\/p>\n<p><a href=\"https:\/\/pay.lpwstore.com\/wp-content\/uploads\/2021\/01\/MOC-48067-Razor-Crest-Attack-Micro-The-Mandalorian-Star-Wars-by-6211-MOC-FACTORY.jpg\" target=\"_blank\" rel=\"noopener\"><img fetchpriority=\"high\" decoding=\"async\" class=\"aligncenter wp-image-200412 size-full\" title=\"MOC-48067-Razor-Crest-Attack-Micro---The-Mandalorian-Star-Wars-par-6211-MOC-FACTORY\" src=\"https:\/\/pay.lpwstore.com\/wp-content\/uploads\/2021\/01\/MOC-48067-Razor-Crest-Attack-Micro-The-Mandalorian-Star-Wars-by-6211-MOC-FACTORY.jpg\" alt=\"MOC-48067-Razor-Crest-Attack-Micro---The-Mandalorian-Star-Wars-by-6211-MOC-FACTORY\" width=\"800\" height=\"800\" \/><\/a> <img decoding=\"async\" class=\"alignnone size-full wp-image-200413 aligncenter\" src=\"https:\/\/pay.lpwstore.com\/wp-content\/uploads\/2021\/01\/MOC-48067-Razor-Crest-Attack-Micro-The-Mandalorian-Star-Wars-by-6211-MOC-FACTORY-2.jpg\" alt=\"-\" width=\"800\" height=\"800\" title=\"-\"> <img decoding=\"async\" class=\"alignnone size-full wp-image-200414 aligncenter\" src=\"https:\/\/pay.lpwstore.com\/wp-content\/uploads\/2021\/01\/MOC-48067-Razor-Crest-Attack-Micro-The-Mandalorian-Star-Wars-by-6211-MOC-FACTORY-3.jpg\" alt=\"-\" width=\"800\" height=\"800\" title=\"-\"><\/p>","protected":false},"excerpt":{"rendered":"<ul>\n<li>Inclure\u00a0<strong>395+<\/strong>\u00a0pi\u00e8ces<\/li>\n<li>Instruction PDF en ligne<\/li>\n<li>Bloc ABS de haute qualit\u00e9<\/li>\n<\/ul>","protected":false},"featured_media":22361,"comment_status":"open","ping_status":"closed","template":"","meta":{"_acf_changed":false},"product_cat":[415],"product_tag":[],"class_list":["product","first","outofstock","shipping-taxable","purchasable","product-type-simple"],"acf":[],"_links":{"self":[{"href":"https:\/\/mouldking.store\/fr\/wp-json\/wp\/v2\/product\/22364","targetHints":{"allow":["GET"]}}],"collection":[{"href":"https:\/\/mouldking.store\/fr\/wp-json\/wp\/v2\/product"}],"about":[{"href":"https:\/\/mouldking.store\/fr\/wp-json\/wp\/v2\/types\/product"}],"replies":[{"embeddable":true,"href":"https:\/\/mouldking.store\/fr\/wp-json\/wp\/v2\/comments?post=22364"}],"wp:featuredmedia":[{"embeddable":true,"href":"https:\/\/mouldking.store\/fr\/wp-json\/wp\/v2\/media\/22361"}],"wp:attachment":[{"href":"https:\/\/mouldking.store\/fr\/wp-json\/wp\/v2\/media?parent=22364"}],"wp:term":[{"taxonomy":"product_cat","embeddable":true,"href":"https:\/\/mouldking.store\/fr\/wp-json\/wp\/v2\/product_cat?post=22364"},{"taxonomy":"product_tag","embeddable":true,"href":"https:\/\/mouldking.store\/fr\/wp-json\/wp\/v2\/product_tag?post=22364"}],"curies":[{"name":"wp","href":"https:\/\/api.w.org\/{rel}","templated":true}]}}