{"id":22366,"date":"2021-10-10T04:36:00","date_gmt":"2021-10-09T21:36:00","guid":{"rendered":"https:\/\/mouldking.store\/shop\/moc-37282-free-imperial-probe-droid-star-wars-by-clydechestnut-moc-factory\/"},"modified":"2025-12-25T09:21:24","modified_gmt":"2025-12-25T02:21:24","slug":"moc-37282-free-imperial-probe-droid-star-wars-by-clydechestnut-moc-factory","status":"publish","type":"product","link":"https:\/\/mouldking.store\/fr\/shop\/moc-37282-free-imperial-probe-droid-star-wars-by-clydechestnut-moc-factory\/","title":{"rendered":"MOC-37282 GRATUIT \u2013 Imperial Probe Droid Star Wars par ClydeChestnut MOC FACTORY"},"content":{"rendered":"<p>MOC-37282 GRATUIT - Imperial Probe Droid Star Wars par ClydeChestnut MOC FACTORY est un ensemble de la collection Star Wars, con\u00e7u par ClydeChestnut. Ce MOC 37282 est livr\u00e9 avec des instructions PDF faciles \u00e0 construire et \u00e0 trouver les pi\u00e8ces manquantes. L&#039;ensemble contient 61 pi\u00e8ces, sorties pour la premi\u00e8re fois en 2020.<\/p>\n<p><a href=\"https:\/\/pay.lpwstore.com\/wp-content\/uploads\/2021\/01\/MOC-37282-FREE-Imperial-Probe-Droid-Star-Wars-by-ClydeChestnut-MOC-FACTORY.jpg\" target=\"_blank\" rel=\"noopener\"><img fetchpriority=\"high\" decoding=\"async\" class=\"aligncenter wp-image-200417 size-full\" src=\"https:\/\/pay.lpwstore.com\/wp-content\/uploads\/2021\/01\/MOC-37282-FREE-Imperial-Probe-Droid-Star-Wars-by-ClydeChestnut-MOC-FACTORY.jpg\" alt=\"MOC-37282-FREE---Imperial-Probe-Droid-Star-Wars-by-ClydeChestnut-MOC-FACTORY\" width=\"800\" height=\"800\" title=\"-\"><\/a><\/p>","protected":false},"excerpt":{"rendered":"<ul>\n<li>Inclure\u00a0<strong>61+<\/strong>\u00a0pi\u00e8ces<\/li>\n<li>Instruction PDF en ligne<\/li>\n<li>Bloc ABS de haute qualit\u00e9<\/li>\n<\/ul>","protected":false},"featured_media":22365,"comment_status":"open","ping_status":"closed","template":"","meta":{"_acf_changed":false},"product_cat":[415],"product_tag":[],"class_list":["product","first","instock","shipping-taxable","purchasable","product-type-simple"],"acf":[],"_links":{"self":[{"href":"https:\/\/mouldking.store\/fr\/wp-json\/wp\/v2\/product\/22366","targetHints":{"allow":["GET"]}}],"collection":[{"href":"https:\/\/mouldking.store\/fr\/wp-json\/wp\/v2\/product"}],"about":[{"href":"https:\/\/mouldking.store\/fr\/wp-json\/wp\/v2\/types\/product"}],"replies":[{"embeddable":true,"href":"https:\/\/mouldking.store\/fr\/wp-json\/wp\/v2\/comments?post=22366"}],"wp:featuredmedia":[{"embeddable":true,"href":"https:\/\/mouldking.store\/fr\/wp-json\/wp\/v2\/media\/22365"}],"wp:attachment":[{"href":"https:\/\/mouldking.store\/fr\/wp-json\/wp\/v2\/media?parent=22366"}],"wp:term":[{"taxonomy":"product_cat","embeddable":true,"href":"https:\/\/mouldking.store\/fr\/wp-json\/wp\/v2\/product_cat?post=22366"},{"taxonomy":"product_tag","embeddable":true,"href":"https:\/\/mouldking.store\/fr\/wp-json\/wp\/v2\/product_tag?post=22366"}],"curies":[{"name":"wp","href":"https:\/\/api.w.org\/{rel}","templated":true}]}}