{"id":22407,"date":"2021-10-10T04:36:40","date_gmt":"2021-10-10T04:36:40","guid":{"rendered":"https:\/\/mouldking.store\/shop\/moc-35343-b1-battle-droid-star-wars-by-2bricksofficial-moc-factory\/"},"modified":"2025-12-25T09:21:23","modified_gmt":"2025-12-25T02:21:23","slug":"moc-35343-b1-battle-droid-star-wars-by-2bricksofficial-moc-factory","status":"publish","type":"product","link":"https:\/\/mouldking.store\/fr\/shop\/moc-35343-b1-battle-droid-star-wars-by-2bricksofficial-moc-factory\/","title":{"rendered":"MOC-35343 B1 Battle Droid Star Wars par 2bricksofficial MOC FACTORY"},"content":{"rendered":"<p style=\"text-align: left\">MOC-35343 B1 Battle Droid Star Wars par 2bricksofficial MOC FACTORY est un ensemble de la collection Star Wars, con\u00e7u par 2bricksofficial. Ce MOC 35343 est livr\u00e9 avec des instructions PDF faciles \u00e0 construire et \u00e0 trouver les pi\u00e8ces manquantes. L&#039;ensemble contient 319 pi\u00e8ces, sorties pour la premi\u00e8re fois en 2020.<\/p>\n<figure id=\"attachment_39231\" aria-describedby=\"caption-attachment-39231\" style=\"width: 822px\" class=\"wp-caption aligncenter\"><img fetchpriority=\"high\" decoding=\"async\" class=\"wp-image-39231 size-full\" src=\"https:\/\/mouldking.store\/wp-content\/uploads\/2021\/10\/1000x800-2.jpg\" alt=\"MOC-35343 B1 Battle Droid Star Wars by 2bricksofficial MOC FACTORY\" width=\"822\" height=\"800\" title=\"-\"><figcaption id=\"caption-attachment-39231\" class=\"wp-caption-text\">MOC-35343 B1 Battle Droid Star Wars par 2bricksofficial MOC FACTORY<\/figcaption><\/figure>\n<figure id=\"attachment_39232\" aria-describedby=\"caption-attachment-39232\" style=\"width: 683px\" class=\"wp-caption aligncenter\"><img decoding=\"async\" class=\"wp-image-39232 size-full\" src=\"https:\/\/mouldking.store\/wp-content\/uploads\/2021\/10\/683x683p-2.jpg\" alt=\"MOC-35343 B1 Battle Droid Star Wars by 2bricksofficial MOC FACTORY\" width=\"683\" height=\"683\" title=\"-\"><figcaption id=\"caption-attachment-39232\" class=\"wp-caption-text\">MOC-35343 B1 Battle Droid Star Wars par 2bricksofficial MOC FACTORY<\/figcaption><\/figure>\n<figure id=\"attachment_39233\" aria-describedby=\"caption-attachment-39233\" style=\"width: 683px\" class=\"wp-caption aligncenter\"><img decoding=\"async\" class=\"wp-image-39233 size-full\" src=\"https:\/\/mouldking.store\/wp-content\/uploads\/2021\/10\/683x683p-1.jpg\" alt=\"MOC-35343 B1 Battle Droid Star Wars by 2bricksofficial MOC FACTORY\" width=\"683\" height=\"683\" title=\"-\"><figcaption id=\"caption-attachment-39233\" class=\"wp-caption-text\">MOC-35343 B1 Battle Droid Star Wars par 2bricksofficial MOC FACTORY<\/figcaption><\/figure>\n<figure id=\"attachment_39234\" aria-describedby=\"caption-attachment-39234\" style=\"width: 683px\" class=\"wp-caption aligncenter\"><img loading=\"lazy\" decoding=\"async\" class=\"wp-image-39234 size-full\" src=\"https:\/\/mouldking.store\/wp-content\/uploads\/2021\/10\/683x683p.jpg\" alt=\"MOC-35343 B1 Battle Droid Star Wars by 2bricksofficial MOC FACTORY\" width=\"683\" height=\"683\" title=\"-\"><figcaption id=\"caption-attachment-39234\" class=\"wp-caption-text\">MOC-35343 B1 Battle Droid Star Wars par 2bricksofficial MOC FACTORY<\/figcaption><\/figure>\n<div class=\"mceTemp\"><\/div>","protected":false},"excerpt":{"rendered":"<ul>\n<li>Inclure\u00a0<strong>319+<\/strong>\u00a0pi\u00e8ces<\/li>\n<li>Instruction PDF en ligne<\/li>\n<li>Bloc ABS de haute qualit\u00e9<\/li>\n<li>Temps d&#039;arrangement\u00a0: 4 \u00e0 8\u00a0semaines<\/li>\n<\/ul>","protected":false},"featured_media":22402,"comment_status":"open","ping_status":"closed","template":"","meta":{"_acf_changed":false},"product_cat":[415],"product_tag":[],"class_list":["product","first","instock","shipping-taxable","purchasable","product-type-simple"],"acf":[],"_links":{"self":[{"href":"https:\/\/mouldking.store\/fr\/wp-json\/wp\/v2\/product\/22407","targetHints":{"allow":["GET"]}}],"collection":[{"href":"https:\/\/mouldking.store\/fr\/wp-json\/wp\/v2\/product"}],"about":[{"href":"https:\/\/mouldking.store\/fr\/wp-json\/wp\/v2\/types\/product"}],"replies":[{"embeddable":true,"href":"https:\/\/mouldking.store\/fr\/wp-json\/wp\/v2\/comments?post=22407"}],"wp:featuredmedia":[{"embeddable":true,"href":"https:\/\/mouldking.store\/fr\/wp-json\/wp\/v2\/media\/22402"}],"wp:attachment":[{"href":"https:\/\/mouldking.store\/fr\/wp-json\/wp\/v2\/media?parent=22407"}],"wp:term":[{"taxonomy":"product_cat","embeddable":true,"href":"https:\/\/mouldking.store\/fr\/wp-json\/wp\/v2\/product_cat?post=22407"},{"taxonomy":"product_tag","embeddable":true,"href":"https:\/\/mouldking.store\/fr\/wp-json\/wp\/v2\/product_tag?post=22407"}],"curies":[{"name":"wp","href":"https:\/\/api.w.org\/{rel}","templated":true}]}}