{"id":22496,"date":"2021-10-10T04:38:02","date_gmt":"2021-10-10T04:38:02","guid":{"rendered":"https:\/\/mouldking.store\/shop\/moc-50047-shelby-gt500-2020-technic-by-hl2-moc-factory\/"},"modified":"2025-12-25T09:21:17","modified_gmt":"2025-12-25T02:21:17","slug":"moc-50047-shelby-gt500-2020-technic-by-hl2-moc-factory","status":"publish","type":"product","link":"https:\/\/mouldking.store\/fr\/shop\/moc-50047-shelby-gt500-2020-technic-by-hl2-moc-factory\/","title":{"rendered":"MOC-50047 Shelby Gt500 2020 Technic par HL2 MOC FACTORY"},"content":{"rendered":"<p style=\"text-align: left\">MOC-50047 Shelby Gt500 2020 Technic by HL2 MOC FACTORY is a set in Technic collection, designed by HL2. This MOC 50047 comes with Electronic version of lxf drawing, which needs to be opened through LDD. The set contains 3932 pieces, first released in 2020.<\/p>\n<p style=\"text-align: left\"><strong>NOTE:<\/strong><\/p>\n<ul style=\"text-align: center\">\n<li style=\"text-align: left\"><strong>La couleur des pi\u00e8ces individuelles ne correspond pas \u00e0 celle des pi\u00e8ces de dessin, ce qui n&#039;affecte pas l&#039;apparence.<\/strong><\/li>\n<li style=\"text-align: left\"><strong>Veuillez acheter avec soin pour ceux qui ne sont pas pr\u00e9occup\u00e9s par la pr\u00e9cision, la diff\u00e9rence de couleur des pi\u00e8ces domestiques.<\/strong><\/li>\n<li style=\"text-align: left\"><strong>All printed materials contained in the product are replaced by common parts<\/strong><\/li>\n<\/ul>\n<p><a href=\"https:\/\/pay.lpwstore.com\/wp-content\/uploads\/2021\/01\/MOC-50047-Shelby-Gt500-2020-Technic-by-HL2-MOC-FACTORY.jpg\" target=\"_blank\" rel=\"noopener\"><img fetchpriority=\"high\" decoding=\"async\" class=\"aligncenter wp-image-200851 size-full\" title=\"MOC-50047 Shelby Gt500 2020 Technic par HL2 MOC FACTORY\" src=\"https:\/\/pay.lpwstore.com\/wp-content\/uploads\/2021\/01\/MOC-50047-Shelby-Gt500-2020-Technic-by-HL2-MOC-FACTORY.jpg\" alt=\"MOC-50047 Shelby Gt500 2020 Technic by HL2 MOC FACTORY\" width=\"800\" height=\"800\" \/><\/a> <img decoding=\"async\" class=\"alignnone size-full wp-image-200852 aligncenter\" src=\"https:\/\/pay.lpwstore.com\/wp-content\/uploads\/2021\/01\/MOC-50047-Shelby-Gt500-2020-Technic-by-HL2-MOC-FACTORY-2.jpg\" alt=\"-\" width=\"800\" height=\"800\" title=\"-\"> <img decoding=\"async\" class=\"alignnone size-full wp-image-200853 aligncenter\" src=\"https:\/\/pay.lpwstore.com\/wp-content\/uploads\/2021\/01\/MOC-50047-Shelby-Gt500-2020-Technic-by-HL2-MOC-FACTORY-3.jpg\" alt=\"-\" width=\"800\" height=\"800\" title=\"-\"> <img loading=\"lazy\" decoding=\"async\" class=\"alignnone size-full wp-image-200854 aligncenter\" src=\"https:\/\/pay.lpwstore.com\/wp-content\/uploads\/2021\/01\/MOC-50047-Shelby-Gt500-2020-Technic-by-HL2-MOC-FACTORY-4.jpg\" alt=\"-\" width=\"800\" height=\"800\" title=\"-\"><\/p>","protected":false},"excerpt":{"rendered":"<ul>\n<li>Inclure\u00a0<strong>3932+<\/strong>\u00a0pi\u00e8ces<\/li>\n<li>Instruction: Electronic version of lxf drawing, which needs to be opened through LDD<\/li>\n<li>Bloc ABS de haute qualit\u00e9<\/li>\n<li>Pas de moteur<\/li>\n<\/ul>","protected":false},"featured_media":22492,"comment_status":"open","ping_status":"closed","template":"","meta":{"_acf_changed":false},"product_cat":[364],"product_tag":[],"class_list":["product","first","outofstock","shipping-taxable","purchasable","product-type-simple"],"acf":[],"_links":{"self":[{"href":"https:\/\/mouldking.store\/fr\/wp-json\/wp\/v2\/product\/22496","targetHints":{"allow":["GET"]}}],"collection":[{"href":"https:\/\/mouldking.store\/fr\/wp-json\/wp\/v2\/product"}],"about":[{"href":"https:\/\/mouldking.store\/fr\/wp-json\/wp\/v2\/types\/product"}],"replies":[{"embeddable":true,"href":"https:\/\/mouldking.store\/fr\/wp-json\/wp\/v2\/comments?post=22496"}],"wp:featuredmedia":[{"embeddable":true,"href":"https:\/\/mouldking.store\/fr\/wp-json\/wp\/v2\/media\/22492"}],"wp:attachment":[{"href":"https:\/\/mouldking.store\/fr\/wp-json\/wp\/v2\/media?parent=22496"}],"wp:term":[{"taxonomy":"product_cat","embeddable":true,"href":"https:\/\/mouldking.store\/fr\/wp-json\/wp\/v2\/product_cat?post=22496"},{"taxonomy":"product_tag","embeddable":true,"href":"https:\/\/mouldking.store\/fr\/wp-json\/wp\/v2\/product_tag?post=22496"}],"curies":[{"name":"wp","href":"https:\/\/api.w.org\/{rel}","templated":true}]}}