{"id":22502,"date":"2021-10-10T04:38:09","date_gmt":"2021-10-10T04:38:09","guid":{"rendered":"https:\/\/mouldking.store\/shop\/moc-60088-launch-tower-mk-i-for-saturn-v-21309-92176-with-crawler-space-by-janotechnic-moc-factory\/"},"modified":"2025-12-25T09:21:17","modified_gmt":"2025-12-25T02:21:17","slug":"moc-60088-launch-tower-mk-i-for-saturn-v-21309-92176-with-crawler-space-by-janotechnic-moc-factory","status":"publish","type":"product","link":"https:\/\/mouldking.store\/fr\/shop\/moc-60088-launch-tower-mk-i-for-saturn-v-21309-92176-with-crawler-space-by-janotechnic-moc-factory\/","title":{"rendered":"MOC-60088 Launch Tower Mk I pour Saturn V (21309\/92176) avec Crawler Space par Janotechnic MOC FACTORY"},"content":{"rendered":"<p style=\"text-align: left\">MOC-60088 Launch Tower Mk I pour Saturn V (21309\/92176) avec Crawler Space par Janotechnic MOC FACTORY est un ensemble de la collection Space, con\u00e7u par Janotechnic. Ce MOC 60088 est livr\u00e9 avec des instructions PDF faciles \u00e0 construire et \u00e0 trouver les pi\u00e8ces manquantes. L&#039;ensemble contient 7702 pi\u00e8ces, sorties pour la premi\u00e8re fois en 2021.<\/p>\n<p><a href=\"https:\/\/pay.lpwstore.com\/wp-content\/uploads\/2021\/01\/MOC-60088-Launch-Tower-Mk-I-for-Saturn-V-2130992176-with-Crawler-Space-by-Janotechnic-MOC-FACTORY-3.jpg\" target=\"_blank\" rel=\"noopener\"><img fetchpriority=\"high\" decoding=\"async\" class=\"aligncenter wp-image-200883 size-full\" title=\"MOC-60088-Tour-de-lancement-Mk-I-pour-Saturn-V-(2130992176)-avec-Crawler-Space-par-Janotechnic-MOC-FACTORY-3\" src=\"https:\/\/pay.lpwstore.com\/wp-content\/uploads\/2021\/01\/MOC-60088-Launch-Tower-Mk-I-for-Saturn-V-2130992176-with-Crawler-Space-by-Janotechnic-MOC-FACTORY-3.jpg\" alt=\"MOC-60088-Launch-Tower-Mk-I-for-Saturn-V-(2130992176)-with-Crawler-Space-by-Janotechnic-MOC-FACTORY-3\" width=\"800\" height=\"800\" \/><\/a> <img decoding=\"async\" class=\"alignnone size-full wp-image-200884 aligncenter\" src=\"https:\/\/pay.lpwstore.com\/wp-content\/uploads\/2021\/01\/MOC-60088-Launch-Tower-Mk-I-for-Saturn-V-2130992176-with-Crawler-Space-by-Janotechnic-MOC-FACTORY-4.jpg\" alt=\"-\" width=\"800\" height=\"800\" title=\"-\"> <img decoding=\"async\" class=\"alignnone size-full wp-image-200885 aligncenter\" src=\"https:\/\/pay.lpwstore.com\/wp-content\/uploads\/2021\/01\/MOC-60088-Launch-Tower-Mk-I-for-Saturn-V-2130992176-with-Crawler-Space-by-Janotechnic-MOC-FACTORY-5.jpg\" alt=\"-\" width=\"800\" height=\"800\" title=\"-\"> <img loading=\"lazy\" decoding=\"async\" class=\"alignnone size-full wp-image-200886 aligncenter\" src=\"https:\/\/pay.lpwstore.com\/wp-content\/uploads\/2021\/01\/MOC-60088-Launch-Tower-Mk-I-for-Saturn-V-2130992176-with-Crawler-Space-by-Janotechnic-MOC-FACTORY-6.jpg\" alt=\"-\" width=\"800\" height=\"800\" title=\"-\"> <img loading=\"lazy\" decoding=\"async\" class=\"alignnone size-full wp-image-200887 aligncenter\" src=\"https:\/\/pay.lpwstore.com\/wp-content\/uploads\/2021\/01\/MOC-60088-Launch-Tower-Mk-I-for-Saturn-V-2130992176-with-Crawler-Space-by-Janotechnic-MOC-FACTORY-7.jpg\" alt=\"-\" width=\"800\" height=\"800\" title=\"-\"><\/p>","protected":false},"excerpt":{"rendered":"<ul>\n<li>Inclure <strong>7702+<\/strong> pi\u00e8ces<\/li>\n<li>Instruction PDF en ligne<\/li>\n<li>Bloc ABS de haute qualit\u00e9<\/li>\n<li>Ne pas inclure le vaisseau spatial<\/li>\n<\/ul>","protected":false},"featured_media":22497,"comment_status":"open","ping_status":"closed","template":"","meta":{"_acf_changed":false},"product_cat":[364],"product_tag":[],"class_list":["product","first","instock","shipping-taxable","purchasable","product-type-simple"],"acf":[],"_links":{"self":[{"href":"https:\/\/mouldking.store\/fr\/wp-json\/wp\/v2\/product\/22502","targetHints":{"allow":["GET"]}}],"collection":[{"href":"https:\/\/mouldking.store\/fr\/wp-json\/wp\/v2\/product"}],"about":[{"href":"https:\/\/mouldking.store\/fr\/wp-json\/wp\/v2\/types\/product"}],"replies":[{"embeddable":true,"href":"https:\/\/mouldking.store\/fr\/wp-json\/wp\/v2\/comments?post=22502"}],"wp:featuredmedia":[{"embeddable":true,"href":"https:\/\/mouldking.store\/fr\/wp-json\/wp\/v2\/media\/22497"}],"wp:attachment":[{"href":"https:\/\/mouldking.store\/fr\/wp-json\/wp\/v2\/media?parent=22502"}],"wp:term":[{"taxonomy":"product_cat","embeddable":true,"href":"https:\/\/mouldking.store\/fr\/wp-json\/wp\/v2\/product_cat?post=22502"},{"taxonomy":"product_tag","embeddable":true,"href":"https:\/\/mouldking.store\/fr\/wp-json\/wp\/v2\/product_tag?post=22502"}],"curies":[{"name":"wp","href":"https:\/\/api.w.org\/{rel}","templated":true}]}}