{"id":22513,"date":"2021-10-10T04:38:16","date_gmt":"2021-10-09T21:38:16","guid":{"rendered":"https:\/\/mouldking.store\/shop\/moc-34189-dieselpunk-ornithopter-technic-by-asgardianstudio-moc-factory\/"},"modified":"2025-12-25T09:21:17","modified_gmt":"2025-12-25T02:21:17","slug":"moc-34189-dieselpunk-ornithopter-technic-by-asgardianstudio-moc-factory","status":"publish","type":"product","link":"https:\/\/mouldking.store\/fr\/shop\/moc-34189-dieselpunk-ornithopter-technic-by-asgardianstudio-moc-factory\/","title":{"rendered":"MOC-34189 Technique d&#039;ornithopt\u00e8re Dieselpunk par AsgardianStudio MOC FACTORY"},"content":{"rendered":"<ul>\n<li style=\"text-align: left;\">MOC-34189 Dieselpunk Ornithopter Technic par AsgardianStudio MOC FACTORY est un ensemble de la collection Technic, con\u00e7u par AsgardianStudio. Ce MOC 34189 est livr\u00e9 avec des instructions PDF faciles \u00e0 construire et \u00e0 trouver les pi\u00e8ces manquantes. L&#039;ensemble contient 2251 pi\u00e8ces, sorties pour la premi\u00e8re fois en 2021.<\/li>\n<li>Temps d&#039;arrangement\u00a0: 5 \u00e0 7\u00a0semaines<\/li>\n<\/ul>\n<p>&nbsp;<\/p>\n<figure id=\"attachment_22508\" aria-describedby=\"caption-attachment-22508\" style=\"width: 800px\" class=\"wp-caption aligncenter\"><img fetchpriority=\"high\" decoding=\"async\" class=\"wp-image-22508 size-full\" src=\"https:\/\/mouldking.store\/wp-content\/uploads\/2021\/10\/MOC-34189-Dieselpunk-Ornithopter-Technic-by-AsgardianStudio-MOC-FACTORY.jpg\" alt=\"MOC-34189 Dieselpunk Ornithopter Technic by AsgardianStudio MOC FACTORY\" width=\"800\" height=\"800\" title=\"-\" srcset=\"https:\/\/mouldking.store\/wp-content\/uploads\/2021\/10\/MOC-34189-Dieselpunk-Ornithopter-Technic-by-AsgardianStudio-MOC-FACTORY.jpg 800w, https:\/\/mouldking.store\/wp-content\/uploads\/2021\/10\/MOC-34189-Dieselpunk-Ornithopter-Technic-by-AsgardianStudio-MOC-FACTORY-300x300.jpg 300w, https:\/\/mouldking.store\/wp-content\/uploads\/2021\/10\/MOC-34189-Dieselpunk-Ornithopter-Technic-by-AsgardianStudio-MOC-FACTORY-768x768.jpg 768w, https:\/\/mouldking.store\/wp-content\/uploads\/2021\/10\/MOC-34189-Dieselpunk-Ornithopter-Technic-by-AsgardianStudio-MOC-FACTORY-600x600.jpg 600w, https:\/\/mouldking.store\/wp-content\/uploads\/2021\/10\/MOC-34189-Dieselpunk-Ornithopter-Technic-by-AsgardianStudio-MOC-FACTORY-150x150.jpg 150w\" sizes=\"(max-width: 800px) 100vw, 800px\" \/><figcaption id=\"caption-attachment-22508\" class=\"wp-caption-text\">MOC-34189 Technique d&#039;ornithopt\u00e8re Dieselpunk par AsgardianStudio MOC FACTORY<\/figcaption><\/figure>\n<figure id=\"attachment_22509\" aria-describedby=\"caption-attachment-22509\" style=\"width: 800px\" class=\"wp-caption aligncenter\"><img decoding=\"async\" class=\"wp-image-22509 size-full\" src=\"https:\/\/mouldking.store\/wp-content\/uploads\/2021\/10\/MOC-34189-Dieselpunk-Ornithopter-Technic-by-AsgardianStudio-MOC-FACTORY-2.jpg\" alt=\"MOC-34189 Dieselpunk Ornithopter Technic by AsgardianStudio MOC FACTORY\" width=\"800\" height=\"800\" title=\"-\" srcset=\"https:\/\/mouldking.store\/wp-content\/uploads\/2021\/10\/MOC-34189-Dieselpunk-Ornithopter-Technic-by-AsgardianStudio-MOC-FACTORY-2.jpg 800w, https:\/\/mouldking.store\/wp-content\/uploads\/2021\/10\/MOC-34189-Dieselpunk-Ornithopter-Technic-by-AsgardianStudio-MOC-FACTORY-2-300x300.jpg 300w, https:\/\/mouldking.store\/wp-content\/uploads\/2021\/10\/MOC-34189-Dieselpunk-Ornithopter-Technic-by-AsgardianStudio-MOC-FACTORY-2-768x768.jpg 768w, https:\/\/mouldking.store\/wp-content\/uploads\/2021\/10\/MOC-34189-Dieselpunk-Ornithopter-Technic-by-AsgardianStudio-MOC-FACTORY-2-600x600.jpg 600w, https:\/\/mouldking.store\/wp-content\/uploads\/2021\/10\/MOC-34189-Dieselpunk-Ornithopter-Technic-by-AsgardianStudio-MOC-FACTORY-2-150x150.jpg 150w\" sizes=\"(max-width: 800px) 100vw, 800px\" \/><figcaption id=\"caption-attachment-22509\" class=\"wp-caption-text\">MOC-34189 Technique d&#039;ornithopt\u00e8re Dieselpunk par AsgardianStudio MOC FACTORY<\/figcaption><\/figure>\n<figure id=\"attachment_22511\" aria-describedby=\"caption-attachment-22511\" style=\"width: 800px\" class=\"wp-caption aligncenter\"><img decoding=\"async\" class=\"wp-image-22511 size-full\" src=\"https:\/\/mouldking.store\/wp-content\/uploads\/2021\/10\/MOC-34189-Dieselpunk-Ornithopter-Technic-by-AsgardianStudio-MOC-FACTORY-4.jpg\" alt=\"MOC-34189 Dieselpunk Ornithopter Technic by AsgardianStudio MOC FACTORY\" width=\"800\" height=\"800\" title=\"-\" srcset=\"https:\/\/mouldking.store\/wp-content\/uploads\/2021\/10\/MOC-34189-Dieselpunk-Ornithopter-Technic-by-AsgardianStudio-MOC-FACTORY-4.jpg 800w, https:\/\/mouldking.store\/wp-content\/uploads\/2021\/10\/MOC-34189-Dieselpunk-Ornithopter-Technic-by-AsgardianStudio-MOC-FACTORY-4-300x300.jpg 300w, https:\/\/mouldking.store\/wp-content\/uploads\/2021\/10\/MOC-34189-Dieselpunk-Ornithopter-Technic-by-AsgardianStudio-MOC-FACTORY-4-768x768.jpg 768w, https:\/\/mouldking.store\/wp-content\/uploads\/2021\/10\/MOC-34189-Dieselpunk-Ornithopter-Technic-by-AsgardianStudio-MOC-FACTORY-4-600x600.jpg 600w, https:\/\/mouldking.store\/wp-content\/uploads\/2021\/10\/MOC-34189-Dieselpunk-Ornithopter-Technic-by-AsgardianStudio-MOC-FACTORY-4-150x150.jpg 150w\" sizes=\"(max-width: 800px) 100vw, 800px\" \/><figcaption id=\"caption-attachment-22511\" class=\"wp-caption-text\">MOC-34189 Technique d&#039;ornithopt\u00e8re Dieselpunk par AsgardianStudio MOC FACTORY<\/figcaption><\/figure>\n<figure id=\"attachment_22510\" aria-describedby=\"caption-attachment-22510\" style=\"width: 800px\" class=\"wp-caption aligncenter\"><img loading=\"lazy\" decoding=\"async\" class=\"wp-image-22510 size-full\" src=\"https:\/\/mouldking.store\/wp-content\/uploads\/2021\/10\/MOC-34189-Dieselpunk-Ornithopter-Technic-by-AsgardianStudio-MOC-FACTORY-3.jpg\" alt=\"MOC-34189 Dieselpunk Ornithopter Technic by AsgardianStudio MOC FACTORY\" width=\"800\" height=\"800\" title=\"-\" srcset=\"https:\/\/mouldking.store\/wp-content\/uploads\/2021\/10\/MOC-34189-Dieselpunk-Ornithopter-Technic-by-AsgardianStudio-MOC-FACTORY-3.jpg 800w, https:\/\/mouldking.store\/wp-content\/uploads\/2021\/10\/MOC-34189-Dieselpunk-Ornithopter-Technic-by-AsgardianStudio-MOC-FACTORY-3-300x300.jpg 300w, https:\/\/mouldking.store\/wp-content\/uploads\/2021\/10\/MOC-34189-Dieselpunk-Ornithopter-Technic-by-AsgardianStudio-MOC-FACTORY-3-768x768.jpg 768w, https:\/\/mouldking.store\/wp-content\/uploads\/2021\/10\/MOC-34189-Dieselpunk-Ornithopter-Technic-by-AsgardianStudio-MOC-FACTORY-3-600x600.jpg 600w, https:\/\/mouldking.store\/wp-content\/uploads\/2021\/10\/MOC-34189-Dieselpunk-Ornithopter-Technic-by-AsgardianStudio-MOC-FACTORY-3-150x150.jpg 150w\" sizes=\"(max-width: 800px) 100vw, 800px\" \/><figcaption id=\"caption-attachment-22510\" class=\"wp-caption-text\">MOC-34189 Technique d&#039;ornithopt\u00e8re Dieselpunk par AsgardianStudio MOC FACTORY<\/figcaption><\/figure>\n<figure id=\"attachment_22512\" aria-describedby=\"caption-attachment-22512\" style=\"width: 800px\" class=\"wp-caption aligncenter\"><img loading=\"lazy\" decoding=\"async\" class=\"wp-image-22512 size-full\" src=\"https:\/\/mouldking.store\/wp-content\/uploads\/2021\/10\/MOC-34189-Dieselpunk-Ornithopter-Technic-by-AsgardianStudio-MOC-FACTORY-5.jpg\" alt=\"MOC-34189 Dieselpunk Ornithopter Technic by AsgardianStudio MOC FACTORY\" width=\"800\" height=\"800\" title=\"-\" srcset=\"https:\/\/mouldking.store\/wp-content\/uploads\/2021\/10\/MOC-34189-Dieselpunk-Ornithopter-Technic-by-AsgardianStudio-MOC-FACTORY-5.jpg 800w, https:\/\/mouldking.store\/wp-content\/uploads\/2021\/10\/MOC-34189-Dieselpunk-Ornithopter-Technic-by-AsgardianStudio-MOC-FACTORY-5-300x300.jpg 300w, https:\/\/mouldking.store\/wp-content\/uploads\/2021\/10\/MOC-34189-Dieselpunk-Ornithopter-Technic-by-AsgardianStudio-MOC-FACTORY-5-768x768.jpg 768w, https:\/\/mouldking.store\/wp-content\/uploads\/2021\/10\/MOC-34189-Dieselpunk-Ornithopter-Technic-by-AsgardianStudio-MOC-FACTORY-5-600x600.jpg 600w, https:\/\/mouldking.store\/wp-content\/uploads\/2021\/10\/MOC-34189-Dieselpunk-Ornithopter-Technic-by-AsgardianStudio-MOC-FACTORY-5-150x150.jpg 150w\" sizes=\"(max-width: 800px) 100vw, 800px\" \/><figcaption id=\"caption-attachment-22512\" class=\"wp-caption-text\">MOC-34189 Technique d&#039;ornithopt\u00e8re Dieselpunk par AsgardianStudio MOC FACTORY<\/figcaption><\/figure>\n<p>&nbsp;<\/p>","protected":false},"excerpt":{"rendered":"<ul>\n<li>Inclure\u00a0<strong>2251+<\/strong>\u00a0pi\u00e8ces<\/li>\n<li>Instruction PDF en ligne<\/li>\n<li>Bloc ABS de haute qualit\u00e9<\/li>\n<\/ul>","protected":false},"featured_media":22508,"comment_status":"open","ping_status":"closed","template":"","meta":{"_acf_changed":false},"product_cat":[364],"product_tag":[],"class_list":["product","first","instock","shipping-taxable","purchasable","product-type-simple"],"acf":[],"_links":{"self":[{"href":"https:\/\/mouldking.store\/fr\/wp-json\/wp\/v2\/product\/22513","targetHints":{"allow":["GET"]}}],"collection":[{"href":"https:\/\/mouldking.store\/fr\/wp-json\/wp\/v2\/product"}],"about":[{"href":"https:\/\/mouldking.store\/fr\/wp-json\/wp\/v2\/types\/product"}],"replies":[{"embeddable":true,"href":"https:\/\/mouldking.store\/fr\/wp-json\/wp\/v2\/comments?post=22513"}],"wp:featuredmedia":[{"embeddable":true,"href":"https:\/\/mouldking.store\/fr\/wp-json\/wp\/v2\/media\/22508"}],"wp:attachment":[{"href":"https:\/\/mouldking.store\/fr\/wp-json\/wp\/v2\/media?parent=22513"}],"wp:term":[{"taxonomy":"product_cat","embeddable":true,"href":"https:\/\/mouldking.store\/fr\/wp-json\/wp\/v2\/product_cat?post=22513"},{"taxonomy":"product_tag","embeddable":true,"href":"https:\/\/mouldking.store\/fr\/wp-json\/wp\/v2\/product_tag?post=22513"}],"curies":[{"name":"wp","href":"https:\/\/api.w.org\/{rel}","templated":true}]}}