{"id":22517,"date":"2021-10-10T04:38:29","date_gmt":"2021-10-09T21:38:29","guid":{"rendered":"https:\/\/mouldking.store\/shop\/moc-31635-imperial-troop-transport-star-wars-by-gamerbambii-moc-factory\/"},"modified":"2025-12-25T09:21:17","modified_gmt":"2025-12-25T02:21:17","slug":"moc-31635-imperial-troop-transport-star-wars-by-gamerbambii-moc-factory","status":"publish","type":"product","link":"https:\/\/mouldking.store\/fr\/shop\/moc-31635-imperial-troop-transport-star-wars-by-gamerbambii-moc-factory\/","title":{"rendered":"MOC-31635 Imperial Troop Transport Star Wars par GamerBambii MOC FACTORY"},"content":{"rendered":"<p style=\"text-align: left\">MOC-31635 Imperial Troop Transport Star Wars par GamerBambii MOC FACTORY est un ensemble de la collection Star Wars, con\u00e7u par GamerBambii. Ce MOC 31635 est livr\u00e9 avec des instructions PDF faciles \u00e0 construire et \u00e0 trouver les pi\u00e8ces manquantes. L&#039;ensemble contient 325 pi\u00e8ces, sorties pour la premi\u00e8re fois en 2021.<\/p>\n<p style=\"text-align: center\"><a href=\"https:\/\/pay.lpwstore.com\/wp-content\/uploads\/2021\/01\/MOC-31635-Imperial-Troop-Transport-Star-Wars-by-GamerBambii-MOC-FACTORY.jpg\" target=\"_blank\" rel=\"noopener\"><img fetchpriority=\"high\" decoding=\"async\" class=\"aligncenter wp-image-200905 size-full\" title=\"MOC-31635 Imperial Troop Transport Star Wars par GamerBambii MOC FACTORY\" src=\"https:\/\/pay.lpwstore.com\/wp-content\/uploads\/2021\/01\/MOC-31635-Imperial-Troop-Transport-Star-Wars-by-GamerBambii-MOC-FACTORY.jpg\" alt=\"MOC-31635-Imperial-Troop-Transport-Star-Wars-by-GamerBambii-MOC-FACTORY\" width=\"800\" height=\"800\" \/><\/a> <img decoding=\"async\" class=\"alignnone size-full wp-image-200906\" src=\"https:\/\/pay.lpwstore.com\/wp-content\/uploads\/2021\/01\/MOC-31635-Imperial-Troop-Transport-Star-Wars-by-GamerBambii-MOC-FACTORY-2.jpg\" alt=\"-\" width=\"800\" height=\"800\" title=\"-\"> <img decoding=\"async\" class=\"alignnone size-full wp-image-200907\" src=\"https:\/\/pay.lpwstore.com\/wp-content\/uploads\/2021\/01\/MOC-31635-Imperial-Troop-Transport-Star-Wars-by-GamerBambii-MOC-FACTORY-3.jpg\" alt=\"-\" width=\"800\" height=\"800\" title=\"-\"><\/p>\n<p style=\"text-align: center\">","protected":false},"excerpt":{"rendered":"<ul>\n<li>Inclure\u00a0<strong>325+<\/strong>\u00a0pi\u00e8ces<\/li>\n<li>Instruction PDF en ligne<\/li>\n<li>Bloc ABS de haute qualit\u00e9<\/li>\n<\/ul>","protected":false},"featured_media":22514,"comment_status":"open","ping_status":"closed","template":"","meta":{"_acf_changed":false},"product_cat":[415],"product_tag":[],"class_list":["product","first","outofstock","shipping-taxable","purchasable","product-type-simple"],"acf":[],"_links":{"self":[{"href":"https:\/\/mouldking.store\/fr\/wp-json\/wp\/v2\/product\/22517","targetHints":{"allow":["GET"]}}],"collection":[{"href":"https:\/\/mouldking.store\/fr\/wp-json\/wp\/v2\/product"}],"about":[{"href":"https:\/\/mouldking.store\/fr\/wp-json\/wp\/v2\/types\/product"}],"replies":[{"embeddable":true,"href":"https:\/\/mouldking.store\/fr\/wp-json\/wp\/v2\/comments?post=22517"}],"wp:featuredmedia":[{"embeddable":true,"href":"https:\/\/mouldking.store\/fr\/wp-json\/wp\/v2\/media\/22514"}],"wp:attachment":[{"href":"https:\/\/mouldking.store\/fr\/wp-json\/wp\/v2\/media?parent=22517"}],"wp:term":[{"taxonomy":"product_cat","embeddable":true,"href":"https:\/\/mouldking.store\/fr\/wp-json\/wp\/v2\/product_cat?post=22517"},{"taxonomy":"product_tag","embeddable":true,"href":"https:\/\/mouldking.store\/fr\/wp-json\/wp\/v2\/product_tag?post=22517"}],"curies":[{"name":"wp","href":"https:\/\/api.w.org\/{rel}","templated":true}]}}