{"id":22526,"date":"2021-10-10T04:38:44","date_gmt":"2021-10-09T21:38:44","guid":{"rendered":"https:\/\/mouldking.store\/shop\/moc-44070-the-medieval-smithy-modular-building-by-povladimir-moc-factory\/"},"modified":"2025-12-25T09:21:17","modified_gmt":"2025-12-25T02:21:17","slug":"moc-44070-the-medieval-smithy-modular-building-by-povladimir-moc-factory","status":"publish","type":"product","link":"https:\/\/mouldking.store\/fr\/shop\/moc-44070-the-medieval-smithy-modular-building-by-povladimir-moc-factory\/","title":{"rendered":"MOC-44070 Le b\u00e2timent modulaire de la forge m\u00e9di\u00e9vale par povladimir MOC FACTORY"},"content":{"rendered":"<p style=\"text-align: left\">MOC-44070 The Medieval Smithy Modular Building by povladimir MOC FACTORY is a set in Modular Building collection, designed by povladimir. This MOC 44070 comes with PDF instruction which is easy to build and find the missing pieces. The set contains 2997 pieces, first released in 2021.<\/p>\n<p style=\"text-align: center\"><a href=\"https:\/\/pay.lpwstore.com\/wp-content\/uploads\/2021\/01\/MOC-44070-The-Medieval-Smithy-Modular-Building-by-povladimir-MOC-FACTORY.jpg\" target=\"_blank\" rel=\"noopener\"><img fetchpriority=\"high\" decoding=\"async\" class=\"alignnone wp-image-200914 size-full\" title=\"MOC-44070 Le b\u00e2timent modulaire de la forge m\u00e9di\u00e9vale par povladimir MOC FACTORY\" src=\"https:\/\/pay.lpwstore.com\/wp-content\/uploads\/2021\/01\/MOC-44070-The-Medieval-Smithy-Modular-Building-by-povladimir-MOC-FACTORY.jpg\" alt=\"MOC-44070 The Medieval Smithy Modular Building by povladimir MOC FACTORY\" width=\"800\" height=\"800\" \/><\/a> <img decoding=\"async\" class=\"alignnone size-full wp-image-200915\" src=\"https:\/\/pay.lpwstore.com\/wp-content\/uploads\/2021\/01\/MOC-44070-The-Medieval-Smithy-Modular-Building-by-povladimir-MOC-FACTORY-2.jpg\" alt=\"-\" width=\"800\" height=\"800\" title=\"-\"> <img decoding=\"async\" class=\"alignnone size-full wp-image-200916\" src=\"https:\/\/pay.lpwstore.com\/wp-content\/uploads\/2021\/01\/MOC-44070-The-Medieval-Smithy-Modular-Building-by-povladimir-MOC-FACTORY-3.jpg\" alt=\"-\" width=\"800\" height=\"800\" title=\"-\"><\/p>\n<p style=\"text-align: center\">","protected":false},"excerpt":{"rendered":"<ul>\n<li>Inclure\u00a0<strong>2997+<\/strong>\u00a0pi\u00e8ces<\/li>\n<li>Instruction PDF en ligne<\/li>\n<li>Bloc ABS de haute qualit\u00e9<\/li>\n<\/ul>","protected":false},"featured_media":22523,"comment_status":"open","ping_status":"closed","template":"","meta":{"_acf_changed":false},"product_cat":[390],"product_tag":[],"class_list":["product","first","outofstock","shipping-taxable","purchasable","product-type-simple"],"acf":[],"_links":{"self":[{"href":"https:\/\/mouldking.store\/fr\/wp-json\/wp\/v2\/product\/22526","targetHints":{"allow":["GET"]}}],"collection":[{"href":"https:\/\/mouldking.store\/fr\/wp-json\/wp\/v2\/product"}],"about":[{"href":"https:\/\/mouldking.store\/fr\/wp-json\/wp\/v2\/types\/product"}],"replies":[{"embeddable":true,"href":"https:\/\/mouldking.store\/fr\/wp-json\/wp\/v2\/comments?post=22526"}],"wp:featuredmedia":[{"embeddable":true,"href":"https:\/\/mouldking.store\/fr\/wp-json\/wp\/v2\/media\/22523"}],"wp:attachment":[{"href":"https:\/\/mouldking.store\/fr\/wp-json\/wp\/v2\/media?parent=22526"}],"wp:term":[{"taxonomy":"product_cat","embeddable":true,"href":"https:\/\/mouldking.store\/fr\/wp-json\/wp\/v2\/product_cat?post=22526"},{"taxonomy":"product_tag","embeddable":true,"href":"https:\/\/mouldking.store\/fr\/wp-json\/wp\/v2\/product_tag?post=22526"}],"curies":[{"name":"wp","href":"https:\/\/api.w.org\/{rel}","templated":true}]}}