{"id":22533,"date":"2021-10-10T04:38:58","date_gmt":"2021-10-09T21:38:58","guid":{"rendered":"https:\/\/mouldking.store\/shop\/moc-45934-acclamator-assault-ship-and-arquitens-light-cruiser-star-wars-by-red5-leader-moc-factory\/"},"modified":"2025-12-25T09:21:17","modified_gmt":"2025-12-25T02:21:17","slug":"moc-45934-acclamator-assault-ship-and-arquitens-light-cruiser-star-wars-by-red5-leader-moc-factory","status":"publish","type":"product","link":"https:\/\/mouldking.store\/fr\/shop\/moc-45934-acclamator-assault-ship-and-arquitens-light-cruiser-star-wars-by-red5-leader-moc-factory\/","title":{"rendered":"MOC-45934 Navire d&#039;assaut Acclamator et croiseur l\u00e9ger Arquitens Star Wars par Red5-Leader MOC FACTORY"},"content":{"rendered":"<p style=\"text-align: left\">MOC-45934 Navire d&#039;assaut Acclamator et croiseur l\u00e9ger Arquitens Star Wars par Red5-Leader MOC FACTORY est un ensemble de la collection Star Wars, con\u00e7u par Red5-Leader . Ce MOC 45934 est livr\u00e9 avec des instructions PDF faciles \u00e0 construire et \u00e0 trouver les pi\u00e8ces manquantes. L&#039;ensemble contient 538 pi\u00e8ces, sorties pour la premi\u00e8re fois en 2021.<\/p>\n<p><img fetchpriority=\"high\" decoding=\"async\" class=\"alignnone size-full wp-image-29596\" src=\"https:\/\/mocfactory.com\/wp-content\/uploads\/2021\/01\/MOC-45934-Acclamator-Assault-ship-and-Arquitens-Light-cruiser-Star-Wars.jpg\" alt=\"-\" width=\"800\" height=\"800\" title=\"-\"> <img decoding=\"async\" class=\"alignnone size-full wp-image-29595\" src=\"https:\/\/mocfactory.com\/wp-content\/uploads\/2021\/01\/MOC-45934-Acclamator-Assault-ship-and-Arquitens-Light-cruiser-Star-Wars-2.jpg\" alt=\"-\" width=\"800\" height=\"800\" title=\"-\"><\/p>\n<p>&nbsp;<\/p>","protected":false},"excerpt":{"rendered":"<ul>\n<li>Inclure\u00a0<strong>538+<\/strong>\u00a0pi\u00e8ces<\/li>\n<li>Instruction PDF en ligne<\/li>\n<li>Bloc ABS de haute qualit\u00e9<\/li>\n<li>Temps d&#039;arrangement\u00a0: 4 \u00e0 8\u00a0semaines<\/li>\n<\/ul>","protected":false},"featured_media":22531,"comment_status":"open","ping_status":"closed","template":"","meta":{"_acf_changed":false},"product_cat":[415],"product_tag":[],"class_list":["product","first","instock","shipping-taxable","purchasable","product-type-simple"],"acf":[],"_links":{"self":[{"href":"https:\/\/mouldking.store\/fr\/wp-json\/wp\/v2\/product\/22533","targetHints":{"allow":["GET"]}}],"collection":[{"href":"https:\/\/mouldking.store\/fr\/wp-json\/wp\/v2\/product"}],"about":[{"href":"https:\/\/mouldking.store\/fr\/wp-json\/wp\/v2\/types\/product"}],"replies":[{"embeddable":true,"href":"https:\/\/mouldking.store\/fr\/wp-json\/wp\/v2\/comments?post=22533"}],"wp:featuredmedia":[{"embeddable":true,"href":"https:\/\/mouldking.store\/fr\/wp-json\/wp\/v2\/media\/22531"}],"wp:attachment":[{"href":"https:\/\/mouldking.store\/fr\/wp-json\/wp\/v2\/media?parent=22533"}],"wp:term":[{"taxonomy":"product_cat","embeddable":true,"href":"https:\/\/mouldking.store\/fr\/wp-json\/wp\/v2\/product_cat?post=22533"},{"taxonomy":"product_tag","embeddable":true,"href":"https:\/\/mouldking.store\/fr\/wp-json\/wp\/v2\/product_tag?post=22533"}],"curies":[{"name":"wp","href":"https:\/\/api.w.org\/{rel}","templated":true}]}}