{"id":22550,"date":"2021-10-10T04:39:16","date_gmt":"2021-10-09T21:39:16","guid":{"rendered":"https:\/\/mouldking.store\/shop\/moc-55818-y-wing-starfighter-standard-yellow-star-wars-by-starwarsfan66-moc-factory\/"},"modified":"2025-12-25T09:21:16","modified_gmt":"2025-12-25T02:21:16","slug":"moc-55818-y-wing-starfighter-standard-yellow-star-wars-by-starwarsfan66-moc-factory","status":"publish","type":"product","link":"https:\/\/mouldking.store\/fr\/shop\/moc-55818-y-wing-starfighter-standard-yellow-star-wars-by-starwarsfan66-moc-factory\/","title":{"rendered":"MOC-55818 Y wing Starfighter (jaune standard) Star Wars par starwarsfan66 MOC FACTORY"},"content":{"rendered":"<p style=\"text-align: left\">MOC-55818 Y wing Starfighter (jaune standard) Star Wars par starwarsfan66 MOC FACTORY est un ensemble de la collection Star Wars, con\u00e7u par starwarsfan66. Ce MOC 55818 est livr\u00e9 avec des instructions PDF faciles \u00e0 construire et \u00e0 trouver les pi\u00e8ces manquantes. L&#039;ensemble contient 1864 pi\u00e8ces, sorties pour la premi\u00e8re fois en 2021.<\/p>\n<p><a href=\"https:\/\/pay.lpwstore.com\/wp-content\/uploads\/2021\/01\/MOC-55818-Y-wing-Starfighter-standard-yellow-Star-Wars-by-starwarsfan66-MOC-FACTORY.jpg\" target=\"_blank\" rel=\"noopener\"><img fetchpriority=\"high\" decoding=\"async\" class=\"aligncenter wp-image-200966 size-full\" title=\"MOC-55818 Y wing Starfighter (jaune standard) Star Wars par starwarsfan66 MOC FACTORY\" src=\"https:\/\/pay.lpwstore.com\/wp-content\/uploads\/2021\/01\/MOC-55818-Y-wing-Starfighter-standard-yellow-Star-Wars-by-starwarsfan66-MOC-FACTORY.jpg\" alt=\"MOC-55818-Y-wing-Starfighter-(standard-yellow)-Star-Wars-by-starwarsfan66-MOC-FACTORY\" width=\"800\" height=\"800\" \/><\/a> <img decoding=\"async\" class=\"alignnone size-full wp-image-200967 aligncenter\" src=\"https:\/\/pay.lpwstore.com\/wp-content\/uploads\/2021\/01\/MOC-55818-Y-wing-Starfighter-standard-yellow-Star-Wars-by-starwarsfan66-MOC-FACTORY-2.jpg\" alt=\"-\" width=\"800\" height=\"800\" title=\"-\"> <img decoding=\"async\" class=\"alignnone size-full wp-image-200968 aligncenter\" src=\"https:\/\/pay.lpwstore.com\/wp-content\/uploads\/2021\/01\/MOC-55818-Y-wing-Starfighter-standard-yellow-Star-Wars-by-starwarsfan66-MOC-FACTORY-3.jpg\" alt=\"-\" width=\"800\" height=\"800\" title=\"-\"> <img loading=\"lazy\" decoding=\"async\" class=\"alignnone size-full wp-image-200969 aligncenter\" src=\"https:\/\/pay.lpwstore.com\/wp-content\/uploads\/2021\/01\/MOC-55818-Y-wing-Starfighter-standard-yellow-Star-Wars-by-starwarsfan66-MOC-FACTORY-4.jpg\" alt=\"-\" width=\"800\" height=\"800\" title=\"-\"> <img loading=\"lazy\" decoding=\"async\" class=\"alignnone size-full wp-image-200970 aligncenter\" src=\"https:\/\/pay.lpwstore.com\/wp-content\/uploads\/2021\/01\/MOC-55818-Y-wing-Starfighter-standard-yellow-Star-Wars-by-starwarsfan66-MOC-FACTORY-5.jpg\" alt=\"-\" width=\"800\" height=\"800\" title=\"-\"><\/p>","protected":false},"excerpt":{"rendered":"<ul>\n<li>Inclure\u00a0<strong>1864+<\/strong>\u00a0pi\u00e8ces<\/li>\n<li>Instruction PDF en ligne<\/li>\n<li>Bloc ABS de haute qualit\u00e9<\/li>\n<\/ul>","protected":false},"featured_media":22545,"comment_status":"open","ping_status":"closed","template":"","meta":{"_acf_changed":false},"product_cat":[415],"product_tag":[],"class_list":["product","first","instock","shipping-taxable","purchasable","product-type-simple"],"acf":[],"_links":{"self":[{"href":"https:\/\/mouldking.store\/fr\/wp-json\/wp\/v2\/product\/22550","targetHints":{"allow":["GET"]}}],"collection":[{"href":"https:\/\/mouldking.store\/fr\/wp-json\/wp\/v2\/product"}],"about":[{"href":"https:\/\/mouldking.store\/fr\/wp-json\/wp\/v2\/types\/product"}],"replies":[{"embeddable":true,"href":"https:\/\/mouldking.store\/fr\/wp-json\/wp\/v2\/comments?post=22550"}],"wp:featuredmedia":[{"embeddable":true,"href":"https:\/\/mouldking.store\/fr\/wp-json\/wp\/v2\/media\/22545"}],"wp:attachment":[{"href":"https:\/\/mouldking.store\/fr\/wp-json\/wp\/v2\/media?parent=22550"}],"wp:term":[{"taxonomy":"product_cat","embeddable":true,"href":"https:\/\/mouldking.store\/fr\/wp-json\/wp\/v2\/product_cat?post=22550"},{"taxonomy":"product_tag","embeddable":true,"href":"https:\/\/mouldking.store\/fr\/wp-json\/wp\/v2\/product_tag?post=22550"}],"curies":[{"name":"wp","href":"https:\/\/api.w.org\/{rel}","templated":true}]}}