{"id":22659,"date":"2021-10-10T04:41:30","date_gmt":"2021-10-09T21:41:30","guid":{"rendered":"https:\/\/mouldking.store\/shop\/moc-42418-p-98-nemesis-designed-by-jon-hall-technic-by-playwell-bricks-moc-factory\/"},"modified":"2025-12-25T09:21:15","modified_gmt":"2025-12-25T02:21:15","slug":"moc-42418-p-98-nemesis-designed-by-jon-hall-technic-by-playwell-bricks-moc-factory","status":"publish","type":"product","link":"https:\/\/mouldking.store\/fr\/shop\/moc-42418-p-98-nemesis-designed-by-jon-hall-technic-by-playwell-bricks-moc-factory\/","title":{"rendered":"MOC-42418 P-98 Nemesis \u2013 Con\u00e7u par Jon Hall Technic par Playwell Bricks MOC FACTORY"},"content":{"rendered":"<p style=\"text-align: left\">MOC-42418 P-98 Nemesis \u2013 Con\u00e7u par Jon Hall Technic par Playwell Bricks MOC FACTORY est un ensemble de la collection Technic, con\u00e7u par Playwell Bricks. Ce MOC42418 est livr\u00e9 avec des instructions PDF faciles \u00e0 construire et \u00e0 trouver les pi\u00e8ces manquantes. L&#039;ensemble contient 1202 pi\u00e8ces, sorties pour la premi\u00e8re fois en 2021.<\/p>\n<figure id=\"attachment_201188\" aria-describedby=\"caption-attachment-201188\" style=\"width: 800px\" class=\"wp-caption aligncenter\"><a href=\"https:\/\/pay.lpwstore.com\/wp-content\/uploads\/2021\/01\/MOC-42418-P-98-Nemesis-Designed-by-Jon-Hall-Technic-by-Playwell-Bricks-MOC-FACTORY.jpg\" target=\"_blank\" rel=\"noopener\"><img fetchpriority=\"high\" decoding=\"async\" class=\"wp-image-201188 size-full\" title=\"MOC-42418 P-98 Nemesis - Con\u00e7u par Jon Hall Technic par Playwell Bricks MOC FACTORY\" src=\"https:\/\/pay.lpwstore.com\/wp-content\/uploads\/2021\/01\/MOC-42418-P-98-Nemesis-Designed-by-Jon-Hall-Technic-by-Playwell-Bricks-MOC-FACTORY.jpg\" alt=\"MOC-42418 P-98 Nemesis - Designed by Jon Hall Technic by Playwell Bricks MOC FACTORY\" width=\"800\" height=\"800\" \/><\/a><figcaption id=\"caption-attachment-201188\" class=\"wp-caption-text\">MOC-42418 P-98 Nemesis \u2013 Con\u00e7u par Jon Hall Technic par Playwell Bricks MOC FACTORY<\/figcaption><\/figure>\n<p><img decoding=\"async\" class=\"alignnone size-full wp-image-201189 aligncenter\" src=\"https:\/\/pay.lpwstore.com\/wp-content\/uploads\/2021\/01\/MOC-42418-P-98-Nemesis-Designed-by-Jon-Hall-Technic-by-Playwell-Bricks-MOC-FACTORY-2.jpg\" alt=\"-\" width=\"800\" height=\"800\" title=\"-\"> <img decoding=\"async\" class=\"alignnone size-full wp-image-201190 aligncenter\" src=\"https:\/\/pay.lpwstore.com\/wp-content\/uploads\/2021\/01\/MOC-42418-P-98-Nemesis-Designed-by-Jon-Hall-Technic-by-Playwell-Bricks-MOC-FACTORY-3.jpg\" alt=\"-\" width=\"800\" height=\"800\" title=\"-\"> <img loading=\"lazy\" decoding=\"async\" class=\"alignnone size-full wp-image-201191 aligncenter\" src=\"https:\/\/pay.lpwstore.com\/wp-content\/uploads\/2021\/01\/MOC-42418-P-98-Nemesis-Designed-by-Jon-Hall-Technic-by-Playwell-Bricks-MOC-FACTORY-4.jpg\" alt=\"-\" width=\"800\" height=\"800\" title=\"-\"><\/p>","protected":false},"excerpt":{"rendered":"<ul>\n<li>Inclure\u00a0<strong>1202+<\/strong>\u00a0pi\u00e8ces<\/li>\n<li>Instruction PDF en ligne<\/li>\n<li>Bloc ABS de haute qualit\u00e9<\/li>\n<\/ul>","protected":false},"featured_media":22655,"comment_status":"open","ping_status":"closed","template":"","meta":{"_acf_changed":false},"product_cat":[364],"product_tag":[],"class_list":["product","first","outofstock","shipping-taxable","purchasable","product-type-simple"],"acf":[],"_links":{"self":[{"href":"https:\/\/mouldking.store\/fr\/wp-json\/wp\/v2\/product\/22659","targetHints":{"allow":["GET"]}}],"collection":[{"href":"https:\/\/mouldking.store\/fr\/wp-json\/wp\/v2\/product"}],"about":[{"href":"https:\/\/mouldking.store\/fr\/wp-json\/wp\/v2\/types\/product"}],"replies":[{"embeddable":true,"href":"https:\/\/mouldking.store\/fr\/wp-json\/wp\/v2\/comments?post=22659"}],"wp:featuredmedia":[{"embeddable":true,"href":"https:\/\/mouldking.store\/fr\/wp-json\/wp\/v2\/media\/22655"}],"wp:attachment":[{"href":"https:\/\/mouldking.store\/fr\/wp-json\/wp\/v2\/media?parent=22659"}],"wp:term":[{"taxonomy":"product_cat","embeddable":true,"href":"https:\/\/mouldking.store\/fr\/wp-json\/wp\/v2\/product_cat?post=22659"},{"taxonomy":"product_tag","embeddable":true,"href":"https:\/\/mouldking.store\/fr\/wp-json\/wp\/v2\/product_tag?post=22659"}],"curies":[{"name":"wp","href":"https:\/\/api.w.org\/{rel}","templated":true}]}}