{"id":22753,"date":"2021-10-10T04:43:53","date_gmt":"2021-10-09T21:43:53","guid":{"rendered":"https:\/\/mouldking.store\/shop\/moc-54693-dockside-fuel-and-oil-modular-building-by-jepaz-moc-factory\/"},"modified":"2025-12-25T09:21:07","modified_gmt":"2025-12-25T02:21:07","slug":"moc-54693-dockside-fuel-and-oil-modular-building-by-jepaz-moc-factory","status":"publish","type":"product","link":"https:\/\/mouldking.store\/fr\/shop\/moc-54693-dockside-fuel-and-oil-modular-building-by-jepaz-moc-factory\/","title":{"rendered":"MOC-54693 Dockside Fuel and Oil Modular Building par jepaz MOC FACTORY"},"content":{"rendered":"<p style=\"text-align: left\">MOC-54693 Dockside Fuel and Oil Modular Building par jepaz MOC FACTORY est un ensemble de la collection Modular Building, con\u00e7u par jepaz. Ce MOC 54693 est livr\u00e9 avec des instructions PDF faciles \u00e0 construire et \u00e0 trouver les pi\u00e8ces manquantes. L&#039;ensemble contient 5626 pi\u00e8ces, sorties pour la premi\u00e8re fois en 2021.<\/p>\n<figure id=\"attachment_201359\" aria-describedby=\"caption-attachment-201359\" style=\"width: 800px\" class=\"wp-caption aligncenter\"><a href=\"https:\/\/pay.lpwstore.com\/wp-content\/uploads\/2021\/01\/MOC-54693-Dockside-Fuel-and-Oil-Modular-Building-by-jepaz-MOC-FACTORY.jpg\" target=\"_blank\" rel=\"noopener\"><img fetchpriority=\"high\" decoding=\"async\" class=\"wp-image-201359 size-full\" title=\"MOC-54693 Dockside Fuel and Oil Modular Building par jepaz MOC FACTORY\" src=\"https:\/\/pay.lpwstore.com\/wp-content\/uploads\/2021\/01\/MOC-54693-Dockside-Fuel-and-Oil-Modular-Building-by-jepaz-MOC-FACTORY.jpg\" alt=\"MOC-54693 Dockside Fuel and Oil Modular Building by jepaz MOC FACTORY\" width=\"800\" height=\"800\" \/><\/a><figcaption id=\"caption-attachment-201359\" class=\"wp-caption-text\">MOC-54693 Dockside Fuel and Oil Modular Building par jepaz MOC FACTORY<\/figcaption><\/figure>\n<p><img decoding=\"async\" class=\"alignnone size-full wp-image-201360 aligncenter\" src=\"https:\/\/pay.lpwstore.com\/wp-content\/uploads\/2021\/01\/MOC-54693-Dockside-Fuel-and-Oil-Modular-Building-by-jepaz-MOC-FACTORY-2.jpg\" alt=\"-\" width=\"800\" height=\"800\" title=\"-\"> <img decoding=\"async\" class=\"alignnone size-full wp-image-201361 aligncenter\" src=\"https:\/\/pay.lpwstore.com\/wp-content\/uploads\/2021\/01\/MOC-54693-Dockside-Fuel-and-Oil-Modular-Building-by-jepaz-MOC-FACTORY-3.jpg\" alt=\"-\" width=\"800\" height=\"800\" title=\"-\"><\/p>","protected":false},"excerpt":{"rendered":"<ul>\n<li>Inclure\u00a0<strong>5626+<\/strong>\u00a0pi\u00e8ces<\/li>\n<li>Instruction PDF en ligne<\/li>\n<li>Bloc ABS de haute qualit\u00e9<\/li>\n<\/ul>","protected":false},"featured_media":22750,"comment_status":"open","ping_status":"closed","template":"","meta":{"_acf_changed":false},"product_cat":[390],"product_tag":[],"class_list":["product","first","instock","shipping-taxable","purchasable","product-type-simple"],"acf":[],"_links":{"self":[{"href":"https:\/\/mouldking.store\/fr\/wp-json\/wp\/v2\/product\/22753","targetHints":{"allow":["GET"]}}],"collection":[{"href":"https:\/\/mouldking.store\/fr\/wp-json\/wp\/v2\/product"}],"about":[{"href":"https:\/\/mouldking.store\/fr\/wp-json\/wp\/v2\/types\/product"}],"replies":[{"embeddable":true,"href":"https:\/\/mouldking.store\/fr\/wp-json\/wp\/v2\/comments?post=22753"}],"wp:featuredmedia":[{"embeddable":true,"href":"https:\/\/mouldking.store\/fr\/wp-json\/wp\/v2\/media\/22750"}],"wp:attachment":[{"href":"https:\/\/mouldking.store\/fr\/wp-json\/wp\/v2\/media?parent=22753"}],"wp:term":[{"taxonomy":"product_cat","embeddable":true,"href":"https:\/\/mouldking.store\/fr\/wp-json\/wp\/v2\/product_cat?post=22753"},{"taxonomy":"product_tag","embeddable":true,"href":"https:\/\/mouldking.store\/fr\/wp-json\/wp\/v2\/product_tag?post=22753"}],"curies":[{"name":"wp","href":"https:\/\/api.w.org\/{rel}","templated":true}]}}