{"id":22761,"date":"2021-10-10T04:44:01","date_gmt":"2021-10-10T04:44:01","guid":{"rendered":"https:\/\/mouldking.store\/shop\/moc-34956-church-modular-building-by-jepaz-moc-factory\/"},"modified":"2025-12-25T09:21:07","modified_gmt":"2025-12-25T02:21:07","slug":"moc-34956-church-modular-building-by-jepaz-moc-factory","status":"publish","type":"product","link":"https:\/\/mouldking.store\/fr\/shop\/moc-34956-church-modular-building-by-jepaz-moc-factory\/","title":{"rendered":"MOC-34956 B\u00e2timent modulaire d&#039;\u00e9glise par jepaz MOC FACTORY"},"content":{"rendered":"<ul>\n<li style=\"text-align: left;\">MOC-34956 Church Modular Building par jepaz MOC FACTORY est un ensemble de la collection Modular Building, con\u00e7u par jepaz. Ce MOC 34956 est livr\u00e9 avec des instructions PDF faciles \u00e0 construire et \u00e0 trouver les pi\u00e8ces manquantes. L&#039;ensemble contient 7517 pi\u00e8ces, sorties pour la premi\u00e8re fois en 2021.<\/li>\n<li>Temps d&#039;arrangement\u00a0: 7-8\u00a0semaines<\/li>\n<\/ul>\n<figure id=\"attachment_201367\" class=\"wp-caption aligncenter\" style=\"width: 800px;\" aria-describedby=\"caption-attachment-201367\"><figcaption id=\"caption-attachment-201367\" class=\"wp-caption-text\">\n<figure id=\"attachment_22758\" aria-describedby=\"caption-attachment-22758\" style=\"width: 800px\" class=\"wp-caption aligncenter\"><img fetchpriority=\"high\" decoding=\"async\" class=\"wp-image-22758 size-full\" src=\"https:\/\/mouldking.store\/wp-content\/uploads\/2021\/10\/MOC-34956-Church-Modular-Building-by-jepaz-MOC-FACTORY.jpg\" alt=\"MOC-34956 Church Modular Building by jepaz MOC FACTORY\" width=\"800\" height=\"800\" title=\"-\" srcset=\"https:\/\/mouldking.store\/wp-content\/uploads\/2021\/10\/MOC-34956-Church-Modular-Building-by-jepaz-MOC-FACTORY.jpg 800w, https:\/\/mouldking.store\/wp-content\/uploads\/2021\/10\/MOC-34956-Church-Modular-Building-by-jepaz-MOC-FACTORY-300x300.jpg 300w, https:\/\/mouldking.store\/wp-content\/uploads\/2021\/10\/MOC-34956-Church-Modular-Building-by-jepaz-MOC-FACTORY-768x768.jpg 768w, https:\/\/mouldking.store\/wp-content\/uploads\/2021\/10\/MOC-34956-Church-Modular-Building-by-jepaz-MOC-FACTORY-600x600.jpg 600w, https:\/\/mouldking.store\/wp-content\/uploads\/2021\/10\/MOC-34956-Church-Modular-Building-by-jepaz-MOC-FACTORY-150x150.jpg 150w\" sizes=\"(max-width: 800px) 100vw, 800px\" \/><figcaption id=\"caption-attachment-22758\" class=\"wp-caption-text\">MOC-34956 B\u00e2timent modulaire d&#039;\u00e9glise par jepaz MOC FACTORY<\/figcaption><\/figure>\n<figure id=\"attachment_22759\" aria-describedby=\"caption-attachment-22759\" style=\"width: 800px\" class=\"wp-caption aligncenter\"><img decoding=\"async\" class=\"wp-image-22759 size-full\" src=\"https:\/\/mouldking.store\/wp-content\/uploads\/2021\/10\/MOC-34956-Church-Modular-Building-by-jepaz-MOC-FACTORY-2.jpg\" alt=\"MOC-34956 Church Modular Building by jepaz MOC FACTORY\" width=\"800\" height=\"800\" title=\"-\" srcset=\"https:\/\/mouldking.store\/wp-content\/uploads\/2021\/10\/MOC-34956-Church-Modular-Building-by-jepaz-MOC-FACTORY-2.jpg 800w, https:\/\/mouldking.store\/wp-content\/uploads\/2021\/10\/MOC-34956-Church-Modular-Building-by-jepaz-MOC-FACTORY-2-300x300.jpg 300w, https:\/\/mouldking.store\/wp-content\/uploads\/2021\/10\/MOC-34956-Church-Modular-Building-by-jepaz-MOC-FACTORY-2-768x768.jpg 768w, https:\/\/mouldking.store\/wp-content\/uploads\/2021\/10\/MOC-34956-Church-Modular-Building-by-jepaz-MOC-FACTORY-2-600x600.jpg 600w, https:\/\/mouldking.store\/wp-content\/uploads\/2021\/10\/MOC-34956-Church-Modular-Building-by-jepaz-MOC-FACTORY-2-150x150.jpg 150w\" sizes=\"(max-width: 800px) 100vw, 800px\" \/><figcaption id=\"caption-attachment-22759\" class=\"wp-caption-text\">MOC-34956 B\u00e2timent modulaire d&#039;\u00e9glise par jepaz MOC FACTORY<\/figcaption><\/figure>\n<figure id=\"attachment_22760\" aria-describedby=\"caption-attachment-22760\" style=\"width: 800px\" class=\"wp-caption aligncenter\"><img decoding=\"async\" class=\"wp-image-22760 size-full\" src=\"https:\/\/mouldking.store\/wp-content\/uploads\/2021\/10\/MOC-34956-Church-Modular-Building-by-jepaz-MOC-FACTORY-3.jpg\" alt=\"MOC-34956 Church Modular Building by jepaz MOC FACTORY\" width=\"800\" height=\"800\" title=\"-\" srcset=\"https:\/\/mouldking.store\/wp-content\/uploads\/2021\/10\/MOC-34956-Church-Modular-Building-by-jepaz-MOC-FACTORY-3.jpg 800w, https:\/\/mouldking.store\/wp-content\/uploads\/2021\/10\/MOC-34956-Church-Modular-Building-by-jepaz-MOC-FACTORY-3-300x300.jpg 300w, https:\/\/mouldking.store\/wp-content\/uploads\/2021\/10\/MOC-34956-Church-Modular-Building-by-jepaz-MOC-FACTORY-3-768x768.jpg 768w, https:\/\/mouldking.store\/wp-content\/uploads\/2021\/10\/MOC-34956-Church-Modular-Building-by-jepaz-MOC-FACTORY-3-600x600.jpg 600w, https:\/\/mouldking.store\/wp-content\/uploads\/2021\/10\/MOC-34956-Church-Modular-Building-by-jepaz-MOC-FACTORY-3-150x150.jpg 150w\" sizes=\"(max-width: 800px) 100vw, 800px\" \/><figcaption id=\"caption-attachment-22760\" class=\"wp-caption-text\">MOC-34956 B\u00e2timent modulaire d&#039;\u00e9glise par jepaz MOC FACTORY<\/figcaption><\/figure>\n<\/figcaption><\/figure>\n<p>&nbsp;<\/p>","protected":false},"excerpt":{"rendered":"<ul>\n<li>Inclure\u00a0<strong>7517+<\/strong>\u00a0pi\u00e8ces<\/li>\n<li>Instruction PDF en ligne<\/li>\n<li>Bloc ABS de haute qualit\u00e9<\/li>\n<\/ul>","protected":false},"featured_media":22758,"comment_status":"open","ping_status":"closed","template":"","meta":{"_acf_changed":false},"product_cat":[390],"product_tag":[],"class_list":["product","first","instock","shipping-taxable","purchasable","product-type-simple"],"acf":[],"_links":{"self":[{"href":"https:\/\/mouldking.store\/fr\/wp-json\/wp\/v2\/product\/22761","targetHints":{"allow":["GET"]}}],"collection":[{"href":"https:\/\/mouldking.store\/fr\/wp-json\/wp\/v2\/product"}],"about":[{"href":"https:\/\/mouldking.store\/fr\/wp-json\/wp\/v2\/types\/product"}],"replies":[{"embeddable":true,"href":"https:\/\/mouldking.store\/fr\/wp-json\/wp\/v2\/comments?post=22761"}],"wp:featuredmedia":[{"embeddable":true,"href":"https:\/\/mouldking.store\/fr\/wp-json\/wp\/v2\/media\/22758"}],"wp:attachment":[{"href":"https:\/\/mouldking.store\/fr\/wp-json\/wp\/v2\/media?parent=22761"}],"wp:term":[{"taxonomy":"product_cat","embeddable":true,"href":"https:\/\/mouldking.store\/fr\/wp-json\/wp\/v2\/product_cat?post=22761"},{"taxonomy":"product_tag","embeddable":true,"href":"https:\/\/mouldking.store\/fr\/wp-json\/wp\/v2\/product_tag?post=22761"}],"curies":[{"name":"wp","href":"https:\/\/api.w.org\/{rel}","templated":true}]}}