{"id":22786,"date":"2021-10-10T04:44:21","date_gmt":"2021-10-09T21:44:21","guid":{"rendered":"https:\/\/mouldking.store\/shop\/moc-29080-game-of-thrones-westeros-skyline-movie-by-benbuildslego-moc-factory\/"},"modified":"2025-12-25T09:21:06","modified_gmt":"2025-12-25T02:21:06","slug":"moc-29080-game-of-thrones-westeros-skyline-movie-by-benbuildslego-moc-factory","status":"publish","type":"product","link":"https:\/\/mouldking.store\/fr\/shop\/moc-29080-game-of-thrones-westeros-skyline-movie-by-benbuildslego-moc-factory\/","title":{"rendered":"MOC-29080 Game of Thrones \u2013 Film Westeros Skyline par benbuildslego MOC FACTORY"},"content":{"rendered":"<p style=\"text-align: left\">MOC-29080 Game of Thrones \u2013 Westeros Skyline Movie par benbuildslego MOC FACTORY est un ensemble de la collection Movie, con\u00e7u par benbuildslego. Ce MOC 29080 est livr\u00e9 avec des instructions PDF faciles \u00e0 construire et \u00e0 trouver les pi\u00e8ces manquantes. L&#039;ensemble contient 767 pi\u00e8ces, sorties pour la premi\u00e8re fois en 2021.<\/p>\n<p>Temps d&#039;arrangement\u00a0: 4 \u00e0 8\u00a0semaines<\/p>\n<figure id=\"attachment_29762\" aria-describedby=\"caption-attachment-29762\" style=\"width: 800px\" class=\"wp-caption aligncenter\"><img fetchpriority=\"high\" decoding=\"async\" class=\"wp-image-29762 size-full\" src=\"https:\/\/mocfactory.com\/wp-content\/uploads\/2021\/01\/MOC-29080-Game-of-Thrones-Westeros-Skyline-Movie-by-benbuildslego-MOC-FACTORY.jpg\" alt=\"MOC-29080  Movie  Game of Thrones \u2013 Westeros Skyline  Designer benbuildslego MOC FACTORY\" width=\"800\" height=\"800\" title=\"-\"><figcaption id=\"caption-attachment-29762\" class=\"wp-caption-text\">MOC-29080 Film Game of Thrones \u2013 Westeros Skyline Designer benbuildslego MOC FACTORY<\/figcaption><\/figure>\n<figure id=\"attachment_29761\" aria-describedby=\"caption-attachment-29761\" style=\"width: 800px\" class=\"wp-caption aligncenter\"><img decoding=\"async\" class=\"wp-image-29761 size-full\" src=\"https:\/\/mocfactory.com\/wp-content\/uploads\/2021\/01\/MOC-29080-Game-of-Thrones-Westeros-Skyline-Movie-by-benbuildslego-MOC-FACTORY-2.jpg\" alt=\"MOC-29080  Movie  Game of Thrones \u2013 Westeros Skyline  Designer benbuildslego MOC FACTORY\" width=\"800\" height=\"800\" title=\"-\"><figcaption id=\"caption-attachment-29761\" class=\"wp-caption-text\">MOC-29080 Film Game of Thrones \u2013 Westeros Skyline Designer benbuildslego MOC FACTORY<\/figcaption><\/figure>\n<figure id=\"attachment_201409\" class=\"wp-caption aligncenter\" style=\"width: 800px\" aria-describedby=\"caption-attachment-201409\"><\/figure>\n<p>&nbsp;<\/p>","protected":false},"excerpt":{"rendered":"<ul>\n<li>Inclure\u00a0<strong>767+<\/strong>\u00a0pi\u00e8ces<\/li>\n<li>Instruction PDF en ligne<\/li>\n<li>Bloc ABS de haute qualit\u00e9<\/li>\n<\/ul>","protected":false},"featured_media":22784,"comment_status":"open","ping_status":"closed","template":"","meta":{"_acf_changed":false},"product_cat":[581],"product_tag":[],"class_list":["product","first","instock","shipping-taxable","purchasable","product-type-simple"],"acf":[],"_links":{"self":[{"href":"https:\/\/mouldking.store\/fr\/wp-json\/wp\/v2\/product\/22786","targetHints":{"allow":["GET"]}}],"collection":[{"href":"https:\/\/mouldking.store\/fr\/wp-json\/wp\/v2\/product"}],"about":[{"href":"https:\/\/mouldking.store\/fr\/wp-json\/wp\/v2\/types\/product"}],"replies":[{"embeddable":true,"href":"https:\/\/mouldking.store\/fr\/wp-json\/wp\/v2\/comments?post=22786"}],"wp:featuredmedia":[{"embeddable":true,"href":"https:\/\/mouldking.store\/fr\/wp-json\/wp\/v2\/media\/22784"}],"wp:attachment":[{"href":"https:\/\/mouldking.store\/fr\/wp-json\/wp\/v2\/media?parent=22786"}],"wp:term":[{"taxonomy":"product_cat","embeddable":true,"href":"https:\/\/mouldking.store\/fr\/wp-json\/wp\/v2\/product_cat?post=22786"},{"taxonomy":"product_tag","embeddable":true,"href":"https:\/\/mouldking.store\/fr\/wp-json\/wp\/v2\/product_tag?post=22786"}],"curies":[{"name":"wp","href":"https:\/\/api.w.org\/{rel}","templated":true}]}}