{"id":22799,"date":"2021-10-10T04:44:33","date_gmt":"2021-10-10T04:44:33","guid":{"rendered":"https:\/\/mouldking.store\/shop\/moc-56644-harry-potter-minifigure-scale-basilisk-movie-by-2bricksofficial-moc-factory\/"},"modified":"2025-12-25T09:21:06","modified_gmt":"2025-12-25T02:21:06","slug":"moc-56644-harry-potter-minifigure-scale-basilisk-movie-by-2bricksofficial-moc-factory","status":"publish","type":"product","link":"https:\/\/mouldking.store\/fr\/shop\/moc-56644-harry-potter-minifigure-scale-basilisk-movie-by-2bricksofficial-moc-factory\/","title":{"rendered":"MOC-56644 Harry Potter Minifigure Scale Basilisk Movie par 2bricksofficial MOC FACTORY"},"content":{"rendered":"<p style=\"text-align: center\">MOC-56644 Harry Potter Minifigure Scale Basilisk Movie par 2bricksofficial MOC FACTORY est un ensemble de la collection Movie, con\u00e7u par 2bricksofficial. Ce MOC 56644 est livr\u00e9 avec des instructions PDF faciles \u00e0 construire et \u00e0 trouver les pi\u00e8ces manquantes. L&#039;ensemble contient 108 pi\u00e8ces, sorties pour la premi\u00e8re fois en 2021.<\/p>\n<figure id=\"attachment_201424\" aria-describedby=\"caption-attachment-201424\" style=\"width: 800px\" class=\"wp-caption aligncenter\"><a href=\"https:\/\/pay.lpwstore.com\/wp-content\/uploads\/2021\/01\/MOC-56644-Harry-Potter-Minifigure-Scale-Basilisk-Movie-by-2bricksofficial-MOC-FACTORY.jpg\" target=\"_blank\" rel=\"noopener\"><img fetchpriority=\"high\" decoding=\"async\" class=\"wp-image-201424 size-full\" title=\"MOC-56644 Harry Potter Minifigure Scale Basilisk Movie par 2bricksofficial MOC FACTORY\" src=\"https:\/\/pay.lpwstore.com\/wp-content\/uploads\/2021\/01\/MOC-56644-Harry-Potter-Minifigure-Scale-Basilisk-Movie-by-2bricksofficial-MOC-FACTORY.jpg\" alt=\"MOC-56644 Harry Potter Minifigure Scale Basilisk Movie by 2bricksofficial MOC FACTORY\" width=\"800\" height=\"800\" \/><\/a><figcaption id=\"caption-attachment-201424\" class=\"wp-caption-text\">MOC-56644 Harry Potter Minifigure Scale Basilisk Movie par 2bricksofficial MOC FACTORY<\/figcaption><\/figure>\n<p style=\"text-align: center\"><img decoding=\"async\" class=\"size-full wp-image-201425 aligncenter\" src=\"https:\/\/pay.lpwstore.com\/wp-content\/uploads\/2021\/01\/MOC-56644-Harry-Potter-Minifigure-Scale-Basilisk-Movie-by-2bricksofficial-MOC-FACTORY-2.jpg\" alt=\"-\" width=\"800\" height=\"800\" title=\"-\"><\/p>\n<p style=\"text-align: center\">","protected":false},"excerpt":{"rendered":"<ul>\n<li>Inclure\u00a0<strong>108+<\/strong>\u00a0pi\u00e8ces<\/li>\n<li>Instruction PDF en ligne<\/li>\n<li>Bloc ABS de haute qualit\u00e9<\/li>\n<\/ul>","protected":false},"featured_media":22797,"comment_status":"open","ping_status":"closed","template":"","meta":{"_acf_changed":false},"product_cat":[581],"product_tag":[],"class_list":["product","first","instock","shipping-taxable","purchasable","product-type-simple"],"acf":[],"_links":{"self":[{"href":"https:\/\/mouldking.store\/fr\/wp-json\/wp\/v2\/product\/22799","targetHints":{"allow":["GET"]}}],"collection":[{"href":"https:\/\/mouldking.store\/fr\/wp-json\/wp\/v2\/product"}],"about":[{"href":"https:\/\/mouldking.store\/fr\/wp-json\/wp\/v2\/types\/product"}],"replies":[{"embeddable":true,"href":"https:\/\/mouldking.store\/fr\/wp-json\/wp\/v2\/comments?post=22799"}],"wp:featuredmedia":[{"embeddable":true,"href":"https:\/\/mouldking.store\/fr\/wp-json\/wp\/v2\/media\/22797"}],"wp:attachment":[{"href":"https:\/\/mouldking.store\/fr\/wp-json\/wp\/v2\/media?parent=22799"}],"wp:term":[{"taxonomy":"product_cat","embeddable":true,"href":"https:\/\/mouldking.store\/fr\/wp-json\/wp\/v2\/product_cat?post=22799"},{"taxonomy":"product_tag","embeddable":true,"href":"https:\/\/mouldking.store\/fr\/wp-json\/wp\/v2\/product_tag?post=22799"}],"curies":[{"name":"wp","href":"https:\/\/api.w.org\/{rel}","templated":true}]}}