{"id":22832,"date":"2021-10-10T04:45:23","date_gmt":"2021-10-09T21:45:23","guid":{"rendered":"https:\/\/mouldking.store\/shop\/moc-36418-182-shenzhou-spacecraft-space-by-kehu05-moc-factory\/"},"modified":"2025-12-25T09:21:05","modified_gmt":"2025-12-25T02:21:05","slug":"moc-36418-182-shenzhou-spacecraft-space-by-kehu05-moc-factory","status":"publish","type":"product","link":"https:\/\/mouldking.store\/fr\/shop\/moc-36418-182-shenzhou-spacecraft-space-by-kehu05-moc-factory\/","title":{"rendered":"MOC-36418 1:82 Shenzhou Spacecraft Space par kehu05 MOC FACTORY"},"content":{"rendered":"<p style=\"text-align: left;\">MOC-36418 1:82 Shenzhou Spacecraft Space par kehu05 MOC FACTORY est un ensemble de la collection Space, con\u00e7u par kehu05. Ce MOC 36418 est livr\u00e9 avec des instructions PDF faciles \u00e0 construire et \u00e0 trouver les pi\u00e8ces manquantes. L&#039;ensemble contient 146 pi\u00e8ces, sorties pour la premi\u00e8re fois en 2021.<\/p>\n<figure id=\"attachment_201631\" class=\"wp-caption aligncenter\" style=\"width: 800px;\" aria-describedby=\"caption-attachment-201631\"><a href=\"https:\/\/pay.lpwstore.com\/wp-content\/uploads\/2021\/01\/MOC-36418-182-Shenzhou-Spacecraft-Space-by-kehu05-MOC-FACTORY.jpg\" target=\"_blank\" rel=\"noopener\"><img fetchpriority=\"high\" decoding=\"async\" class=\"wp-image-201631 size-full\" title=\"MOC-36418 1:82 Shenzhou Spacecraft Space par kehu05 MOC FACTORY\" src=\"https:\/\/pay.lpwstore.com\/wp-content\/uploads\/2021\/01\/MOC-36418-182-Shenzhou-Spacecraft-Space-by-kehu05-MOC-FACTORY.jpg\" alt=\"MOC-36418 1:82 Shenzhou Spacecraft Space by kehu05 MOC FACTORY\" width=\"800\" height=\"800\" \/><\/a><figcaption id=\"caption-attachment-201631\" class=\"wp-caption-text\">MOC-36418 1:82 Shenzhou Spacecraft Space par kehu05 MOC FACTORY<\/figcaption><\/figure>\n<p><img decoding=\"async\" class=\"alignnone size-full wp-image-201632 aligncenter\" src=\"https:\/\/pay.lpwstore.com\/wp-content\/uploads\/2021\/01\/MOC-36418-182-Shenzhou-Spacecraft-Space-by-kehu05-MOC-FACTORY-2.jpg\" alt=\"MOC-36418-182-Shenzhou-Spacecraft-Space-by-kehu05-MOC-FACTORY-2\" width=\"800\" height=\"800\" title=\"-\"><\/p>","protected":false},"excerpt":{"rendered":"<ul>\n<li>Inclure <strong>146+<\/strong> pi\u00e8ces<\/li>\n<li>Instruction PDF en ligne<\/li>\n<li>Bloc ABS de haute qualit\u00e9<\/li>\n<\/ul>","protected":false},"featured_media":22830,"comment_status":"open","ping_status":"closed","template":"","meta":{"_acf_changed":false},"product_cat":[371],"product_tag":[],"class_list":["product","first","instock","shipping-taxable","purchasable","product-type-simple"],"acf":[],"_links":{"self":[{"href":"https:\/\/mouldking.store\/fr\/wp-json\/wp\/v2\/product\/22832","targetHints":{"allow":["GET"]}}],"collection":[{"href":"https:\/\/mouldking.store\/fr\/wp-json\/wp\/v2\/product"}],"about":[{"href":"https:\/\/mouldking.store\/fr\/wp-json\/wp\/v2\/types\/product"}],"replies":[{"embeddable":true,"href":"https:\/\/mouldking.store\/fr\/wp-json\/wp\/v2\/comments?post=22832"}],"wp:featuredmedia":[{"embeddable":true,"href":"https:\/\/mouldking.store\/fr\/wp-json\/wp\/v2\/media\/22830"}],"wp:attachment":[{"href":"https:\/\/mouldking.store\/fr\/wp-json\/wp\/v2\/media?parent=22832"}],"wp:term":[{"taxonomy":"product_cat","embeddable":true,"href":"https:\/\/mouldking.store\/fr\/wp-json\/wp\/v2\/product_cat?post=22832"},{"taxonomy":"product_tag","embeddable":true,"href":"https:\/\/mouldking.store\/fr\/wp-json\/wp\/v2\/product_tag?post=22832"}],"curies":[{"name":"wp","href":"https:\/\/api.w.org\/{rel}","templated":true}]}}