{"id":22949,"date":"2021-10-10T04:47:45","date_gmt":"2021-10-09T21:47:45","guid":{"rendered":"https:\/\/mouldking.store\/shop\/moc-14237-steampunk-typewriter-creator-by-timofey_tkachev-moc-factory\/"},"modified":"2025-12-25T09:21:02","modified_gmt":"2025-12-25T02:21:02","slug":"moc-14237-steampunk-typewriter-creator-by-timofey_tkachev-moc-factory","status":"publish","type":"product","link":"https:\/\/mouldking.store\/fr\/shop\/moc-14237-steampunk-typewriter-creator-by-timofey_tkachev-moc-factory\/","title":{"rendered":"MOC-14237 Cr\u00e9ateur de machine \u00e0 \u00e9crire Steampunk par Timofey_Tkachev MOC FACTORY"},"content":{"rendered":"<p>MOC-14237 Steampunk Typewriter Creator par Timofey_Tkachev MOC FACTORY est un ensemble de la collection Creator, con\u00e7u par Timofey_Tkachev. Ce MOC 14237 est livr\u00e9 avec des instructions PDF faciles \u00e0 construire et \u00e0 trouver les pi\u00e8ces manquantes. L&#039;ensemble contient 1375 pi\u00e8ces, sorties pour la premi\u00e8re fois en 2021.<\/p>\n<figure id=\"attachment_202717\" aria-describedby=\"caption-attachment-202717\" style=\"width: 800px\" class=\"wp-caption aligncenter\"><a href=\"https:\/\/pay.lpwstore.com\/wp-content\/uploads\/2021\/02\/MOC-14237-Steampunk-Typewriter-Creator-by-Timofey_Tkachev-MOC-FACTORY.jpg\" target=\"_blank\" rel=\"noopener\"><img fetchpriority=\"high\" decoding=\"async\" class=\"wp-image-202717 size-full\" title=\"MOC-14237 Cr\u00e9ateur de machine \u00e0 \u00e9crire Steampunk par Timofey_Tkachev MOC FACTORY\" src=\"https:\/\/pay.lpwstore.com\/wp-content\/uploads\/2021\/02\/MOC-14237-Steampunk-Typewriter-Creator-by-Timofey_Tkachev-MOC-FACTORY.jpg\" alt=\"MOC-14237 Steampunk Typewriter Creator by Timofey_Tkachev MOC FACTORY\" width=\"800\" height=\"800\" \/><\/a><figcaption id=\"caption-attachment-202717\" class=\"wp-caption-text\">MOC-14237 Cr\u00e9ateur de machine \u00e0 \u00e9crire Steampunk par Timofey_Tkachev MOC FACTORY<\/figcaption><\/figure>","protected":false},"excerpt":{"rendered":"<ul>\n<li>Inclure\u00a0<strong>1375+<\/strong>\u00a0pi\u00e8ces<\/li>\n<li>Instruction PDF en ligne<\/li>\n<li>Bloc ABS de haute qualit\u00e9<\/li>\n<li>Dimensions : 22 x 16 x 14 cm<\/li>\n<\/ul>","protected":false},"featured_media":22948,"comment_status":"open","ping_status":"closed","template":"","meta":{"_acf_changed":false},"product_cat":[371],"product_tag":[],"class_list":["product","first","instock","shipping-taxable","purchasable","product-type-simple"],"acf":[],"_links":{"self":[{"href":"https:\/\/mouldking.store\/fr\/wp-json\/wp\/v2\/product\/22949","targetHints":{"allow":["GET"]}}],"collection":[{"href":"https:\/\/mouldking.store\/fr\/wp-json\/wp\/v2\/product"}],"about":[{"href":"https:\/\/mouldking.store\/fr\/wp-json\/wp\/v2\/types\/product"}],"replies":[{"embeddable":true,"href":"https:\/\/mouldking.store\/fr\/wp-json\/wp\/v2\/comments?post=22949"}],"wp:featuredmedia":[{"embeddable":true,"href":"https:\/\/mouldking.store\/fr\/wp-json\/wp\/v2\/media\/22948"}],"wp:attachment":[{"href":"https:\/\/mouldking.store\/fr\/wp-json\/wp\/v2\/media?parent=22949"}],"wp:term":[{"taxonomy":"product_cat","embeddable":true,"href":"https:\/\/mouldking.store\/fr\/wp-json\/wp\/v2\/product_cat?post=22949"},{"taxonomy":"product_tag","embeddable":true,"href":"https:\/\/mouldking.store\/fr\/wp-json\/wp\/v2\/product_tag?post=22949"}],"curies":[{"name":"wp","href":"https:\/\/api.w.org\/{rel}","templated":true}]}}