{"id":22965,"date":"2021-10-10T04:48:04","date_gmt":"2021-10-09T21:48:04","guid":{"rendered":"https:\/\/mouldking.store\/shop\/moc-22161-large-minecraft-tnt-creator-by-klosspalatset-moc-factory\/"},"modified":"2025-12-25T09:21:02","modified_gmt":"2025-12-25T02:21:02","slug":"moc-22161-large-minecraft-tnt-creator-by-klosspalatset-moc-factory","status":"publish","type":"product","link":"https:\/\/mouldking.store\/fr\/shop\/moc-22161-large-minecraft-tnt-creator-by-klosspalatset-moc-factory\/","title":{"rendered":"MOC-22161 Grand cr\u00e9ateur de Minecraft TNT par klosspalatset MOC FACTORY"},"content":{"rendered":"<p style=\"text-align: left\">MOC-22161 Grand Minecraft TNT Creator par klosspalatset MOC FACTORY est un ensemble de la collection Creator, con\u00e7u par klosspalatset. Ce MOC 22161 est livr\u00e9 avec des instructions PDF faciles \u00e0 construire et \u00e0 trouver les pi\u00e8ces manquantes. L&#039;ensemble contient 631 pi\u00e8ces, sorties pour la premi\u00e8re fois en 2021.<\/p>\n<figure id=\"attachment_202737\" aria-describedby=\"caption-attachment-202737\" style=\"width: 800px\" class=\"wp-caption aligncenter\"><a href=\"https:\/\/pay.lpwstore.com\/wp-content\/uploads\/2021\/02\/MOC-22161-Large-Minecraft-TNT-Creator-by-klosspalatset-MOC-FACTORY.jpg\" target=\"_blank\" rel=\"noopener\"><img fetchpriority=\"high\" decoding=\"async\" class=\"wp-image-202737 size-full\" title=\"MOC-22161 Grand cr\u00e9ateur de Minecraft TNT par klosspalatset MOC FACTORY\" src=\"https:\/\/pay.lpwstore.com\/wp-content\/uploads\/2021\/02\/MOC-22161-Large-Minecraft-TNT-Creator-by-klosspalatset-MOC-FACTORY.jpg\" alt=\"MOC-22161 Large Minecraft TNT Creator by klosspalatset MOC FACTORY\" width=\"800\" height=\"800\" \/><\/a><figcaption id=\"caption-attachment-202737\" class=\"wp-caption-text\">MOC-22161 Grand cr\u00e9ateur de Minecraft TNT par klosspalatset MOC FACTORY<\/figcaption><\/figure>\n<p><img decoding=\"async\" class=\"alignnone size-full wp-image-202738 aligncenter\" src=\"https:\/\/pay.lpwstore.com\/wp-content\/uploads\/2021\/02\/MOC-22161-Large-Minecraft-TNT-Creator-by-klosspalatset-MOC-FACTORY-2.jpg\" alt=\"MOC-22161-Large-Minecraft-TNT-Creator-by-klosspalatset-MOC-FACTORY-2\" width=\"800\" height=\"800\" title=\"-\"><\/p>","protected":false},"excerpt":{"rendered":"<ul>\n<li>Inclure\u00a0<strong>631+<\/strong>\u00a0pi\u00e8ces<\/li>\n<li>Instruction PDF en ligne<\/li>\n<li>Bloc ABS de haute qualit\u00e9<\/li>\n<li>Dimensions : 13 x 13 x 13,5 cm<\/li>\n<\/ul>","protected":false},"author":83,"featured_media":22963,"comment_status":"open","ping_status":"closed","template":"","meta":{"_acf_changed":false},"product_cat":[371],"product_tag":[],"class_list":["product","first","outofstock","shipping-taxable","purchasable","product-type-simple"],"acf":[],"_links":{"self":[{"href":"https:\/\/mouldking.store\/fr\/wp-json\/wp\/v2\/product\/22965","targetHints":{"allow":["GET"]}}],"collection":[{"href":"https:\/\/mouldking.store\/fr\/wp-json\/wp\/v2\/product"}],"about":[{"href":"https:\/\/mouldking.store\/fr\/wp-json\/wp\/v2\/types\/product"}],"author":[{"embeddable":true,"href":"https:\/\/mouldking.store\/fr\/wp-json\/wp\/v2\/users\/83"}],"replies":[{"embeddable":true,"href":"https:\/\/mouldking.store\/fr\/wp-json\/wp\/v2\/comments?post=22965"}],"wp:featuredmedia":[{"embeddable":true,"href":"https:\/\/mouldking.store\/fr\/wp-json\/wp\/v2\/media\/22963"}],"wp:attachment":[{"href":"https:\/\/mouldking.store\/fr\/wp-json\/wp\/v2\/media?parent=22965"}],"wp:term":[{"taxonomy":"product_cat","embeddable":true,"href":"https:\/\/mouldking.store\/fr\/wp-json\/wp\/v2\/product_cat?post=22965"},{"taxonomy":"product_tag","embeddable":true,"href":"https:\/\/mouldking.store\/fr\/wp-json\/wp\/v2\/product_tag?post=22965"}],"curies":[{"name":"wp","href":"https:\/\/api.w.org\/{rel}","templated":true}]}}