{"id":23030,"date":"2021-10-10T04:49:01","date_gmt":"2021-10-09T21:49:01","guid":{"rendered":"https:\/\/mouldking.store\/shop\/moc-56076-lego-architecture-advent-calendar-creator-by-klosspalatset-moc-factory\/"},"modified":"2025-12-25T09:21:01","modified_gmt":"2025-12-25T02:21:01","slug":"moc-56076-lego-architecture-advent-calendar-creator-by-klosspalatset-moc-factory","status":"publish","type":"product","link":"https:\/\/mouldking.store\/fr\/shop\/moc-56076-lego-architecture-advent-calendar-creator-by-klosspalatset-moc-factory\/","title":{"rendered":"MOC-56076 Cr\u00e9ateur de calendrier de l&#039;Avent Lego Architecture par klosspalatset MOC FACTORY"},"content":{"rendered":"<p>MOC-56076 Lego Architecture Calendrier de l&#039;Avent Creator par klosspalatset MOC FACTORY est un ensemble de la collection Creator, con\u00e7u par klosspalatset. Ce MOC 56076 est livr\u00e9 avec des instructions PDF faciles \u00e0 construire et \u00e0 trouver les pi\u00e8ces manquantes. L&#039;ensemble contient 472 pi\u00e8ces, sorties pour la premi\u00e8re fois en 2021.<\/p>\n<figure id=\"attachment_202840\" aria-describedby=\"caption-attachment-202840\" style=\"width: 800px\" class=\"wp-caption aligncenter\"><a href=\"https:\/\/pay.lpwstore.com\/wp-content\/uploads\/2021\/02\/MOC-56076-Lego-Architecture-Advent-Calendar-Creator-by-klosspalatset-MOC-FACTORY.jpg\" target=\"_blank\" rel=\"noopener\"><img fetchpriority=\"high\" decoding=\"async\" class=\"wp-image-202840 size-full\" title=\"MOC-56076 Cr\u00e9ateur de calendrier de l&#039;Avent Lego Architecture par klosspalatset MOC FACTORY\" src=\"https:\/\/pay.lpwstore.com\/wp-content\/uploads\/2021\/02\/MOC-56076-Lego-Architecture-Advent-Calendar-Creator-by-klosspalatset-MOC-FACTORY.jpg\" alt=\"MOC-56076 Lego Architecture Advent Calendar Creator by klosspalatset MOC FACTORY\" width=\"800\" height=\"800\" \/><\/a><figcaption id=\"caption-attachment-202840\" class=\"wp-caption-text\">MOC-56076 Cr\u00e9ateur de calendrier de l&#039;Avent Lego Architecture par klosspalatset MOC FACTORY<\/figcaption><\/figure>","protected":false},"excerpt":{"rendered":"<ul>\n<li>Inclure\u00a0<strong>472+<\/strong>\u00a0pi\u00e8ces<\/li>\n<li>Instruction PDF en ligne<\/li>\n<li>Bloc ABS de haute qualit\u00e9<\/li>\n<li>Dimensions : 5 x 3,2 x 10 cm<\/li>\n<\/ul>","protected":false},"featured_media":23029,"comment_status":"open","ping_status":"closed","template":"","meta":{"_acf_changed":false},"product_cat":[371],"product_tag":[],"class_list":["product","first","instock","shipping-taxable","purchasable","product-type-simple"],"acf":[],"_links":{"self":[{"href":"https:\/\/mouldking.store\/fr\/wp-json\/wp\/v2\/product\/23030","targetHints":{"allow":["GET"]}}],"collection":[{"href":"https:\/\/mouldking.store\/fr\/wp-json\/wp\/v2\/product"}],"about":[{"href":"https:\/\/mouldking.store\/fr\/wp-json\/wp\/v2\/types\/product"}],"replies":[{"embeddable":true,"href":"https:\/\/mouldking.store\/fr\/wp-json\/wp\/v2\/comments?post=23030"}],"wp:featuredmedia":[{"embeddable":true,"href":"https:\/\/mouldking.store\/fr\/wp-json\/wp\/v2\/media\/23029"}],"wp:attachment":[{"href":"https:\/\/mouldking.store\/fr\/wp-json\/wp\/v2\/media?parent=23030"}],"wp:term":[{"taxonomy":"product_cat","embeddable":true,"href":"https:\/\/mouldking.store\/fr\/wp-json\/wp\/v2\/product_cat?post=23030"},{"taxonomy":"product_tag","embeddable":true,"href":"https:\/\/mouldking.store\/fr\/wp-json\/wp\/v2\/product_tag?post=23030"}],"curies":[{"name":"wp","href":"https:\/\/api.w.org\/{rel}","templated":true}]}}