{"id":23096,"date":"2021-10-10T04:50:13","date_gmt":"2021-10-10T04:50:13","guid":{"rendered":"https:\/\/mouldking.store\/shop\/moc-38943-demogorgon-movie-by-aaron-newman-moc-factory\/"},"modified":"2025-12-25T09:20:55","modified_gmt":"2025-12-25T02:20:55","slug":"moc-38943-demogorgon-movie-by-aaron-newman-moc-factory","status":"publish","type":"product","link":"https:\/\/mouldking.store\/fr\/shop\/moc-38943-demogorgon-movie-by-aaron-newman-moc-factory\/","title":{"rendered":"MOC-38943 Demogorgon Film par aaron newman MOC FACTORY"},"content":{"rendered":"<p><b>Le D\u00e9mogorgon<\/b>, aussi connu sous le nom\u00a0<b>le monstre<\/b>, \u00e9tait le principal antagoniste de la premi\u00e8re saison de\u00a0<i>Choses \u00e9tranges<\/i>, aux c\u00f4t\u00e9s de Martin Brenner. Le monstre avait la capacit\u00e9 de voyager entre les dimensions sur un coup de t\u00eate, cr\u00e9ant des portails temporaires dans le tissu de la r\u00e9alit\u00e9.<\/p>\n<p style=\"text-align: left;\">MOC-38943 Demogorgon Movie par aaron newman MOC FACTORY est un ensemble de la collection Movie, con\u00e7u par aaron newman. Ce MOC 38943 est livr\u00e9 avec des instructions PDF faciles \u00e0 construire et \u00e0 trouver les pi\u00e8ces manquantes. L&#039;ensemble contient 350 pi\u00e8ces, sorties pour la premi\u00e8re fois en 2021.<\/p>\n<p><img fetchpriority=\"high\" decoding=\"async\" class=\"alignnone size-medium wp-image-23090\" src=\"https:\/\/mouldking.store\/wp-content\/uploads\/2021\/10\/MOC-38943-Demogorgon-Movie-by-aaron-newman-MOC-FACTORY-300x300.jpg\" alt=\"-\" width=\"300\" height=\"300\" title=\"-\" srcset=\"https:\/\/mouldking.store\/wp-content\/uploads\/2021\/10\/MOC-38943-Demogorgon-Movie-by-aaron-newman-MOC-FACTORY-300x300.jpg 300w, https:\/\/mouldking.store\/wp-content\/uploads\/2021\/10\/MOC-38943-Demogorgon-Movie-by-aaron-newman-MOC-FACTORY-768x768.jpg 768w, https:\/\/mouldking.store\/wp-content\/uploads\/2021\/10\/MOC-38943-Demogorgon-Movie-by-aaron-newman-MOC-FACTORY-600x600.jpg 600w, https:\/\/mouldking.store\/wp-content\/uploads\/2021\/10\/MOC-38943-Demogorgon-Movie-by-aaron-newman-MOC-FACTORY-150x150.jpg 150w, https:\/\/mouldking.store\/wp-content\/uploads\/2021\/10\/MOC-38943-Demogorgon-Movie-by-aaron-newman-MOC-FACTORY.jpg 800w\" sizes=\"(max-width: 300px) 100vw, 300px\" \/> <img decoding=\"async\" class=\"alignnone size-medium wp-image-23091\" src=\"https:\/\/mouldking.store\/wp-content\/uploads\/2021\/10\/MOC-38943-Demogorgon-Movie-by-aaron-newman-MOC-FACTORY-2-300x300.jpg\" alt=\"-\" width=\"300\" height=\"300\" title=\"-\" srcset=\"https:\/\/mouldking.store\/wp-content\/uploads\/2021\/10\/MOC-38943-Demogorgon-Movie-by-aaron-newman-MOC-FACTORY-2-300x300.jpg 300w, https:\/\/mouldking.store\/wp-content\/uploads\/2021\/10\/MOC-38943-Demogorgon-Movie-by-aaron-newman-MOC-FACTORY-2-768x768.jpg 768w, https:\/\/mouldking.store\/wp-content\/uploads\/2021\/10\/MOC-38943-Demogorgon-Movie-by-aaron-newman-MOC-FACTORY-2-600x600.jpg 600w, https:\/\/mouldking.store\/wp-content\/uploads\/2021\/10\/MOC-38943-Demogorgon-Movie-by-aaron-newman-MOC-FACTORY-2-150x150.jpg 150w, https:\/\/mouldking.store\/wp-content\/uploads\/2021\/10\/MOC-38943-Demogorgon-Movie-by-aaron-newman-MOC-FACTORY-2.jpg 800w\" sizes=\"(max-width: 300px) 100vw, 300px\" \/> <img decoding=\"async\" class=\"alignnone size-medium wp-image-23092\" src=\"https:\/\/mouldking.store\/wp-content\/uploads\/2021\/10\/MOC-38943-Demogorgon-Movie-by-aaron-newman-MOC-FACTORY-3-300x300.jpg\" alt=\"-\" width=\"300\" height=\"300\" title=\"-\" srcset=\"https:\/\/mouldking.store\/wp-content\/uploads\/2021\/10\/MOC-38943-Demogorgon-Movie-by-aaron-newman-MOC-FACTORY-3-300x300.jpg 300w, https:\/\/mouldking.store\/wp-content\/uploads\/2021\/10\/MOC-38943-Demogorgon-Movie-by-aaron-newman-MOC-FACTORY-3-768x768.jpg 768w, https:\/\/mouldking.store\/wp-content\/uploads\/2021\/10\/MOC-38943-Demogorgon-Movie-by-aaron-newman-MOC-FACTORY-3-600x600.jpg 600w, https:\/\/mouldking.store\/wp-content\/uploads\/2021\/10\/MOC-38943-Demogorgon-Movie-by-aaron-newman-MOC-FACTORY-3-150x150.jpg 150w, https:\/\/mouldking.store\/wp-content\/uploads\/2021\/10\/MOC-38943-Demogorgon-Movie-by-aaron-newman-MOC-FACTORY-3.jpg 800w\" sizes=\"(max-width: 300px) 100vw, 300px\" \/> <img loading=\"lazy\" decoding=\"async\" class=\"alignnone size-medium wp-image-23093\" src=\"https:\/\/mouldking.store\/wp-content\/uploads\/2021\/10\/MOC-38943-Demogorgon-Movie-by-aaron-newman-MOC-FACTORY-4-300x300.jpg\" alt=\"-\" width=\"300\" height=\"300\" title=\"-\" srcset=\"https:\/\/mouldking.store\/wp-content\/uploads\/2021\/10\/MOC-38943-Demogorgon-Movie-by-aaron-newman-MOC-FACTORY-4-300x300.jpg 300w, https:\/\/mouldking.store\/wp-content\/uploads\/2021\/10\/MOC-38943-Demogorgon-Movie-by-aaron-newman-MOC-FACTORY-4-768x768.jpg 768w, https:\/\/mouldking.store\/wp-content\/uploads\/2021\/10\/MOC-38943-Demogorgon-Movie-by-aaron-newman-MOC-FACTORY-4-600x600.jpg 600w, https:\/\/mouldking.store\/wp-content\/uploads\/2021\/10\/MOC-38943-Demogorgon-Movie-by-aaron-newman-MOC-FACTORY-4-150x150.jpg 150w, https:\/\/mouldking.store\/wp-content\/uploads\/2021\/10\/MOC-38943-Demogorgon-Movie-by-aaron-newman-MOC-FACTORY-4.jpg 800w\" sizes=\"(max-width: 300px) 100vw, 300px\" \/> <img loading=\"lazy\" decoding=\"async\" class=\"alignnone size-medium wp-image-23094\" src=\"https:\/\/mouldking.store\/wp-content\/uploads\/2021\/10\/MOC-38943-Demogorgon-Movie-by-aaron-newman-MOC-FACTORY-5-300x300.jpg\" alt=\"-\" width=\"300\" height=\"300\" title=\"-\" srcset=\"https:\/\/mouldking.store\/wp-content\/uploads\/2021\/10\/MOC-38943-Demogorgon-Movie-by-aaron-newman-MOC-FACTORY-5-300x300.jpg 300w, https:\/\/mouldking.store\/wp-content\/uploads\/2021\/10\/MOC-38943-Demogorgon-Movie-by-aaron-newman-MOC-FACTORY-5-768x768.jpg 768w, https:\/\/mouldking.store\/wp-content\/uploads\/2021\/10\/MOC-38943-Demogorgon-Movie-by-aaron-newman-MOC-FACTORY-5-600x600.jpg 600w, https:\/\/mouldking.store\/wp-content\/uploads\/2021\/10\/MOC-38943-Demogorgon-Movie-by-aaron-newman-MOC-FACTORY-5-150x150.jpg 150w, https:\/\/mouldking.store\/wp-content\/uploads\/2021\/10\/MOC-38943-Demogorgon-Movie-by-aaron-newman-MOC-FACTORY-5.jpg 800w\" sizes=\"(max-width: 300px) 100vw, 300px\" \/> <img loading=\"lazy\" decoding=\"async\" class=\"alignnone size-medium wp-image-23095\" src=\"https:\/\/mouldking.store\/wp-content\/uploads\/2021\/10\/MOC-38943-Demogorgon-Movie-by-aaron-newman-MOC-FACTORY-6-300x300.jpg\" alt=\"-\" width=\"300\" height=\"300\" title=\"-\" srcset=\"https:\/\/mouldking.store\/wp-content\/uploads\/2021\/10\/MOC-38943-Demogorgon-Movie-by-aaron-newman-MOC-FACTORY-6-300x300.jpg 300w, https:\/\/mouldking.store\/wp-content\/uploads\/2021\/10\/MOC-38943-Demogorgon-Movie-by-aaron-newman-MOC-FACTORY-6-768x768.jpg 768w, https:\/\/mouldking.store\/wp-content\/uploads\/2021\/10\/MOC-38943-Demogorgon-Movie-by-aaron-newman-MOC-FACTORY-6-600x600.jpg 600w, https:\/\/mouldking.store\/wp-content\/uploads\/2021\/10\/MOC-38943-Demogorgon-Movie-by-aaron-newman-MOC-FACTORY-6-150x150.jpg 150w, https:\/\/mouldking.store\/wp-content\/uploads\/2021\/10\/MOC-38943-Demogorgon-Movie-by-aaron-newman-MOC-FACTORY-6.jpg 800w\" sizes=\"(max-width: 300px) 100vw, 300px\" \/><\/p>","protected":false},"excerpt":{"rendered":"<ul>\n<li>Inclure\u00a0<strong>350+<\/strong>\u00a0pi\u00e8ces<\/li>\n<li>Instruction PDF en ligne<\/li>\n<li>Bloc ABS de haute qualit\u00e9<\/li>\n<li>Dimensions : 20 x 10 x 26 cm<\/li>\n<\/ul>","protected":false},"featured_media":23090,"comment_status":"open","ping_status":"closed","template":"","meta":{"_acf_changed":false},"product_cat":[581],"product_tag":[],"class_list":["product","first","instock","shipping-taxable","purchasable","product-type-simple"],"acf":[],"_links":{"self":[{"href":"https:\/\/mouldking.store\/fr\/wp-json\/wp\/v2\/product\/23096","targetHints":{"allow":["GET"]}}],"collection":[{"href":"https:\/\/mouldking.store\/fr\/wp-json\/wp\/v2\/product"}],"about":[{"href":"https:\/\/mouldking.store\/fr\/wp-json\/wp\/v2\/types\/product"}],"replies":[{"embeddable":true,"href":"https:\/\/mouldking.store\/fr\/wp-json\/wp\/v2\/comments?post=23096"}],"wp:featuredmedia":[{"embeddable":true,"href":"https:\/\/mouldking.store\/fr\/wp-json\/wp\/v2\/media\/23090"}],"wp:attachment":[{"href":"https:\/\/mouldking.store\/fr\/wp-json\/wp\/v2\/media?parent=23096"}],"wp:term":[{"taxonomy":"product_cat","embeddable":true,"href":"https:\/\/mouldking.store\/fr\/wp-json\/wp\/v2\/product_cat?post=23096"},{"taxonomy":"product_tag","embeddable":true,"href":"https:\/\/mouldking.store\/fr\/wp-json\/wp\/v2\/product_tag?post=23096"}],"curies":[{"name":"wp","href":"https:\/\/api.w.org\/{rel}","templated":true}]}}