{"id":23141,"date":"2021-10-10T04:50:54","date_gmt":"2021-10-10T04:50:54","guid":{"rendered":"https:\/\/mouldking.store\/shop\/moc-2981-smart-fortwo-technic-by-artemy-zotov-moc-factory\/"},"modified":"2025-12-25T09:20:54","modified_gmt":"2025-12-25T02:20:54","slug":"moc-2981-smart-fortwo-technic-by-artemy-zotov-moc-factory","status":"publish","type":"product","link":"https:\/\/mouldking.store\/fr\/shop\/moc-2981-smart-fortwo-technic-by-artemy-zotov-moc-factory\/","title":{"rendered":"MOC-2981 Smart Fortwo Technic par Artemy Zotov MOC FACTORY"},"content":{"rendered":"<p style=\"text-align: left\">MOC-2981 Smart Fortwo Technic par Artemy Zotov MOC FACTORY est un ensemble de la collection Technic, con\u00e7u par Artemy Zotov. Ce MOC 2981 est livr\u00e9 avec des instructions PDF faciles \u00e0 construire et \u00e0 trouver les pi\u00e8ces manquantes. L&#039;ensemble contient 761 pi\u00e8ces, sorties pour la premi\u00e8re fois en 2021.<\/p>\n<figure id=\"attachment_203188\" aria-describedby=\"caption-attachment-203188\" style=\"width: 800px\" class=\"wp-caption aligncenter\"><a href=\"https:\/\/pay.lpwstore.com\/wp-content\/uploads\/2021\/03\/MOC-2981-Smart-Fortwo-Technic-by-Artemy-Zotov-MOC-FACTORY.jpg\" target=\"_blank\" rel=\"noopener\"><img fetchpriority=\"high\" decoding=\"async\" class=\"wp-image-203188 size-full\" title=\"MOC-2981 Smart Fortwo Technic par Artemy Zotov MOC FACTORY\" src=\"https:\/\/pay.lpwstore.com\/wp-content\/uploads\/2021\/03\/MOC-2981-Smart-Fortwo-Technic-by-Artemy-Zotov-MOC-FACTORY.jpg\" alt=\"MOC-2981 Smart Fortwo Technic by Artemy Zotov MOC FACTORY\" width=\"800\" height=\"800\" \/><\/a><figcaption id=\"caption-attachment-203188\" class=\"wp-caption-text\">MOC-2981 Smart Fortwo Technic par Artemy Zotov MOC FACTORY<\/figcaption><\/figure>\n<p><img decoding=\"async\" class=\"alignnone size-full wp-image-203189 aligncenter\" src=\"https:\/\/pay.lpwstore.com\/wp-content\/uploads\/2021\/03\/MOC-2981-Smart-Fortwo-Technic-by-Artemy-Zotov-MOC-FACTORY-2.jpg\" alt=\"-\" width=\"800\" height=\"800\" title=\"-\"> <img decoding=\"async\" class=\"alignnone size-full wp-image-203190 aligncenter\" src=\"https:\/\/pay.lpwstore.com\/wp-content\/uploads\/2021\/03\/MOC-2981-Smart-Fortwo-Technic-by-Artemy-Zotov-MOC-FACTORY-3.jpg\" alt=\"-\" width=\"800\" height=\"800\" title=\"-\"> <img loading=\"lazy\" decoding=\"async\" class=\"alignnone size-full wp-image-203191 aligncenter\" src=\"https:\/\/pay.lpwstore.com\/wp-content\/uploads\/2021\/03\/MOC-2981-Smart-Fortwo-Technic-by-Artemy-Zotov-MOC-FACTORY-4.jpg\" alt=\"-\" width=\"800\" height=\"800\" title=\"-\"><\/p>","protected":false},"excerpt":{"rendered":"<ul>\n<li>Inclure\u00a0<strong>761+<\/strong>\u00a0pi\u00e8ces<\/li>\n<li>Instruction PDF en ligne<\/li>\n<li>Bloc ABS de haute qualit\u00e9<\/li>\n<\/ul>","protected":false},"featured_media":23137,"comment_status":"open","ping_status":"closed","template":"","meta":{"_acf_changed":false},"product_cat":[364],"product_tag":[],"class_list":["product","first","instock","shipping-taxable","purchasable","product-type-simple"],"acf":[],"_links":{"self":[{"href":"https:\/\/mouldking.store\/fr\/wp-json\/wp\/v2\/product\/23141","targetHints":{"allow":["GET"]}}],"collection":[{"href":"https:\/\/mouldking.store\/fr\/wp-json\/wp\/v2\/product"}],"about":[{"href":"https:\/\/mouldking.store\/fr\/wp-json\/wp\/v2\/types\/product"}],"replies":[{"embeddable":true,"href":"https:\/\/mouldking.store\/fr\/wp-json\/wp\/v2\/comments?post=23141"}],"wp:featuredmedia":[{"embeddable":true,"href":"https:\/\/mouldking.store\/fr\/wp-json\/wp\/v2\/media\/23137"}],"wp:attachment":[{"href":"https:\/\/mouldking.store\/fr\/wp-json\/wp\/v2\/media?parent=23141"}],"wp:term":[{"taxonomy":"product_cat","embeddable":true,"href":"https:\/\/mouldking.store\/fr\/wp-json\/wp\/v2\/product_cat?post=23141"},{"taxonomy":"product_tag","embeddable":true,"href":"https:\/\/mouldking.store\/fr\/wp-json\/wp\/v2\/product_tag?post=23141"}],"curies":[{"name":"wp","href":"https:\/\/api.w.org\/{rel}","templated":true}]}}