{"id":23165,"date":"2021-10-10T04:51:15","date_gmt":"2021-10-09T21:51:15","guid":{"rendered":"https:\/\/mouldking.store\/shop\/moc-47989-cargo-train-emd-sd70m-2-cn-train-technic-by-oninino-moc-factory\/"},"modified":"2025-12-25T09:20:54","modified_gmt":"2025-12-25T02:20:54","slug":"moc-47989-cargo-train-emd-sd70m-2-cn-train-technic-by-oninino-moc-factory","status":"publish","type":"product","link":"https:\/\/mouldking.store\/fr\/shop\/moc-47989-cargo-train-emd-sd70m-2-cn-train-technic-by-oninino-moc-factory\/","title":{"rendered":"MOC-47989 Cargo Train - EMD SD70M-2 CN Train Technic par Oninino MOC FACTORY"},"content":{"rendered":"<p style=\"text-align: left\">MOC-47989 Cargo Train \u2013 EMD SD70M-2 CN Train Technic par Oninino MOC FACTORY est un ensemble de la collection Technic, con\u00e7u par Oninino. Ce MOC 47989 est livr\u00e9 avec des instructions PDF faciles \u00e0 construire et \u00e0 trouver les pi\u00e8ces manquantes. L&#039;ensemble contient 697 pi\u00e8ces, sorties pour la premi\u00e8re fois en 2021.<\/p>\n<figure id=\"attachment_203238\" aria-describedby=\"caption-attachment-203238\" style=\"width: 800px\" class=\"wp-caption aligncenter\"><a href=\"https:\/\/pay.lpwstore.com\/wp-content\/uploads\/2021\/03\/MOC-47989-Cargo-Train-EMD-SD70M-2-CN-Train-Technic-by-Oninino-MOC-FACTORY.jpg\" target=\"_blank\" rel=\"noopener\"><img fetchpriority=\"high\" decoding=\"async\" class=\"wp-image-203238 size-full\" title=\"MOC-47989 Cargo Train - EMD SD70M-2 CN Train Technic par Oninino MOC FACTORY\" src=\"https:\/\/pay.lpwstore.com\/wp-content\/uploads\/2021\/03\/MOC-47989-Cargo-Train-EMD-SD70M-2-CN-Train-Technic-by-Oninino-MOC-FACTORY.jpg\" alt=\"MOC-47989 Cargo Train - EMD SD70M-2 CN Train Technic by Oninino MOC FACTORY\" width=\"800\" height=\"800\" \/><\/a><figcaption id=\"caption-attachment-203238\" class=\"wp-caption-text\">MOC-47989 Cargo Train - EMD SD70M-2 CN Train Technic par Oninino MOC FACTORY<\/figcaption><\/figure>\n<p><img decoding=\"async\" class=\"alignnone size-full wp-image-203239 aligncenter\" src=\"https:\/\/pay.lpwstore.com\/wp-content\/uploads\/2021\/03\/MOC-47989-Cargo-Train-EMD-SD70M-2-CN-Train-Technic-by-Oninino-MOC-FACTORY-2.jpg\" alt=\"-\" width=\"800\" height=\"800\" title=\"-\"> <img decoding=\"async\" class=\"alignnone size-full wp-image-203240 aligncenter\" src=\"https:\/\/pay.lpwstore.com\/wp-content\/uploads\/2021\/03\/MOC-47989-Cargo-Train-EMD-SD70M-2-CN-Train-Technic-by-Oninino-MOC-FACTORY-3.jpg\" alt=\"-\" width=\"800\" height=\"800\" title=\"-\"> <img loading=\"lazy\" decoding=\"async\" class=\"alignnone size-full wp-image-203241 aligncenter\" src=\"https:\/\/pay.lpwstore.com\/wp-content\/uploads\/2021\/03\/MOC-47989-Cargo-Train-EMD-SD70M-2-CN-Train-Technic-by-Oninino-MOC-FACTORY-4.jpg\" alt=\"-\" width=\"800\" height=\"800\" title=\"-\"> <img loading=\"lazy\" decoding=\"async\" class=\"alignnone size-full wp-image-203242 aligncenter\" src=\"https:\/\/pay.lpwstore.com\/wp-content\/uploads\/2021\/03\/MOC-47989-Cargo-Train-EMD-SD70M-2-CN-Train-Technic-by-Oninino-MOC-FACTORY-5.jpg\" alt=\"-\" width=\"800\" height=\"800\" title=\"-\"><\/p>","protected":false},"excerpt":{"rendered":"<ul>\n<li>Inclure\u00a0<strong>697+<\/strong>\u00a0pi\u00e8ces<\/li>\n<li>Instruction PDF en ligne<\/li>\n<li>Bloc ABS de haute qualit\u00e9<\/li>\n<li>Dimensions : 38 x 6,4 x 8 cm<\/li>\n<\/ul>","protected":false},"featured_media":23160,"comment_status":"open","ping_status":"closed","template":"","meta":{"_acf_changed":false},"product_cat":[364],"product_tag":[],"class_list":["product","first","instock","shipping-taxable","purchasable","product-type-simple"],"acf":[],"_links":{"self":[{"href":"https:\/\/mouldking.store\/fr\/wp-json\/wp\/v2\/product\/23165","targetHints":{"allow":["GET"]}}],"collection":[{"href":"https:\/\/mouldking.store\/fr\/wp-json\/wp\/v2\/product"}],"about":[{"href":"https:\/\/mouldking.store\/fr\/wp-json\/wp\/v2\/types\/product"}],"replies":[{"embeddable":true,"href":"https:\/\/mouldking.store\/fr\/wp-json\/wp\/v2\/comments?post=23165"}],"wp:featuredmedia":[{"embeddable":true,"href":"https:\/\/mouldking.store\/fr\/wp-json\/wp\/v2\/media\/23160"}],"wp:attachment":[{"href":"https:\/\/mouldking.store\/fr\/wp-json\/wp\/v2\/media?parent=23165"}],"wp:term":[{"taxonomy":"product_cat","embeddable":true,"href":"https:\/\/mouldking.store\/fr\/wp-json\/wp\/v2\/product_cat?post=23165"},{"taxonomy":"product_tag","embeddable":true,"href":"https:\/\/mouldking.store\/fr\/wp-json\/wp\/v2\/product_tag?post=23165"}],"curies":[{"name":"wp","href":"https:\/\/api.w.org\/{rel}","templated":true}]}}