{"id":23231,"date":"2021-10-10T04:52:39","date_gmt":"2021-10-09T21:52:39","guid":{"rendered":"https:\/\/mouldking.store\/shop\/moc-90088-the-legend-of-zelda-breath-of-the-wild-creator-moc-factory\/"},"modified":"2025-12-25T09:20:53","modified_gmt":"2025-12-25T02:20:53","slug":"moc-90088-the-legend-of-zelda-breath-of-the-wild-creator-moc-factory","status":"publish","type":"product","link":"https:\/\/mouldking.store\/fr\/shop\/moc-90088-the-legend-of-zelda-breath-of-the-wild-creator-moc-factory\/","title":{"rendered":"MOC-90088 The Legend of Zelda : Breath of the Wild Creator MOC FACTORY"},"content":{"rendered":"<p style=\"text-align: left\">MOC-90088 The Legend of Zelda : Breath of the Wild Creator MOC FACTORY est un ensemble de la collection Creator. Ce MOC 90088 est livr\u00e9 avec des instructions PDF faciles \u00e0 construire et \u00e0 trouver les pi\u00e8ces manquantes. L&#039;ensemble contient 2015 pi\u00e8ces, sorties pour la premi\u00e8re fois en 2021.<\/p>\n<figure id=\"attachment_203412\" aria-describedby=\"caption-attachment-203412\" style=\"width: 800px\" class=\"wp-caption aligncenter\"><a href=\"https:\/\/pay.lpwstore.com\/wp-content\/uploads\/2021\/03\/MOC-90088-The-Legend-of-Zelda-Breath-of-the-Wild-Creator-MOC-FACTORY.jpg\" target=\"_blank\" rel=\"noopener\"><img fetchpriority=\"high\" decoding=\"async\" class=\"wp-image-203412 size-full\" title=\"MOC-90088 The Legend of Zelda : Breath of the Wild Creator MOC FACTORY\" src=\"https:\/\/pay.lpwstore.com\/wp-content\/uploads\/2021\/03\/MOC-90088-The-Legend-of-Zelda-Breath-of-the-Wild-Creator-MOC-FACTORY.jpg\" alt=\"MOC-90088 The Legend of Zelda: Breath of the Wild Creator MOC FACTORY\" width=\"800\" height=\"800\" \/><\/a><figcaption id=\"caption-attachment-203412\" class=\"wp-caption-text\">MOC-90088 The Legend of Zelda : Breath of the Wild Creator MOC FACTORY<\/figcaption><\/figure>\n<p><img decoding=\"async\" class=\"alignnone size-full wp-image-203413 aligncenter\" src=\"https:\/\/pay.lpwstore.com\/wp-content\/uploads\/2021\/03\/MOC-90088-The-Legend-of-Zelda-Breath-of-the-Wild-Creator-MOC-FACTORY-2.jpg\" alt=\"-\" width=\"800\" height=\"800\" title=\"-\"> <img decoding=\"async\" class=\"alignnone size-full wp-image-203415 aligncenter\" src=\"https:\/\/pay.lpwstore.com\/wp-content\/uploads\/2021\/03\/MOC-90088-The-Legend-of-Zelda-Breath-of-the-Wild-Creator-MOC-FACTORY-4.jpg\" alt=\"-\" width=\"800\" height=\"800\" title=\"-\"> <img loading=\"lazy\" decoding=\"async\" class=\"alignnone size-full wp-image-203416 aligncenter\" src=\"https:\/\/pay.lpwstore.com\/wp-content\/uploads\/2021\/03\/MOC-90088-The-Legend-of-Zelda-Breath-of-the-Wild-Creator-MOC-FACTORY-5.jpg\" alt=\"-\" width=\"800\" height=\"800\" title=\"-\"> <img loading=\"lazy\" decoding=\"async\" class=\"alignnone size-full wp-image-203417 aligncenter\" src=\"https:\/\/pay.lpwstore.com\/wp-content\/uploads\/2021\/03\/MOC-90088-The-Legend-of-Zelda-Breath-of-the-Wild-Creator-MOC-FACTORY-6.jpg\" alt=\"-\" width=\"800\" height=\"800\" title=\"-\"> <img loading=\"lazy\" decoding=\"async\" class=\"alignnone size-full wp-image-203418 aligncenter\" src=\"https:\/\/pay.lpwstore.com\/wp-content\/uploads\/2021\/03\/MOC-90088-The-Legend-of-Zelda-Breath-of-the-Wild-Creator-MOC-FACTORY-7.jpg\" alt=\"-\" width=\"800\" height=\"800\" title=\"-\"> <img loading=\"lazy\" decoding=\"async\" class=\"alignnone size-full wp-image-203419 aligncenter\" src=\"https:\/\/pay.lpwstore.com\/wp-content\/uploads\/2021\/03\/MOC-90088-The-Legend-of-Zelda-Breath-of-the-Wild-Creator-MOC-FACTORY-8.jpg\" alt=\"-\" width=\"800\" height=\"800\" title=\"-\"> <img loading=\"lazy\" decoding=\"async\" class=\"alignnone size-full wp-image-203420 aligncenter\" src=\"https:\/\/pay.lpwstore.com\/wp-content\/uploads\/2021\/03\/MOC-90088-The-Legend-of-Zelda-Breath-of-the-Wild-Creator-MOC-FACTORY-9.jpg\" alt=\"-\" width=\"800\" height=\"800\" title=\"-\"> <img loading=\"lazy\" decoding=\"async\" class=\"alignnone size-full wp-image-203421 aligncenter\" src=\"https:\/\/pay.lpwstore.com\/wp-content\/uploads\/2021\/03\/MOC-90088-The-Legend-of-Zelda-Breath-of-the-Wild-Creator-MOC-FACTORY-10.jpg\" alt=\"-\" width=\"800\" height=\"800\" title=\"-\"> <img loading=\"lazy\" decoding=\"async\" class=\"alignnone size-full wp-image-203414 aligncenter\" src=\"https:\/\/pay.lpwstore.com\/wp-content\/uploads\/2021\/03\/MOC-90088-The-Legend-of-Zelda-Breath-of-the-Wild-Creator-MOC-FACTORY-3.jpg\" alt=\"-\" width=\"800\" height=\"800\" title=\"-\"><\/p>","protected":false},"excerpt":{"rendered":"<ul>\n<li>Inclure <strong>2015+<\/strong> pi\u00e8ces<\/li>\n<li>Instruction PDF en ligne<\/li>\n<li>Bloc ABS de haute qualit\u00e9<\/li>\n<li>Dimensions : 34 x 37 x 31 cm<\/li>\n<\/ul>","protected":false},"featured_media":23221,"comment_status":"open","ping_status":"closed","template":"","meta":{"_acf_changed":false},"product_cat":[371],"product_tag":[],"class_list":["product","first","instock","shipping-taxable","purchasable","product-type-simple"],"acf":[],"_links":{"self":[{"href":"https:\/\/mouldking.store\/fr\/wp-json\/wp\/v2\/product\/23231","targetHints":{"allow":["GET"]}}],"collection":[{"href":"https:\/\/mouldking.store\/fr\/wp-json\/wp\/v2\/product"}],"about":[{"href":"https:\/\/mouldking.store\/fr\/wp-json\/wp\/v2\/types\/product"}],"replies":[{"embeddable":true,"href":"https:\/\/mouldking.store\/fr\/wp-json\/wp\/v2\/comments?post=23231"}],"wp:featuredmedia":[{"embeddable":true,"href":"https:\/\/mouldking.store\/fr\/wp-json\/wp\/v2\/media\/23221"}],"wp:attachment":[{"href":"https:\/\/mouldking.store\/fr\/wp-json\/wp\/v2\/media?parent=23231"}],"wp:term":[{"taxonomy":"product_cat","embeddable":true,"href":"https:\/\/mouldking.store\/fr\/wp-json\/wp\/v2\/product_cat?post=23231"},{"taxonomy":"product_tag","embeddable":true,"href":"https:\/\/mouldking.store\/fr\/wp-json\/wp\/v2\/product_tag?post=23231"}],"curies":[{"name":"wp","href":"https:\/\/api.w.org\/{rel}","templated":true}]}}