{"id":23286,"date":"2021-10-10T04:53:38","date_gmt":"2021-10-10T04:53:38","guid":{"rendered":"https:\/\/mouldking.store\/shop\/moc-57554-bmw-x3-technic-by-jeroen-ottens-moc-factory\/"},"modified":"2025-12-25T09:20:45","modified_gmt":"2025-12-25T02:20:45","slug":"moc-57554-bmw-x3-technic-by-jeroen-ottens-moc-factory","status":"publish","type":"product","link":"https:\/\/mouldking.store\/fr\/shop\/moc-57554-bmw-x3-technic-by-jeroen-ottens-moc-factory\/","title":{"rendered":"MOC-57554 BMW X3 Technic par Jeroen Ottens MOC FACTORY"},"content":{"rendered":"<p>MOC-57554 BMW X3 Technic par Jeroen Ottens MOC FACTORY est un ensemble de la collection Technic, con\u00e7u par Jeroen Ottens. Ce MOC 57554 est livr\u00e9 avec des instructions PDF faciles \u00e0 construire et \u00e0 trouver les pi\u00e8ces manquantes. L&#039;ensemble contient 2441 pi\u00e8ces, sorties pour la premi\u00e8re fois en 2021.<\/p>\n<figure id=\"attachment_203530\" aria-describedby=\"caption-attachment-203530\" style=\"width: 800px\" class=\"wp-caption aligncenter\"><a href=\"https:\/\/pay.lpwstore.com\/wp-content\/uploads\/2021\/03\/MOC-57554-BMW-X3-Technic-by-Jeroen-Ottens-MOC-FACTORY.jpg\" target=\"_blank\" rel=\"noopener\"><img fetchpriority=\"high\" decoding=\"async\" class=\"wp-image-203530 size-full\" title=\"MOC-57554 BMW X3 Technic par Jeroen Ottens MOC FACTORY\" src=\"https:\/\/pay.lpwstore.com\/wp-content\/uploads\/2021\/03\/MOC-57554-BMW-X3-Technic-by-Jeroen-Ottens-MOC-FACTORY.jpg\" alt=\"MOC-57554 BMW X3 Technic by Jeroen Ottens MOC FACTORY\" width=\"800\" height=\"800\" \/><\/a><figcaption id=\"caption-attachment-203530\" class=\"wp-caption-text\">MOC-57554 BMW X3 Technic par Jeroen Ottens MOC FACTORY<\/figcaption><\/figure>","protected":false},"excerpt":{"rendered":"<ul>\n<li>Inclure\u00a0<strong>2441+<\/strong>\u00a0pi\u00e8ces<\/li>\n<li>Instruction PDF en ligne<\/li>\n<li>Bloc ABS de haute qualit\u00e9<\/li>\n<li>Avec version moteur<\/li>\n<\/ul>","protected":false},"featured_media":23285,"comment_status":"open","ping_status":"closed","template":"","meta":{"_acf_changed":false},"product_cat":[364],"product_tag":[],"class_list":["product","first","outofstock","shipping-taxable","purchasable","product-type-simple"],"acf":[],"_links":{"self":[{"href":"https:\/\/mouldking.store\/fr\/wp-json\/wp\/v2\/product\/23286","targetHints":{"allow":["GET"]}}],"collection":[{"href":"https:\/\/mouldking.store\/fr\/wp-json\/wp\/v2\/product"}],"about":[{"href":"https:\/\/mouldking.store\/fr\/wp-json\/wp\/v2\/types\/product"}],"replies":[{"embeddable":true,"href":"https:\/\/mouldking.store\/fr\/wp-json\/wp\/v2\/comments?post=23286"}],"wp:featuredmedia":[{"embeddable":true,"href":"https:\/\/mouldking.store\/fr\/wp-json\/wp\/v2\/media\/23285"}],"wp:attachment":[{"href":"https:\/\/mouldking.store\/fr\/wp-json\/wp\/v2\/media?parent=23286"}],"wp:term":[{"taxonomy":"product_cat","embeddable":true,"href":"https:\/\/mouldking.store\/fr\/wp-json\/wp\/v2\/product_cat?post=23286"},{"taxonomy":"product_tag","embeddable":true,"href":"https:\/\/mouldking.store\/fr\/wp-json\/wp\/v2\/product_tag?post=23286"}],"curies":[{"name":"wp","href":"https:\/\/api.w.org\/{rel}","templated":true}]}}