{"id":23321,"date":"2021-10-10T04:54:09","date_gmt":"2021-10-09T21:54:09","guid":{"rendered":"https:\/\/mouldking.store\/shop\/moc-20094-arrested-development-stair-car-technic-by-mkibs-moc-factory\/"},"modified":"2025-12-25T09:20:44","modified_gmt":"2025-12-25T02:20:44","slug":"moc-20094-arrested-development-stair-car-technic-by-mkibs-moc-factory","status":"publish","type":"product","link":"https:\/\/mouldking.store\/fr\/shop\/moc-20094-arrested-development-stair-car-technic-by-mkibs-moc-factory\/","title":{"rendered":"MOC-20094 Technique de voiture d&#039;escalier de d\u00e9veloppement arr\u00eat\u00e9 par mkibs MOC FACTORY"},"content":{"rendered":"<p style=\"text-align: left\">MOC-20094 Arrested Development Stair Car Technic by mkibs MOC FACTORY is a set in Technic collection, designed by mkibs . This MOC 20094 comes with PDF instruction which is easy to build and find the missing pieces. The set contains 580 pieces, first released in 2021.<\/p>\n<h3>NOTE: This product does not include 4 wheels ( part:30285 (Wheel 18 x 14 with Tread Small Hub).<\/h3>\n<figure id=\"attachment_30670\" aria-describedby=\"caption-attachment-30670\" style=\"width: 800px\" class=\"wp-caption aligncenter\"><img fetchpriority=\"high\" decoding=\"async\" class=\"wp-image-30670 size-full\" src=\"https:\/\/mocfactory.com\/wp-content\/uploads\/2021\/03\/MOC-20094-Arrested-Development-Stair-Car-Technic-by-mkibs-MOC-FACTORY.jpg\" alt=\"MOC-20094  Technic Arrested Development Stair Car Designer  mkibs MOC FACTORY\" width=\"800\" height=\"800\" title=\"-\"><figcaption id=\"caption-attachment-30670\" class=\"wp-caption-text\">MOC-20094 Technic Arrested Development Stair Car Designer mkibs MOC FACTORY<\/figcaption><\/figure>\n<figure id=\"attachment_30669\" aria-describedby=\"caption-attachment-30669\" style=\"width: 800px\" class=\"wp-caption aligncenter\"><img decoding=\"async\" class=\"wp-image-30669 size-full\" src=\"https:\/\/mocfactory.com\/wp-content\/uploads\/2021\/03\/MOC-20094-Arrested-Development-Stair-Car-Technic-by-mkibs-MOC-FACTORY-2.jpg\" alt=\"MOC-20094  Technic Arrested Development Stair Car Designer  mkibs MOC FACTORY\" width=\"800\" height=\"800\" title=\"-\"><figcaption id=\"caption-attachment-30669\" class=\"wp-caption-text\">MOC-20094 Technic Arrested Development Stair Car Designer mkibs MOC FACTORY<\/figcaption><\/figure>\n<figure id=\"attachment_203574\" class=\"wp-caption aligncenter\" style=\"width: 800px\" aria-describedby=\"caption-attachment-203574\"><\/figure>","protected":false},"excerpt":{"rendered":"<ul>\n<li>Inclure\u00a0<strong>580+<\/strong>\u00a0pi\u00e8ces<\/li>\n<li>Instruction PDF en ligne<\/li>\n<li>Bloc ABS de haute qualit\u00e9<\/li>\n<li>Dimensions: 16 x 5 x 11 cm<\/li>\n<\/ul>","protected":false},"featured_media":23319,"comment_status":"open","ping_status":"closed","template":"","meta":{"_acf_changed":false},"product_cat":[364],"product_tag":[],"class_list":["product","first","outofstock","shipping-taxable","purchasable","product-type-simple"],"acf":[],"_links":{"self":[{"href":"https:\/\/mouldking.store\/fr\/wp-json\/wp\/v2\/product\/23321","targetHints":{"allow":["GET"]}}],"collection":[{"href":"https:\/\/mouldking.store\/fr\/wp-json\/wp\/v2\/product"}],"about":[{"href":"https:\/\/mouldking.store\/fr\/wp-json\/wp\/v2\/types\/product"}],"replies":[{"embeddable":true,"href":"https:\/\/mouldking.store\/fr\/wp-json\/wp\/v2\/comments?post=23321"}],"wp:featuredmedia":[{"embeddable":true,"href":"https:\/\/mouldking.store\/fr\/wp-json\/wp\/v2\/media\/23319"}],"wp:attachment":[{"href":"https:\/\/mouldking.store\/fr\/wp-json\/wp\/v2\/media?parent=23321"}],"wp:term":[{"taxonomy":"product_cat","embeddable":true,"href":"https:\/\/mouldking.store\/fr\/wp-json\/wp\/v2\/product_cat?post=23321"},{"taxonomy":"product_tag","embeddable":true,"href":"https:\/\/mouldking.store\/fr\/wp-json\/wp\/v2\/product_tag?post=23321"}],"curies":[{"name":"wp","href":"https:\/\/api.w.org\/{rel}","templated":true}]}}