{"id":23463,"date":"2021-10-10T04:56:38","date_gmt":"2021-10-09T21:56:38","guid":{"rendered":"https:\/\/mouldking.store\/shop\/moc-54840-10214-tower-bridge-alternative-modular-school-modular-building-by-alberto-vax-moc-factory\/"},"modified":"2025-12-25T09:20:40","modified_gmt":"2025-12-25T02:20:40","slug":"moc-54840-10214-tower-bridge-alternative-modular-school-modular-building-by-alberto-vax-moc-factory","status":"publish","type":"product","link":"https:\/\/mouldking.store\/fr\/shop\/moc-54840-10214-tower-bridge-alternative-modular-school-modular-building-by-alberto-vax-moc-factory\/","title":{"rendered":"MOC-54840 10214 Tower Bridge alternative - Construction modulaire d&#039;\u00e9cole modulaire par alberto.vax MOC FACTORY"},"content":{"rendered":"<p style=\"text-align: left\">MOC-54840 10214 Tower Bridge alternative \u2013 Modular School Modular Building par alberto.vax MOC FACTORY est un ensemble de la collection Modular Building, con\u00e7u par alberto.vax. Ce MOC 54840 est livr\u00e9 avec des instructions PDF faciles \u00e0 construire et \u00e0 trouver les pi\u00e8ces manquantes. L&#039;ensemble contient 2654 pi\u00e8ces, sorties pour la premi\u00e8re fois en 2021.<\/p>\n<figure id=\"attachment_204049\" aria-describedby=\"caption-attachment-204049\" style=\"width: 800px\" class=\"wp-caption aligncenter\"><a href=\"https:\/\/pay.lpwstore.com\/wp-content\/uploads\/2021\/03\/MOC-54840-10214-Tower-Bridge-alternative-Modular-School-Modular-Building-by-alberto.vax-MOC-FACTORY.jpg\" target=\"_blank\" rel=\"noopener\"><img fetchpriority=\"high\" decoding=\"async\" class=\"wp-image-204049 size-full\" title=\"MOC-54840 10214 Tower Bridge alternative - Construction modulaire d&#039;\u00e9cole modulaire par alberto.vax MOC FACTORY\" src=\"https:\/\/pay.lpwstore.com\/wp-content\/uploads\/2021\/03\/MOC-54840-10214-Tower-Bridge-alternative-Modular-School-Modular-Building-by-alberto.vax-MOC-FACTORY.jpg\" alt=\"MOC-54840 10214 Tower Bridge alternative - Modular School Modular Building by alberto.vax MOC FACTORY\" width=\"800\" height=\"800\" \/><\/a><figcaption id=\"caption-attachment-204049\" class=\"wp-caption-text\">MOC-54840 10214 Tower Bridge alternative - Construction modulaire d&#039;\u00e9cole modulaire par alberto.vax MOC FACTORY<\/figcaption><\/figure>\n<p><img decoding=\"async\" class=\"alignnone size-full wp-image-204050 aligncenter\" src=\"https:\/\/pay.lpwstore.com\/wp-content\/uploads\/2021\/03\/MOC-54840-10214-Tower-Bridge-alternative-Modular-School-Modular-Building-by-alberto-2.jpg\" alt=\"MOC-54840-10214-Tower-Bridge-alternative---Modular-School-Modular-Building-by-alberto-2\" width=\"800\" height=\"800\" title=\"-\"><\/p>","protected":false},"excerpt":{"rendered":"<div class=\"product-short-description\">\n<ul>\n<li>Inclure\u00a0<strong>2654+<\/strong>\u00a0pi\u00e8ces<\/li>\n<li>Instruction PDF en ligne<\/li>\n<li>Bloc ABS de haute qualit\u00e9<\/li>\n<li>Dimensions : 26 x 26 x 26 cm<\/li>\n<\/ul>\n<\/div>","protected":false},"featured_media":23461,"comment_status":"open","ping_status":"closed","template":"","meta":{"_acf_changed":false},"product_cat":[390],"product_tag":[],"class_list":["product","first","instock","shipping-taxable","purchasable","product-type-simple"],"acf":[],"_links":{"self":[{"href":"https:\/\/mouldking.store\/fr\/wp-json\/wp\/v2\/product\/23463","targetHints":{"allow":["GET"]}}],"collection":[{"href":"https:\/\/mouldking.store\/fr\/wp-json\/wp\/v2\/product"}],"about":[{"href":"https:\/\/mouldking.store\/fr\/wp-json\/wp\/v2\/types\/product"}],"replies":[{"embeddable":true,"href":"https:\/\/mouldking.store\/fr\/wp-json\/wp\/v2\/comments?post=23463"}],"wp:featuredmedia":[{"embeddable":true,"href":"https:\/\/mouldking.store\/fr\/wp-json\/wp\/v2\/media\/23461"}],"wp:attachment":[{"href":"https:\/\/mouldking.store\/fr\/wp-json\/wp\/v2\/media?parent=23463"}],"wp:term":[{"taxonomy":"product_cat","embeddable":true,"href":"https:\/\/mouldking.store\/fr\/wp-json\/wp\/v2\/product_cat?post=23463"},{"taxonomy":"product_tag","embeddable":true,"href":"https:\/\/mouldking.store\/fr\/wp-json\/wp\/v2\/product_tag?post=23463"}],"curies":[{"name":"wp","href":"https:\/\/api.w.org\/{rel}","templated":true}]}}