{"id":23472,"date":"2021-10-10T04:56:43","date_gmt":"2021-10-09T21:56:43","guid":{"rendered":"https:\/\/mouldking.store\/shop\/moc-55511-hogsmeade-station-harry-potter-movie-by-jl-bricks-moc-factory\/"},"modified":"2025-12-25T09:20:40","modified_gmt":"2025-12-25T02:20:40","slug":"moc-55511-hogsmeade-station-harry-potter-movie-by-jl-bricks-moc-factory","status":"publish","type":"product","link":"https:\/\/mouldking.store\/fr\/shop\/moc-55511-hogsmeade-station-harry-potter-movie-by-jl-bricks-moc-factory\/","title":{"rendered":"MOC-55511 Gare de Pr\u00e9-au-Lard, film Harry Potter, par JL.Bricks MOC FACTORY"},"content":{"rendered":"<p style=\"text-align: left\">Le MOC-55511 Gare de Pr\u00e9-au-Lard, film Harry Potter, par JL.Bricks, est un ensemble de la collection Film, con\u00e7u par JL.Bricks. Ce MOC 55511 est accompagn\u00e9 d&#039;une notice PDF facile \u00e0 construire et \u00e0 retrouver. Ce set contient 496 pi\u00e8ces, sorti en 2021.<\/p>\n<figure id=\"attachment_204059\" aria-describedby=\"caption-attachment-204059\" style=\"width: 800px\" class=\"wp-caption aligncenter\"><a href=\"https:\/\/pay.lpwstore.com\/wp-content\/uploads\/2021\/03\/MOC-55511-Hogsmeade-Station-Harry-Potter-Movie-by-JL.Bricks-MOC-FACTORY.jpg\" target=\"_blank\" rel=\"noopener\"><img fetchpriority=\"high\" decoding=\"async\" class=\"wp-image-204059 size-full\" title=\"MOC-55511 Gare de Pr\u00e9-au-Lard, film Harry Potter, par JL.Bricks MOC FACTORY\" src=\"https:\/\/pay.lpwstore.com\/wp-content\/uploads\/2021\/03\/MOC-55511-Hogsmeade-Station-Harry-Potter-Movie-by-JL.Bricks-MOC-FACTORY.jpg\" alt=\"MOC-55511 Hogsmeade Station Harry Potter Movie by JL.Bricks MOC FACTORY\" width=\"800\" height=\"800\" \/><\/a><figcaption id=\"caption-attachment-204059\" class=\"wp-caption-text\">MOC-55511 Gare de Pr\u00e9-au-Lard, film Harry Potter, par JL.Bricks MOC FACTORY<\/figcaption><\/figure>\n<p style=\"text-align: center\"><img decoding=\"async\" class=\"alignnone size-full wp-image-204060\" src=\"https:\/\/pay.lpwstore.com\/wp-content\/uploads\/2021\/03\/MOC-55511-Hogsmeade-Station-Harry-Potter-Movie-by-JL-2.jpg\" alt=\"MOC-55511-Hogsmeade-Station-Harry-Potter-Movie-by-JL-2\" width=\"800\" height=\"800\" title=\"-\"><\/p>\n<p style=\"text-align: center\">","protected":false},"excerpt":{"rendered":"<ul>\n<li>Inclure\u00a0<strong>496+<\/strong>\u00a0pi\u00e8ces<\/li>\n<li>Instruction PDF en ligne<\/li>\n<li>Bloc ABS de haute qualit\u00e9<\/li>\n<li>Dimensions : 24 x 13,6 x 13 cm<\/li>\n<\/ul>","protected":false},"featured_media":23470,"comment_status":"open","ping_status":"closed","template":"","meta":{"_acf_changed":false},"product_cat":[581],"product_tag":[],"class_list":["product","first","instock","shipping-taxable","purchasable","product-type-simple"],"acf":[],"_links":{"self":[{"href":"https:\/\/mouldking.store\/fr\/wp-json\/wp\/v2\/product\/23472","targetHints":{"allow":["GET"]}}],"collection":[{"href":"https:\/\/mouldking.store\/fr\/wp-json\/wp\/v2\/product"}],"about":[{"href":"https:\/\/mouldking.store\/fr\/wp-json\/wp\/v2\/types\/product"}],"replies":[{"embeddable":true,"href":"https:\/\/mouldking.store\/fr\/wp-json\/wp\/v2\/comments?post=23472"}],"wp:featuredmedia":[{"embeddable":true,"href":"https:\/\/mouldking.store\/fr\/wp-json\/wp\/v2\/media\/23470"}],"wp:attachment":[{"href":"https:\/\/mouldking.store\/fr\/wp-json\/wp\/v2\/media?parent=23472"}],"wp:term":[{"taxonomy":"product_cat","embeddable":true,"href":"https:\/\/mouldking.store\/fr\/wp-json\/wp\/v2\/product_cat?post=23472"},{"taxonomy":"product_tag","embeddable":true,"href":"https:\/\/mouldking.store\/fr\/wp-json\/wp\/v2\/product_tag?post=23472"}],"curies":[{"name":"wp","href":"https:\/\/api.w.org\/{rel}","templated":true}]}}