{"id":23515,"date":"2021-10-10T04:57:31","date_gmt":"2021-10-10T04:57:31","guid":{"rendered":"https:\/\/mouldking.store\/shop\/moc-59321-incom-t-65-x-wing-starfighter-red-5-star-wars-by-2bricksofficial-moc-factory\/"},"modified":"2025-12-25T09:20:39","modified_gmt":"2025-12-25T02:20:39","slug":"moc-59321-incom-t-65-x-wing-starfighter-red-5-star-wars-by-2bricksofficial-moc-factory","status":"publish","type":"product","link":"https:\/\/mouldking.store\/fr\/shop\/moc-59321-incom-t-65-x-wing-starfighter-red-5-star-wars-by-2bricksofficial-moc-factory\/","title":{"rendered":"MOC-59321 Incom T-65 X Wing Starfighter Red 5 Star Wars par 2bricksofficial MOC FACTORY"},"content":{"rendered":"<p style=\"text-align: left\">MOC-59321 Incom T-65 X Wing Starfighter Red 5 Star Wars par 2bricksofficial MOC FACTORY est un ensemble de la collection Star Wars, con\u00e7u par 2bricksofficial. Ce MOC 59321 est livr\u00e9 avec des instructions PDF faciles \u00e0 construire et \u00e0 trouver les pi\u00e8ces manquantes. L&#039;ensemble contient 2253 pi\u00e8ces, sorties pour la premi\u00e8re fois en 2021.<\/p>\n<figure id=\"attachment_204157\" aria-describedby=\"caption-attachment-204157\" style=\"width: 800px\" class=\"wp-caption aligncenter\"><a href=\"https:\/\/pay.lpwstore.com\/wp-content\/uploads\/2021\/03\/MOC-59321-Incom-T-65-X-Wing-Starfighter-Red-5-Star-Wars-by-2bricksofficial-MOC-FACTORY.jpg\" target=\"_blank\" rel=\"noopener\"><img fetchpriority=\"high\" decoding=\"async\" class=\"wp-image-204157 size-full\" title=\"MOC-59321 Incom T-65 X Wing Starfighter Red 5 Star Wars par 2bricksofficial MOC FACTORY\" src=\"https:\/\/pay.lpwstore.com\/wp-content\/uploads\/2021\/03\/MOC-59321-Incom-T-65-X-Wing-Starfighter-Red-5-Star-Wars-by-2bricksofficial-MOC-FACTORY.jpg\" alt=\"MOC-59321 Incom T-65 X Wing Starfighter Red 5 Star Wars by 2bricksofficial MOC FACTORY\" width=\"800\" height=\"800\" \/><\/a><figcaption id=\"caption-attachment-204157\" class=\"wp-caption-text\">MOC-59321 Incom T-65 X Wing Starfighter Red 5 Star Wars par 2bricksofficial MOC FACTORY<\/figcaption><\/figure>\n<p><img decoding=\"async\" class=\"alignnone size-full wp-image-204158 aligncenter\" src=\"https:\/\/pay.lpwstore.com\/wp-content\/uploads\/2021\/03\/MOC-59321-Incom-T-65-X-Wing-Starfighter-Red-5-Star-Wars-by-2bricksofficial-MOC-FACTORY-2.jpg\" alt=\"MOC-59321-Incom-T-65-X-Wing-Starfighter-Red-5-Star-Wars-by-2bricksofficial-MOC-FACTORY-2\" width=\"800\" height=\"800\" title=\"-\"><\/p>","protected":false},"excerpt":{"rendered":"<ul>\n<li>Inclure\u00a0<strong>2253+<\/strong>\u00a0pi\u00e8ces<\/li>\n<li>Instruction PDF en ligne<\/li>\n<li>Bloc ABS de haute qualit\u00e9<\/li>\n<li>Dimensions : 40 x 26 x 11 cm<\/li>\n<\/ul>","protected":false},"featured_media":23513,"comment_status":"open","ping_status":"closed","template":"","meta":{"_acf_changed":false},"product_cat":[415],"product_tag":[],"class_list":["product","first","instock","shipping-taxable","purchasable","product-type-simple"],"acf":[],"_links":{"self":[{"href":"https:\/\/mouldking.store\/fr\/wp-json\/wp\/v2\/product\/23515","targetHints":{"allow":["GET"]}}],"collection":[{"href":"https:\/\/mouldking.store\/fr\/wp-json\/wp\/v2\/product"}],"about":[{"href":"https:\/\/mouldking.store\/fr\/wp-json\/wp\/v2\/types\/product"}],"replies":[{"embeddable":true,"href":"https:\/\/mouldking.store\/fr\/wp-json\/wp\/v2\/comments?post=23515"}],"wp:featuredmedia":[{"embeddable":true,"href":"https:\/\/mouldking.store\/fr\/wp-json\/wp\/v2\/media\/23513"}],"wp:attachment":[{"href":"https:\/\/mouldking.store\/fr\/wp-json\/wp\/v2\/media?parent=23515"}],"wp:term":[{"taxonomy":"product_cat","embeddable":true,"href":"https:\/\/mouldking.store\/fr\/wp-json\/wp\/v2\/product_cat?post=23515"},{"taxonomy":"product_tag","embeddable":true,"href":"https:\/\/mouldking.store\/fr\/wp-json\/wp\/v2\/product_tag?post=23515"}],"curies":[{"name":"wp","href":"https:\/\/api.w.org\/{rel}","templated":true}]}}