{"id":23522,"date":"2021-10-10T04:57:35","date_gmt":"2021-10-10T04:57:35","guid":{"rendered":"https:\/\/mouldking.store\/shop\/moc-35008-dark-lord-emo-kid-lightsaber-star-wars-by-dmarkng-moc-factory\/"},"modified":"2025-12-25T09:20:39","modified_gmt":"2025-12-25T02:20:39","slug":"moc-35008-dark-lord-emo-kid-lightsaber-star-wars-by-dmarkng-moc-factory","status":"publish","type":"product","link":"https:\/\/mouldking.store\/fr\/shop\/moc-35008-dark-lord-emo-kid-lightsaber-star-wars-by-dmarkng-moc-factory\/","title":{"rendered":"MOC-35008 Dark Lord Emo Kid Sabre laser Star Wars par dmarkng MOC FACTORY"},"content":{"rendered":"<p>MOC-35008 Dark Lord Emo Kid Lightsaber Star Wars par dmarkng MOC FACTORY est un ensemble de la collection Star Wars, con\u00e7u par dmarkng. Ce MOC 35008 est livr\u00e9 avec des instructions PDF faciles \u00e0 construire et \u00e0 trouver les pi\u00e8ces manquantes. L&#039;ensemble contient 491 pi\u00e8ces, sorties pour la premi\u00e8re fois en 2021.<\/p>\n<p>Temps d&#039;arrangement\u00a0: 4 \u00e0 8\u00a0semaines<\/p>\n<figure id=\"attachment_30885\" aria-describedby=\"caption-attachment-30885\" style=\"width: 800px\" class=\"wp-caption aligncenter\"><img fetchpriority=\"high\" decoding=\"async\" class=\"wp-image-30885 size-full\" src=\"https:\/\/mocfactory.com\/wp-content\/uploads\/2021\/03\/MOC-35008-Dark-Lord-Emo-Kid-Lightsaber-Star-Wars-by-dmarkng-MOC-FACTORY.jpg\" alt=\"MOC-35008 Star Wars  Dark Lord Emo Kid Lightsaber  Designer dmarkng MOC FACTORY\" width=\"800\" height=\"800\" title=\"-\"><figcaption id=\"caption-attachment-30885\" class=\"wp-caption-text\">MOC-35008 Star Wars Dark Lord Emo Kid Sabre laser Designer dmarkng MOC FACTORY<\/figcaption><\/figure>\n<figure id=\"attachment_204167\" class=\"wp-caption aligncenter\" style=\"width: 800px\" aria-describedby=\"caption-attachment-204167\"><\/figure>","protected":false},"excerpt":{"rendered":"<ul>\n<li>Inclure\u00a0<strong>491+<\/strong>\u00a0pi\u00e8ces<\/li>\n<li>Instruction PDF en ligne<\/li>\n<li>Bloc ABS de haute qualit\u00e9<\/li>\n<li>Dimensions : 28 x 14 x 11 cm<\/li>\n<\/ul>","protected":false},"featured_media":23521,"comment_status":"open","ping_status":"closed","template":"","meta":{"_acf_changed":false},"product_cat":[415],"product_tag":[],"class_list":["product","first","instock","shipping-taxable","purchasable","product-type-simple"],"acf":[],"_links":{"self":[{"href":"https:\/\/mouldking.store\/fr\/wp-json\/wp\/v2\/product\/23522","targetHints":{"allow":["GET"]}}],"collection":[{"href":"https:\/\/mouldking.store\/fr\/wp-json\/wp\/v2\/product"}],"about":[{"href":"https:\/\/mouldking.store\/fr\/wp-json\/wp\/v2\/types\/product"}],"replies":[{"embeddable":true,"href":"https:\/\/mouldking.store\/fr\/wp-json\/wp\/v2\/comments?post=23522"}],"wp:featuredmedia":[{"embeddable":true,"href":"https:\/\/mouldking.store\/fr\/wp-json\/wp\/v2\/media\/23521"}],"wp:attachment":[{"href":"https:\/\/mouldking.store\/fr\/wp-json\/wp\/v2\/media?parent=23522"}],"wp:term":[{"taxonomy":"product_cat","embeddable":true,"href":"https:\/\/mouldking.store\/fr\/wp-json\/wp\/v2\/product_cat?post=23522"},{"taxonomy":"product_tag","embeddable":true,"href":"https:\/\/mouldking.store\/fr\/wp-json\/wp\/v2\/product_tag?post=23522"}],"curies":[{"name":"wp","href":"https:\/\/api.w.org\/{rel}","templated":true}]}}