{"id":23525,"date":"2021-10-10T04:57:39","date_gmt":"2021-10-09T21:57:39","guid":{"rendered":"https:\/\/mouldking.store\/shop\/moc-44445-d-day-wwii-landing-craft-higgins-boat-military-by-zeradman-moc-factory\/"},"modified":"2025-12-25T09:20:39","modified_gmt":"2025-12-25T02:20:39","slug":"moc-44445-d-day-wwii-landing-craft-higgins-boat-military-by-zeradman-moc-factory","status":"publish","type":"product","link":"https:\/\/mouldking.store\/fr\/shop\/moc-44445-d-day-wwii-landing-craft-higgins-boat-military-by-zeradman-moc-factory\/","title":{"rendered":"MOC-44445 D-Day WWII Landing Craft Higgins Boat Military par ZeRadman MOC FACTORY"},"content":{"rendered":"<p style=\"text-align: left\">MOC-44445 D-Day WWII Landing Craft Higgins Boat Military par ZeRadman MOC FACTORY est un ensemble de la collection Military, con\u00e7u par ZeRadman. Ce MOC 44445 est livr\u00e9 avec des instructions PDF faciles \u00e0 construire et \u00e0 trouver les pi\u00e8ces manquantes. L&#039;ensemble contient 407 pi\u00e8ces, sorties pour la premi\u00e8re fois en 2021.<\/p>\n<figure id=\"attachment_204170\" aria-describedby=\"caption-attachment-204170\" style=\"width: 800px\" class=\"wp-caption aligncenter\"><a href=\"https:\/\/pay.lpwstore.com\/wp-content\/uploads\/2021\/03\/MOC-44445-D-Day-WWII-Landing-Craft-Higgins-Boat-Military-by-ZeRadman-MOC-FACTORY.jpg\" target=\"_blank\" rel=\"noopener\"><img fetchpriority=\"high\" decoding=\"async\" class=\"wp-image-204170 size-full\" title=\"MOC-44445 D-Day WWII Landing Craft Higgins Boat Military par ZeRadman MOC FACTORY\" src=\"https:\/\/pay.lpwstore.com\/wp-content\/uploads\/2021\/03\/MOC-44445-D-Day-WWII-Landing-Craft-Higgins-Boat-Military-by-ZeRadman-MOC-FACTORY.jpg\" alt=\"MOC-44445 D-Day WWII Landing Craft Higgins Boat Military by ZeRadman MOC FACTORY\" width=\"800\" height=\"800\" \/><\/a><figcaption id=\"caption-attachment-204170\" class=\"wp-caption-text\">MOC-44445 D-Day WWII Landing Craft Higgins Boat Military par ZeRadman MOC FACTORY<\/figcaption><\/figure>\n<p><img decoding=\"async\" class=\"alignnone size-full wp-image-204171 aligncenter\" src=\"https:\/\/pay.lpwstore.com\/wp-content\/uploads\/2021\/03\/MOC-44445-D-Day-WWII-Landing-Craft-Higgins-Boat-Military-by-ZeRadman-MOC-FACTORY-2.jpg\" alt=\"-\" width=\"800\" height=\"800\" title=\"-\"><\/p>","protected":false},"excerpt":{"rendered":"<ul>\n<li>Inclure\u00a0<strong>407+<\/strong>\u00a0pi\u00e8ces<\/li>\n<li>Instruction PDF en ligne<\/li>\n<li>Bloc ABS de haute qualit\u00e9<\/li>\n<li>Dimensions : 27 x 11 x 9 cm<\/li>\n<\/ul>","protected":false},"featured_media":23523,"comment_status":"open","ping_status":"closed","template":"","meta":{"_acf_changed":false},"product_cat":[372],"product_tag":[],"class_list":["product","first","instock","shipping-taxable","purchasable","product-type-simple"],"acf":[],"_links":{"self":[{"href":"https:\/\/mouldking.store\/fr\/wp-json\/wp\/v2\/product\/23525","targetHints":{"allow":["GET"]}}],"collection":[{"href":"https:\/\/mouldking.store\/fr\/wp-json\/wp\/v2\/product"}],"about":[{"href":"https:\/\/mouldking.store\/fr\/wp-json\/wp\/v2\/types\/product"}],"replies":[{"embeddable":true,"href":"https:\/\/mouldking.store\/fr\/wp-json\/wp\/v2\/comments?post=23525"}],"wp:featuredmedia":[{"embeddable":true,"href":"https:\/\/mouldking.store\/fr\/wp-json\/wp\/v2\/media\/23523"}],"wp:attachment":[{"href":"https:\/\/mouldking.store\/fr\/wp-json\/wp\/v2\/media?parent=23525"}],"wp:term":[{"taxonomy":"product_cat","embeddable":true,"href":"https:\/\/mouldking.store\/fr\/wp-json\/wp\/v2\/product_cat?post=23525"},{"taxonomy":"product_tag","embeddable":true,"href":"https:\/\/mouldking.store\/fr\/wp-json\/wp\/v2\/product_tag?post=23525"}],"curies":[{"name":"wp","href":"https:\/\/api.w.org\/{rel}","templated":true}]}}