{"id":23540,"date":"2021-10-10T04:57:52","date_gmt":"2021-10-09T21:57:52","guid":{"rendered":"https:\/\/mouldking.store\/shop\/moc-35149-10265-morgan-3-wheeler-technic-by-kirvet-moc-factory\/"},"modified":"2025-12-25T09:20:38","modified_gmt":"2025-12-25T02:20:38","slug":"moc-35149-10265-morgan-3-wheeler-technic-by-kirvet-moc-factory","status":"publish","type":"product","link":"https:\/\/mouldking.store\/fr\/shop\/moc-35149-10265-morgan-3-wheeler-technic-by-kirvet-moc-factory\/","title":{"rendered":"MOC-35149 10265 Morgan 3-Roues Technic par Kirvet MOC FACTORY"},"content":{"rendered":"<p style=\"text-align: center\">MOC-35149 10265 Morgan 3-Roues Technic de Kirvet MOC FACTORY est un ensemble de la collection Technic, con\u00e7u par Kirvet. Ce MOC 35149 est livr\u00e9 avec des instructions PDF faciles \u00e0 construire et \u00e0 trouver les pi\u00e8ces manquantes. L&#039;ensemble contient 584 pi\u00e8ces, sorties pour la premi\u00e8re fois en 2021.<\/p>\n<figure id=\"attachment_204212\" aria-describedby=\"caption-attachment-204212\" style=\"width: 800px\" class=\"wp-caption aligncenter\"><a href=\"https:\/\/pay.lpwstore.com\/wp-content\/uploads\/2021\/03\/MOC-35149-10265-Morgan-3-Wheeler-Technic-by-Kirvet-MOC-FACTORY.jpg\" target=\"_blank\" rel=\"noopener\"><img fetchpriority=\"high\" decoding=\"async\" class=\"wp-image-204212 size-full\" title=\"MOC-35149 10265 Morgan 3-Roues Technic par Kirvet MOC FACTORY\" src=\"https:\/\/pay.lpwstore.com\/wp-content\/uploads\/2021\/03\/MOC-35149-10265-Morgan-3-Wheeler-Technic-by-Kirvet-MOC-FACTORY.jpg\" alt=\"MOC-35149 10265 Morgan 3-Wheeler Technic by Kirvet MOC FACTORY\" width=\"800\" height=\"800\" \/><\/a><figcaption id=\"caption-attachment-204212\" class=\"wp-caption-text\">MOC-35149 10265 Morgan 3-Roues Technic par Kirvet MOC FACTORY<\/figcaption><\/figure>\n<p><img decoding=\"async\" class=\"alignnone size-full wp-image-204213 aligncenter\" src=\"https:\/\/pay.lpwstore.com\/wp-content\/uploads\/2021\/03\/MOC-35149-10265-Morgan-3-Wheeler-Technic-by-Kirvet-MOC-FACTORY-2.jpg\" alt=\"-\" width=\"800\" height=\"800\" title=\"-\"><\/p>","protected":false},"excerpt":{"rendered":"<ul>\n<li>Inclure\u00a0<strong>584+<\/strong>\u00a0pi\u00e8ces<\/li>\n<li>Instruction PDF en ligne<\/li>\n<li>Bloc ABS de haute qualit\u00e9<\/li>\n<li>Dimensions : 18 x 10 x 8 cm<\/li>\n<\/ul>","protected":false},"featured_media":23538,"comment_status":"open","ping_status":"closed","template":"","meta":{"_acf_changed":false},"product_cat":[364],"product_tag":[],"class_list":["product","first","instock","shipping-taxable","purchasable","product-type-simple"],"acf":[],"_links":{"self":[{"href":"https:\/\/mouldking.store\/fr\/wp-json\/wp\/v2\/product\/23540","targetHints":{"allow":["GET"]}}],"collection":[{"href":"https:\/\/mouldking.store\/fr\/wp-json\/wp\/v2\/product"}],"about":[{"href":"https:\/\/mouldking.store\/fr\/wp-json\/wp\/v2\/types\/product"}],"replies":[{"embeddable":true,"href":"https:\/\/mouldking.store\/fr\/wp-json\/wp\/v2\/comments?post=23540"}],"wp:featuredmedia":[{"embeddable":true,"href":"https:\/\/mouldking.store\/fr\/wp-json\/wp\/v2\/media\/23538"}],"wp:attachment":[{"href":"https:\/\/mouldking.store\/fr\/wp-json\/wp\/v2\/media?parent=23540"}],"wp:term":[{"taxonomy":"product_cat","embeddable":true,"href":"https:\/\/mouldking.store\/fr\/wp-json\/wp\/v2\/product_cat?post=23540"},{"taxonomy":"product_tag","embeddable":true,"href":"https:\/\/mouldking.store\/fr\/wp-json\/wp\/v2\/product_tag?post=23540"}],"curies":[{"name":"wp","href":"https:\/\/api.w.org\/{rel}","templated":true}]}}