{"id":23705,"date":"2021-10-10T05:01:17","date_gmt":"2021-10-10T05:01:17","guid":{"rendered":"https:\/\/mouldking.store\/shop\/moc-19517-4wd-rc-buggy-technic-by-didumos-moc-factory\/"},"modified":"2025-12-25T09:20:30","modified_gmt":"2025-12-25T02:20:30","slug":"moc-19517-4wd-rc-buggy-technic-by-didumos-moc-factory","status":"publish","type":"product","link":"https:\/\/mouldking.store\/fr\/shop\/moc-19517-4wd-rc-buggy-technic-by-didumos-moc-factory\/","title":{"rendered":"MOC-19517 4WD RC Buggy Technic par Didumos MOC FACTORY"},"content":{"rendered":"<p style=\"text-align: left\">MOC-19517 4WD RC Buggy Technic by Didumos MOC FACTORY is a set in Technic collection, designed by Didumos. This MOC 19517 comes with PDF instruction which is easy to build and find the missing pieces. The set contains 1912 pieces, first released in 2021.<\/p>\n<p style=\"text-align: left\"><strong>NOTE:<\/strong><\/p>\n<ul style=\"text-align: center\">\n<li style=\"text-align: left\"><strong>La couleur des pi\u00e8ces individuelles ne correspond pas \u00e0 celle des pi\u00e8ces de dessin, ce qui n&#039;affecte pas l&#039;apparence.<\/strong><\/li>\n<li style=\"text-align: left\"><strong>Veuillez acheter avec soin pour ceux qui ne sont pas pr\u00e9occup\u00e9s par la pr\u00e9cision, la diff\u00e9rence de couleur des pi\u00e8ces domestiques.<\/strong><\/li>\n<li style=\"text-align: left\">Temps d&#039;arrangement\u00a0: 4 \u00e0 8\u00a0semaines<\/li>\n<\/ul>\n<figure id=\"attachment_31003\" aria-describedby=\"caption-attachment-31003\" style=\"width: 800px\" class=\"wp-caption aligncenter\"><img fetchpriority=\"high\" decoding=\"async\" class=\"wp-image-31003 size-full\" src=\"https:\/\/mocfactory.com\/wp-content\/uploads\/2021\/03\/MOC-19517-4WD-RC-Buggy-Technic-by-Didumos-MOC-FACTORY.jpg\" alt=\"MOC-19517  Technic 4WD RC Buggy Designer  Didumos MOC FACTORY\" width=\"800\" height=\"800\" title=\"-\"><figcaption id=\"caption-attachment-31003\" class=\"wp-caption-text\">MOC-19517 Technic 4WD RC Buggy Designer Didumos MOC FACTORY<\/figcaption><\/figure>\n<figure id=\"attachment_31002\" aria-describedby=\"caption-attachment-31002\" style=\"width: 800px\" class=\"wp-caption aligncenter\"><img decoding=\"async\" class=\"wp-image-31002 size-full\" src=\"https:\/\/mocfactory.com\/wp-content\/uploads\/2021\/03\/MOC-19517-4WD-RC-Buggy-Technic-by-Didumos-MOC-FACTORY-2.jpg\" alt=\"MOC-19517  Technic 4WD RC Buggy Designer  Didumos MOC FACTORY\" width=\"800\" height=\"800\" title=\"-\"><figcaption id=\"caption-attachment-31002\" class=\"wp-caption-text\">MOC-19517 Technic 4WD RC Buggy Designer Didumos MOC FACTORY<\/figcaption><\/figure>\n<figure id=\"attachment_31001\" aria-describedby=\"caption-attachment-31001\" style=\"width: 800px\" class=\"wp-caption aligncenter\"><img decoding=\"async\" class=\"wp-image-31001 size-full\" src=\"https:\/\/mocfactory.com\/wp-content\/uploads\/2021\/03\/MOC-19517-4WD-RC-Buggy-Technic-by-Didumos-MOC-FACTORY-3.jpg\" alt=\"MOC-19517  Technic 4WD RC Buggy Designer  Didumos MOC FACTORY\" width=\"800\" height=\"800\" title=\"-\"><figcaption id=\"caption-attachment-31001\" class=\"wp-caption-text\">MOC-19517 Technic 4WD RC Buggy Designer Didumos MOC FACTORY<\/figcaption><\/figure>\n<figure id=\"attachment_31000\" aria-describedby=\"caption-attachment-31000\" style=\"width: 800px\" class=\"wp-caption aligncenter\"><img loading=\"lazy\" decoding=\"async\" class=\"wp-image-31000 size-full\" src=\"https:\/\/mocfactory.com\/wp-content\/uploads\/2021\/03\/MOC-19517-4WD-RC-Buggy-Technic-by-Didumos-MOC-FACTORY-4.jpg\" alt=\"MOC-19517  Technic 4WD RC Buggy Designer  Didumos MOC FACTORY\" width=\"800\" height=\"800\" title=\"-\"><figcaption id=\"caption-attachment-31000\" class=\"wp-caption-text\">MOC-19517 Technic 4WD RC Buggy Designer Didumos MOC FACTORY<\/figcaption><\/figure>\n<figure id=\"attachment_30999\" aria-describedby=\"caption-attachment-30999\" style=\"width: 800px\" class=\"wp-caption aligncenter\"><img loading=\"lazy\" decoding=\"async\" class=\"wp-image-30999 size-full\" src=\"https:\/\/mocfactory.com\/wp-content\/uploads\/2021\/03\/MOC-19517-4WD-RC-Buggy-Technic-by-Didumos-MOC-FACTORY-5.jpg\" alt=\"MOC-19517  Technic 4WD RC Buggy Designer  Didumos MOC FACTORY\" width=\"800\" height=\"800\" title=\"-\"><figcaption id=\"caption-attachment-30999\" class=\"wp-caption-text\">MOC-19517 Technic 4WD RC Buggy Designer Didumos MOC FACTORY<\/figcaption><\/figure>\n<p>&nbsp;<\/p>","protected":false},"excerpt":{"rendered":"<ul>\n<li>Inclure\u00a0<strong>1912+<\/strong>\u00a0pi\u00e8ces<\/li>\n<li>Instruction PDF en ligne<\/li>\n<li>Bloc ABS de haute qualit\u00e9<\/li>\n<li>Avec moteur<\/li>\n<\/ul>","protected":false},"featured_media":23700,"comment_status":"open","ping_status":"closed","template":"","meta":{"_acf_changed":false},"product_cat":[364],"product_tag":[],"class_list":["product","first","outofstock","shipping-taxable","purchasable","product-type-simple"],"acf":[],"_links":{"self":[{"href":"https:\/\/mouldking.store\/fr\/wp-json\/wp\/v2\/product\/23705","targetHints":{"allow":["GET"]}}],"collection":[{"href":"https:\/\/mouldking.store\/fr\/wp-json\/wp\/v2\/product"}],"about":[{"href":"https:\/\/mouldking.store\/fr\/wp-json\/wp\/v2\/types\/product"}],"replies":[{"embeddable":true,"href":"https:\/\/mouldking.store\/fr\/wp-json\/wp\/v2\/comments?post=23705"}],"wp:featuredmedia":[{"embeddable":true,"href":"https:\/\/mouldking.store\/fr\/wp-json\/wp\/v2\/media\/23700"}],"wp:attachment":[{"href":"https:\/\/mouldking.store\/fr\/wp-json\/wp\/v2\/media?parent=23705"}],"wp:term":[{"taxonomy":"product_cat","embeddable":true,"href":"https:\/\/mouldking.store\/fr\/wp-json\/wp\/v2\/product_cat?post=23705"},{"taxonomy":"product_tag","embeddable":true,"href":"https:\/\/mouldking.store\/fr\/wp-json\/wp\/v2\/product_tag?post=23705"}],"curies":[{"name":"wp","href":"https:\/\/api.w.org\/{rel}","templated":true}]}}