{"id":23793,"date":"2021-10-10T05:03:06","date_gmt":"2021-10-10T05:03:06","guid":{"rendered":"https:\/\/mouldking.store\/shop\/moc-65706-renault-super-5-gt-turbo-phase-1-technic-by-tophy_legrand-moc-factory\/"},"modified":"2025-12-25T09:20:20","modified_gmt":"2025-12-25T02:20:20","slug":"moc-65706-renault-super-5-gt-turbo-phase-1-technic-by-tophy_legrand-moc-factory","status":"publish","type":"product","link":"https:\/\/mouldking.store\/fr\/shop\/moc-65706-renault-super-5-gt-turbo-phase-1-technic-by-tophy_legrand-moc-factory\/","title":{"rendered":"MOC-65706 Renault Super 5 GT turbo phase 1 Technic by tophy_legrand MOC FACTORY"},"content":{"rendered":"<p>MOC-65706 Renault Super 5 GT turbo phase 1 Technic par tophy_legrand MOC FACTORY est un ensemble de la collection Technic, con\u00e7u par tophy_legrand . Ce MOC 65706 est livr\u00e9 avec des instructions PDF faciles \u00e0 construire et \u00e0 trouver les pi\u00e8ces manquantes. L&#039;ensemble contient 1571 pi\u00e8ces, sorties pour la premi\u00e8re fois en 2021.<\/p>\n<figure id=\"attachment_204824\" aria-describedby=\"caption-attachment-204824\" style=\"width: 800px\" class=\"wp-caption aligncenter\"><a href=\"https:\/\/pay.lpwstore.com\/wp-content\/uploads\/2021\/04\/MOC-65706-Renault-Super-5-GT-turbo-phase-1-Technic-by-tophy_legrand-MOC-FACTORY.jpg\" target=\"_blank\" rel=\"noopener\"><img fetchpriority=\"high\" decoding=\"async\" class=\"wp-image-204824 size-full\" title=\"MOC-65706 Renault Super 5 GT turbo phase 1 Technic by tophy_legrand MOC FACTORY\" src=\"https:\/\/pay.lpwstore.com\/wp-content\/uploads\/2021\/04\/MOC-65706-Renault-Super-5-GT-turbo-phase-1-Technic-by-tophy_legrand-MOC-FACTORY.jpg\" alt=\"MOC-65706 Renault Super 5 GT turbo phase 1 Technic by tophy_legrand MOC FACTORY\" width=\"800\" height=\"800\" \/><\/a><figcaption id=\"caption-attachment-204824\" class=\"wp-caption-text\">MOC-65706 Renault Super 5 GT turbo phase 1 Technic by tophy_legrand MOC FACTORY<\/figcaption><\/figure>","protected":false},"excerpt":{"rendered":"<ul>\n<li>Inclure\u00a0<strong>1571+<\/strong>\u00a0pi\u00e8ces<\/li>\n<li>Instruction PDF en ligne<\/li>\n<li>Bloc ABS de haute qualit\u00e9<\/li>\n<li>Pas de moteur<\/li>\n<\/ul>","protected":false},"featured_media":23792,"comment_status":"open","ping_status":"closed","template":"","meta":{"_acf_changed":false},"product_cat":[364],"product_tag":[],"class_list":["product","first","outofstock","shipping-taxable","purchasable","product-type-simple"],"acf":[],"_links":{"self":[{"href":"https:\/\/mouldking.store\/fr\/wp-json\/wp\/v2\/product\/23793","targetHints":{"allow":["GET"]}}],"collection":[{"href":"https:\/\/mouldking.store\/fr\/wp-json\/wp\/v2\/product"}],"about":[{"href":"https:\/\/mouldking.store\/fr\/wp-json\/wp\/v2\/types\/product"}],"replies":[{"embeddable":true,"href":"https:\/\/mouldking.store\/fr\/wp-json\/wp\/v2\/comments?post=23793"}],"wp:featuredmedia":[{"embeddable":true,"href":"https:\/\/mouldking.store\/fr\/wp-json\/wp\/v2\/media\/23792"}],"wp:attachment":[{"href":"https:\/\/mouldking.store\/fr\/wp-json\/wp\/v2\/media?parent=23793"}],"wp:term":[{"taxonomy":"product_cat","embeddable":true,"href":"https:\/\/mouldking.store\/fr\/wp-json\/wp\/v2\/product_cat?post=23793"},{"taxonomy":"product_tag","embeddable":true,"href":"https:\/\/mouldking.store\/fr\/wp-json\/wp\/v2\/product_tag?post=23793"}],"curies":[{"name":"wp","href":"https:\/\/api.w.org\/{rel}","templated":true}]}}