{"id":23856,"date":"2021-10-10T05:04:26","date_gmt":"2021-10-10T05:04:26","guid":{"rendered":"https:\/\/mouldking.store\/shop\/moc-34732-oshkosh-m1070-civil-version-tractor-with-heavy-duty-trailer-technic-by-legolaus-moc-factory\/"},"modified":"2025-12-25T09:20:19","modified_gmt":"2025-12-25T02:20:19","slug":"moc-34732-oshkosh-m1070-civil-version-tractor-with-heavy-duty-trailer-technic-by-legolaus-moc-factory","status":"publish","type":"product","link":"https:\/\/mouldking.store\/fr\/shop\/moc-34732-oshkosh-m1070-civil-version-tractor-with-heavy-duty-trailer-technic-by-legolaus-moc-factory\/","title":{"rendered":"MOC-34732 Oshkosh M1070 Civil-Version Tractor avec Heavy Duty Trailer Technic par legolaus MOC FACTORY"},"content":{"rendered":"<p style=\"text-align: left\">MOC-34732 Oshkosh M1070 Civil-Version Tractor with Heavy Duty Trailer Technic par legolaus MOC FACTORY est un ensemble de la collection Technic, con\u00e7u par legolaus. Ce MOC 34732 est livr\u00e9 avec des instructions PDF faciles \u00e0 construire et \u00e0 trouver les pi\u00e8ces manquantes. L&#039;ensemble contient 2730 pi\u00e8ces, sorties pour la premi\u00e8re fois en 2021.<\/p>\n<p style=\"text-align: left\"><strong>NOTE:<\/strong><\/p>\n<ul style=\"text-align: center\">\n<li style=\"text-align: left\"><strong>La couleur des pi\u00e8ces individuelles ne correspond pas \u00e0 celle des pi\u00e8ces de dessin, ce qui n&#039;affecte pas l&#039;apparence.<\/strong><\/li>\n<li style=\"text-align: left\"><strong>Veuillez acheter avec soin pour ceux qui ne sont pas pr\u00e9occup\u00e9s par la pr\u00e9cision, la diff\u00e9rence de couleur des pi\u00e8ces domestiques.<\/strong><\/li>\n<\/ul>\n<figure id=\"attachment_204953\" aria-describedby=\"caption-attachment-204953\" style=\"width: 800px\" class=\"wp-caption aligncenter\"><a href=\"https:\/\/pay.lpwstore.com\/wp-content\/uploads\/2021\/04\/MOC-34732-Oshkosh-M1070-Civil-Version-Tractor-with-Heavy-Duty-Trailer-Technic-by-legolaus-MOC-FACTORY.jpg\" target=\"_blank\" rel=\"noopener\"><img fetchpriority=\"high\" decoding=\"async\" class=\"wp-image-204953 size-full\" title=\"MOC-34732 Oshkosh M1070 Civil-Version Tractor avec Heavy Duty Trailer Technic par legolaus MOC FACTORY\" src=\"https:\/\/pay.lpwstore.com\/wp-content\/uploads\/2021\/04\/MOC-34732-Oshkosh-M1070-Civil-Version-Tractor-with-Heavy-Duty-Trailer-Technic-by-legolaus-MOC-FACTORY.jpg\" alt=\"MOC-34732 Oshkosh M1070 Civil-Version Tractor with Heavy Duty Trailer Technic by legolaus MOC FACTORY\" width=\"800\" height=\"800\" \/><\/a><figcaption id=\"caption-attachment-204953\" class=\"wp-caption-text\">MOC-34732 Oshkosh M1070 Civil-Version Tractor avec Heavy Duty Trailer Technic par legolaus MOC FACTORY<\/figcaption><\/figure>\n<p><img decoding=\"async\" class=\"alignnone size-full wp-image-204954 aligncenter\" src=\"https:\/\/pay.lpwstore.com\/wp-content\/uploads\/2021\/04\/MOC-34732-Oshkosh-M1070-Civil-Version-Tractor-with-Heavy-Duty-Trailer-Technic-by-legolaus-MOC-FACTORY-2.jpg\" alt=\"-\" width=\"800\" height=\"800\" title=\"-\"> <img decoding=\"async\" class=\"alignnone size-full wp-image-204955 aligncenter\" src=\"https:\/\/pay.lpwstore.com\/wp-content\/uploads\/2021\/04\/MOC-34732-Oshkosh-M1070-Civil-Version-Tractor-with-Heavy-Duty-Trailer-Technic-by-legolaus-MOC-FACTORY-3.jpg\" alt=\"-\" width=\"800\" height=\"800\" title=\"-\"> <img loading=\"lazy\" decoding=\"async\" class=\"alignnone size-full wp-image-204956 aligncenter\" src=\"https:\/\/pay.lpwstore.com\/wp-content\/uploads\/2021\/04\/MOC-34732-Oshkosh-M1070-Civil-Version-Tractor-with-Heavy-Duty-Trailer-Technic-by-legolaus-MOC-FACTORY-4.jpg\" alt=\"-\" width=\"800\" height=\"800\" title=\"-\"> <img loading=\"lazy\" decoding=\"async\" class=\"alignnone size-full wp-image-204957 aligncenter\" src=\"https:\/\/pay.lpwstore.com\/wp-content\/uploads\/2021\/04\/MOC-34732-Oshkosh-M1070-Civil-Version-Tractor-with-Heavy-Duty-Trailer-Technic-by-legolaus-MOC-FACTORY-5.jpg\" alt=\"-\" width=\"800\" height=\"800\" title=\"-\"><\/p>","protected":false},"excerpt":{"rendered":"<ul>\n<li>Inclure\u00a0<strong>2730+<\/strong>\u00a0pi\u00e8ces<\/li>\n<li>Instruction PDF en ligne<\/li>\n<li>Bloc ABS de haute qualit\u00e9<\/li>\n<li>Pas de moteur<\/li>\n<\/ul>","protected":false},"featured_media":23851,"comment_status":"open","ping_status":"closed","template":"","meta":{"_acf_changed":false},"product_cat":[364],"product_tag":[],"class_list":["product","first","outofstock","shipping-taxable","purchasable","product-type-simple"],"acf":[],"_links":{"self":[{"href":"https:\/\/mouldking.store\/fr\/wp-json\/wp\/v2\/product\/23856","targetHints":{"allow":["GET"]}}],"collection":[{"href":"https:\/\/mouldking.store\/fr\/wp-json\/wp\/v2\/product"}],"about":[{"href":"https:\/\/mouldking.store\/fr\/wp-json\/wp\/v2\/types\/product"}],"replies":[{"embeddable":true,"href":"https:\/\/mouldking.store\/fr\/wp-json\/wp\/v2\/comments?post=23856"}],"wp:featuredmedia":[{"embeddable":true,"href":"https:\/\/mouldking.store\/fr\/wp-json\/wp\/v2\/media\/23851"}],"wp:attachment":[{"href":"https:\/\/mouldking.store\/fr\/wp-json\/wp\/v2\/media?parent=23856"}],"wp:term":[{"taxonomy":"product_cat","embeddable":true,"href":"https:\/\/mouldking.store\/fr\/wp-json\/wp\/v2\/product_cat?post=23856"},{"taxonomy":"product_tag","embeddable":true,"href":"https:\/\/mouldking.store\/fr\/wp-json\/wp\/v2\/product_tag?post=23856"}],"curies":[{"name":"wp","href":"https:\/\/api.w.org\/{rel}","templated":true}]}}