{"id":23862,"date":"2021-10-10T05:04:37","date_gmt":"2021-10-10T05:04:37","guid":{"rendered":"https:\/\/mouldking.store\/shop\/moc-56226-tie-ln-starfighter-ucs-slim-cockpit-star-wars-by-thomin-moc-factory\/"},"modified":"2025-12-25T09:20:19","modified_gmt":"2025-12-25T02:20:19","slug":"moc-56226-tie-ln-starfighter-ucs-slim-cockpit-star-wars-by-thomin-moc-factory","status":"publish","type":"product","link":"https:\/\/mouldking.store\/fr\/shop\/moc-56226-tie-ln-starfighter-ucs-slim-cockpit-star-wars-by-thomin-moc-factory\/","title":{"rendered":"MOC-56226 TIE \/ LN Starfighter UCS (cockpit mince) Star Wars par thomin MOC FACTORY"},"content":{"rendered":"<p style=\"text-align: left;\">MOC-56226 TIE \/ LN Starfighter UCS (cockpit fin) Star Wars par Thomin. MOC FACTORY est un ensemble de la collection Star Wars, con\u00e7u par Thomin. Ce MOC 56226 est accompagn\u00e9 d&#039;instructions PDF faciles \u00e0 assembler et \u00e0 retrouver. Ce set contient 1266 pi\u00e8ces, sorti en 2021.<\/p>\n<p style=\"text-align: left;\"><strong>NOTE:<\/strong><\/p>\n<ul style=\"text-align: center;\">\n<li style=\"text-align: left;\"><strong>La couleur des pi\u00e8ces individuelles ne correspond pas \u00e0 celle des pi\u00e8ces de dessin, ce qui n&#039;affecte pas l&#039;apparence.<\/strong><\/li>\n<li style=\"text-align: left;\"><strong>Veuillez acheter avec soin pour ceux qui ne sont pas pr\u00e9occup\u00e9s par la pr\u00e9cision, la diff\u00e9rence de couleur des pi\u00e8ces domestiques.<\/strong><\/li>\n<\/ul>\n<figure id=\"attachment_204959\" class=\"wp-caption aligncenter\" style=\"width: 800px;\" aria-describedby=\"caption-attachment-204959\"><figcaption id=\"caption-attachment-204959\" class=\"wp-caption-text\">MOC-56226 TIE \/ LN Starfighter UCS (cockpit mince) Star Wars par thomin MOC FACTORY<\/figcaption><\/figure>\n<p>&nbsp;<\/p>\n<p>&nbsp;<\/p>\n<p>&nbsp;<\/p>","protected":false},"excerpt":{"rendered":"<ul>\n<li>Inclure\u00a0<strong>1266+<\/strong>\u00a0pi\u00e8ces<\/li>\n<li>Instruction PDF en ligne<\/li>\n<li>Bloc ABS de haute qualit\u00e9<\/li>\n<li>D\u00e9lai d&#039;organisation : 4 \u00e0 7 semaines<\/li>\n<\/ul>","protected":false},"featured_media":23857,"comment_status":"open","ping_status":"closed","template":"","meta":{"_acf_changed":false},"product_cat":[415],"product_tag":[],"class_list":["product","first","instock","shipping-taxable","purchasable","product-type-simple"],"acf":[],"_links":{"self":[{"href":"https:\/\/mouldking.store\/fr\/wp-json\/wp\/v2\/product\/23862","targetHints":{"allow":["GET"]}}],"collection":[{"href":"https:\/\/mouldking.store\/fr\/wp-json\/wp\/v2\/product"}],"about":[{"href":"https:\/\/mouldking.store\/fr\/wp-json\/wp\/v2\/types\/product"}],"replies":[{"embeddable":true,"href":"https:\/\/mouldking.store\/fr\/wp-json\/wp\/v2\/comments?post=23862"}],"wp:featuredmedia":[{"embeddable":true,"href":"https:\/\/mouldking.store\/fr\/wp-json\/wp\/v2\/media\/23857"}],"wp:attachment":[{"href":"https:\/\/mouldking.store\/fr\/wp-json\/wp\/v2\/media?parent=23862"}],"wp:term":[{"taxonomy":"product_cat","embeddable":true,"href":"https:\/\/mouldking.store\/fr\/wp-json\/wp\/v2\/product_cat?post=23862"},{"taxonomy":"product_tag","embeddable":true,"href":"https:\/\/mouldking.store\/fr\/wp-json\/wp\/v2\/product_tag?post=23862"}],"curies":[{"name":"wp","href":"https:\/\/api.w.org\/{rel}","templated":true}]}}