{"id":23889,"date":"2021-10-10T05:05:31","date_gmt":"2021-10-10T05:05:31","guid":{"rendered":"https:\/\/mouldking.store\/shop\/moc-71679-gr-75-rebel-transport-star-wars-by-bruxxy-moc-factory\/"},"modified":"2025-12-25T09:20:19","modified_gmt":"2025-12-25T02:20:19","slug":"moc-71679-gr-75-rebel-transport-star-wars-by-bruxxy-moc-factory","status":"publish","type":"product","link":"https:\/\/mouldking.store\/fr\/shop\/moc-71679-gr-75-rebel-transport-star-wars-by-bruxxy-moc-factory\/","title":{"rendered":"MOC-71679 GR-75 Rebel Transport Star Wars par Bruxxy MOC FACTORY"},"content":{"rendered":"<p style=\"text-align: left\">MOC-71679 GR-75 Rebel Transport Star Wars par Bruxxy MOC FACTORY est un ensemble de la collection Star Wars, con\u00e7u par Bruxxy. Ce MOC 71679 est livr\u00e9 avec des instructions PDF faciles \u00e0 construire et \u00e0 trouver les pi\u00e8ces manquantes. L&#039;ensemble contient 2357 pi\u00e8ces, sorties pour la premi\u00e8re fois en 2021.<\/p>\n<figure id=\"attachment_205065\" aria-describedby=\"caption-attachment-205065\" style=\"width: 800px\" class=\"wp-caption aligncenter\"><a href=\"https:\/\/pay.lpwstore.com\/wp-content\/uploads\/2021\/04\/MOC-71679-GR-75-Rebel-Transport-Star-Wars-by-Bruxxy-MOC-FACTORY.jpg\" target=\"_blank\" rel=\"noopener\"><img fetchpriority=\"high\" decoding=\"async\" class=\"wp-image-205065 size-full\" title=\"MOC-71679 GR-75 Rebel Transport Star Wars par Bruxxy MOC FACTORY\" src=\"https:\/\/pay.lpwstore.com\/wp-content\/uploads\/2021\/04\/MOC-71679-GR-75-Rebel-Transport-Star-Wars-by-Bruxxy-MOC-FACTORY.jpg\" alt=\"MOC-71679 GR-75 Rebel Transport Star Wars by Bruxxy MOC FACTORY\" width=\"800\" height=\"800\" \/><\/a><figcaption id=\"caption-attachment-205065\" class=\"wp-caption-text\">MOC-71679 GR-75 Rebel Transport Star Wars par Bruxxy MOC FACTORY<\/figcaption><\/figure>\n<p><img decoding=\"async\" class=\"alignnone size-full wp-image-205066 aligncenter\" src=\"https:\/\/pay.lpwstore.com\/wp-content\/uploads\/2021\/04\/MOC-71679-GR-75-Rebel-Transport-Star-Wars-by-Bruxxy-MOC-FACTORY-2.jpg\" alt=\"MOC-71679-GR-75-Rebel-Transport-Star-Wars-by-Bruxxy-MOC-FACTORY-2\" width=\"800\" height=\"800\" title=\"-\"><\/p>","protected":false},"excerpt":{"rendered":"<ul>\n<li>Inclure <strong>2357+<\/strong> pi\u00e8ces<\/li>\n<li>Instruction PDF en ligne<\/li>\n<li>Bloc ABS de haute qualit\u00e9<\/li>\n<\/ul>","protected":false},"featured_media":23887,"comment_status":"open","ping_status":"closed","template":"","meta":{"_acf_changed":false},"product_cat":[415],"product_tag":[],"class_list":["product","first","outofstock","shipping-taxable","purchasable","product-type-simple"],"acf":[],"_links":{"self":[{"href":"https:\/\/mouldking.store\/fr\/wp-json\/wp\/v2\/product\/23889","targetHints":{"allow":["GET"]}}],"collection":[{"href":"https:\/\/mouldking.store\/fr\/wp-json\/wp\/v2\/product"}],"about":[{"href":"https:\/\/mouldking.store\/fr\/wp-json\/wp\/v2\/types\/product"}],"replies":[{"embeddable":true,"href":"https:\/\/mouldking.store\/fr\/wp-json\/wp\/v2\/comments?post=23889"}],"wp:featuredmedia":[{"embeddable":true,"href":"https:\/\/mouldking.store\/fr\/wp-json\/wp\/v2\/media\/23887"}],"wp:attachment":[{"href":"https:\/\/mouldking.store\/fr\/wp-json\/wp\/v2\/media?parent=23889"}],"wp:term":[{"taxonomy":"product_cat","embeddable":true,"href":"https:\/\/mouldking.store\/fr\/wp-json\/wp\/v2\/product_cat?post=23889"},{"taxonomy":"product_tag","embeddable":true,"href":"https:\/\/mouldking.store\/fr\/wp-json\/wp\/v2\/product_tag?post=23889"}],"curies":[{"name":"wp","href":"https:\/\/api.w.org\/{rel}","templated":true}]}}