{"id":23934,"date":"2021-10-10T05:05:44","date_gmt":"2021-10-09T22:05:44","guid":{"rendered":"https:\/\/mouldking.store\/shop\/moc-66566-mercedes-amg-gt-r-roadster-2020-b-model-technic-by-buildme-moc-factory\/"},"modified":"2025-12-25T09:20:08","modified_gmt":"2025-12-25T02:20:08","slug":"moc-66566-mercedes-amg-gt-r-roadster-2020-b-model-technic-by-buildme-moc-factory","status":"publish","type":"product","link":"https:\/\/mouldking.store\/fr\/shop\/moc-66566-mercedes-amg-gt-r-roadster-2020-b-model-technic-by-buildme-moc-factory\/","title":{"rendered":"MOC-66566 Mercedes-AMG GT R Roadster 2020 - Mod\u00e8le B Technic par buildme MOC FACTORY"},"content":{"rendered":"<p style=\"text-align: center\">MOC-66566 Mercedes-AMG GT R Roadster 2020 - Mod\u00e8le B Technic par buildme MOC FACTORY est un ensemble de la collection Technic, con\u00e7u par buildme. Ce MOC 66566 est livr\u00e9 avec des instructions PDF faciles \u00e0 construire et \u00e0 trouver les pi\u00e8ces manquantes. L&#039;ensemble contient 1179 pi\u00e8ces, sorties pour la premi\u00e8re fois en 2021.<\/p>\n<figure id=\"attachment_205127\" aria-describedby=\"caption-attachment-205127\" style=\"width: 800px\" class=\"wp-caption aligncenter\"><a href=\"https:\/\/pay.lpwstore.com\/wp-content\/uploads\/2021\/04\/MOC-66566-Mercedes-AMG-GT-R-Roadster-2020-B-model-Technic-by-buildme-MOC-FACTORY.jpg\" target=\"_blank\" rel=\"noopener\"><img fetchpriority=\"high\" decoding=\"async\" class=\"wp-image-205127 size-full\" title=\"MOC-66566 Mercedes-AMG GT R Roadster 2020 - Mod\u00e8le B Technic par buildme MOC FACTORY\" src=\"https:\/\/pay.lpwstore.com\/wp-content\/uploads\/2021\/04\/MOC-66566-Mercedes-AMG-GT-R-Roadster-2020-B-model-Technic-by-buildme-MOC-FACTORY.jpg\" alt=\"MOC-66566 Mercedes-AMG GT R Roadster 2020 - B model Technic by buildme MOC FACTORY\" width=\"800\" height=\"800\" \/><\/a><figcaption id=\"caption-attachment-205127\" class=\"wp-caption-text\">MOC-66566 Mercedes-AMG GT R Roadster 2020 - Mod\u00e8le B Technic par buildme MOC FACTORY<\/figcaption><\/figure>\n<p><img decoding=\"async\" class=\"alignnone size-full wp-image-205128 aligncenter\" src=\"https:\/\/pay.lpwstore.com\/wp-content\/uploads\/2021\/04\/MOC-66566-Mercedes-AMG-GT-R-Roadster-2020-B-model-Technic-by-buildme-MOC-FACTORY-2.jpg\" alt=\"MOC-66566-Mercedes-AMG-GT-R-Roadster-2020---B-model-Technic-by-buildme-MOC-FACTORY-2\" width=\"800\" height=\"800\" title=\"-\"> <img decoding=\"async\" class=\"alignnone size-full wp-image-205129 aligncenter\" src=\"https:\/\/pay.lpwstore.com\/wp-content\/uploads\/2021\/04\/MOC-66566-Mercedes-AMG-GT-R-Roadster-2020-B-model-Technic-by-buildme-MOC-FACTORY-3.jpg\" alt=\"-\" width=\"800\" height=\"800\" title=\"-\"><\/p>","protected":false},"excerpt":{"rendered":"<ul>\n<li>Inclure<strong> 1179+<\/strong>\u00a0pi\u00e8ces<\/li>\n<li>Instruction PDF en ligne<\/li>\n<li>Bloc ABS de haute qualit\u00e9<\/li>\n<li>Dimensions : 32 x 16 x 10 cm<\/li>\n<\/ul>","protected":false},"featured_media":23931,"comment_status":"open","ping_status":"closed","template":"","meta":{"_acf_changed":false},"product_cat":[364],"product_tag":[],"class_list":["product","first","outofstock","shipping-taxable","purchasable","product-type-simple"],"acf":[],"_links":{"self":[{"href":"https:\/\/mouldking.store\/fr\/wp-json\/wp\/v2\/product\/23934","targetHints":{"allow":["GET"]}}],"collection":[{"href":"https:\/\/mouldking.store\/fr\/wp-json\/wp\/v2\/product"}],"about":[{"href":"https:\/\/mouldking.store\/fr\/wp-json\/wp\/v2\/types\/product"}],"replies":[{"embeddable":true,"href":"https:\/\/mouldking.store\/fr\/wp-json\/wp\/v2\/comments?post=23934"}],"wp:featuredmedia":[{"embeddable":true,"href":"https:\/\/mouldking.store\/fr\/wp-json\/wp\/v2\/media\/23931"}],"wp:attachment":[{"href":"https:\/\/mouldking.store\/fr\/wp-json\/wp\/v2\/media?parent=23934"}],"wp:term":[{"taxonomy":"product_cat","embeddable":true,"href":"https:\/\/mouldking.store\/fr\/wp-json\/wp\/v2\/product_cat?post=23934"},{"taxonomy":"product_tag","embeddable":true,"href":"https:\/\/mouldking.store\/fr\/wp-json\/wp\/v2\/product_tag?post=23934"}],"curies":[{"name":"wp","href":"https:\/\/api.w.org\/{rel}","templated":true}]}}